{"id":29030,"date":"2024-01-25T11:29:21","date_gmt":"2024-01-25T14:29:21","guid":{"rendered":"https:\/\/bergsteinlaw.com\/?page_id=29030"},"modified":"2024-02-21T17:53:47","modified_gmt":"2024-02-21T20:53:47","slug":"el-31-de-diciembre-y-el-impuesto-al-patrimonio-de-las-personas-fisicas","status":"publish","type":"page","link":"https:\/\/bergsteinlaw.com\/en\/el-31-de-diciembre-y-el-impuesto-al-patrimonio-de-las-personas-fisicas\/","title":{"rendered":"(Espa\u00f1ol) El 31 de diciembre y el Impuesto al Patrimonio de las Personas F\u00edsicas"},"content":{"rendered":"\t\t<div data-elementor-type=\"wp-page\" data-elementor-id=\"29030\" class=\"elementor elementor-29030\">\n\t\t\t\t\t\t<div class=\"elementor-inner\">\n\t\t\t\t<div class=\"elementor-section-wrap\">\n\t\t\t\t\t\t\t\t\t<section class=\"elementor-section elementor-top-section elementor-element elementor-element-7cc02b2 elementor-section-full_width elementor-section-content-middle elementor-section-stretched cyg--cabezal elementor-section-height-default elementor-section-height-default sc_fly_static\" data-id=\"7cc02b2\" data-element_type=\"section\" data-settings=\"{&quot;stretch_section&quot;:&quot;section-stretched&quot;,&quot;background_background&quot;:&quot;classic&quot;}\">\n\t\t\t\t\t\t<div class=\"elementor-container elementor-column-gap-extended\">\n\t\t\t\t\t\t\t<div class=\"elementor-row\">\n\t\t\t\t\t<div class=\"elementor-column elementor-col-100 elementor-top-column elementor-element elementor-element-e1deec3 sc_inner_width_none sc_content_align_inherit sc_layouts_column_icons_position_left sc_fly_static\" data-id=\"e1deec3\" data-element_type=\"column\">\n\t\t\t<div class=\"elementor-column-wrap elementor-element-populated\">\n\t\t\t\t\t\t\t<div class=\"elementor-widget-wrap\">\n\t\t\t\t\t\t<div class=\"elementor-element elementor-element-64e3452 sc_fly_static elementor-widget elementor-widget-text-editor\" data-id=\"64e3452\" data-element_type=\"widget\" data-widget_type=\"text-editor.default\">\n\t\t\t\t<div class=\"elementor-widget-container\">\n\t\t\t\t\t\t\t\t<div class=\"elementor-text-editor elementor-clearfix\">\n\t\t\t\t<h2>Reporte TRIBUTARIO N\u00b059<\/h2>\t\t\t\t\t<\/div>\n\t\t\t\t\t\t<\/div>\n\t\t\t\t<\/div>\n\t\t\t\t\t\t<\/div>\n\t\t\t\t\t<\/div>\n\t\t<\/div>\n\t\t\t\t\t\t\t\t<\/div>\n\t\t\t\t\t<\/div>\n\t\t<\/section>\n\t\t\t\t<section class=\"elementor-section elementor-top-section elementor-element elementor-element-03c93e1 elementor-section-boxed elementor-section-height-default elementor-section-height-default sc_fly_static\" data-id=\"03c93e1\" data-element_type=\"section\">\n\t\t\t\t\t\t<div class=\"elementor-container elementor-column-gap-extended\">\n\t\t\t\t\t\t\t<div class=\"elementor-row\">\n\t\t\t\t\t<div class=\"elementor-column elementor-col-66 elementor-top-column elementor-element elementor-element-f848534 cyg--cont-content sc_inner_width_none sc_content_align_inherit sc_layouts_column_icons_position_left sc_fly_static\" data-id=\"f848534\" data-element_type=\"column\">\n\t\t\t<div class=\"elementor-column-wrap elementor-element-populated\">\n\t\t\t\t\t\t\t<div class=\"elementor-widget-wrap\">\n\t\t\t\t\t\t<div class=\"elementor-element elementor-element-4ad6161 sc_fly_static elementor-widget elementor-widget-heading\" data-id=\"4ad6161\" data-element_type=\"widget\" data-widget_type=\"heading.default\">\n\t\t\t\t<div class=\"elementor-widget-container\">\n\t\t\t<h1 class=\"elementor-heading-title elementor-size-large\">El 31 de diciembre y el Impuesto al Patrimonio de las Personas F\u00edsicas<\/h1>\t\t<\/div>\n\t\t\t\t<\/div>\n\t\t\t\t<div class=\"elementor-element elementor-element-81aef55 elementor-widget__width-initial sc_fly_static elementor-widget elementor-widget-text-editor\" data-id=\"81aef55\" data-element_type=\"widget\" data-widget_type=\"text-editor.default\">\n\t\t\t\t<div class=\"elementor-widget-container\">\n\t\t\t\t\t\t\t\t<div class=\"elementor-text-editor elementor-clearfix\">\n\t\t\t\t<p>El 31 de diciembre suele ser una fecha de celebraci\u00f3n y reencuentro familiar. Pero la felicidad no puede ser total: los impuestos (incluido el Impuesto al Patrimonio) tambi\u00e9n golpean la puerta.<\/p><p>Por eso es oportuno recordar que el Impuesto al Patrimonio (el \u201cIPAT\u201d) grava los activos que las personas f\u00edsicas mantienen en Uruguay al 31 de diciembre de cada a\u00f1o. Los principales activos que inciden a efectos del IPAT son los inmuebles, autom\u00f3viles, dep\u00f3sitos en bancos uruguayos y cr\u00e9ditos o cuentas a cobrar con sociedades locales, incluidos los cr\u00e9ditos que el accionista o director pudieren tener contra la sociedad de la cual fueren accionistas o directores. De ah\u00ed que en esta \u00e9poca del a\u00f1o sea frecuente que las sociedades procedan a la cancelaci\u00f3n de ese tipo de pasivos, que no son deducibles para la sociedad uruguaya, as\u00ed como tambi\u00e9n a la adquisici\u00f3n de activos exentos (ejemplo: bonos de tesoro o letras de tesorer\u00eda del Estado uruguayo).<\/p><p>El IPAT cuenta con un m\u00ednimo no imponible: solamente lo abonan las personas f\u00edsicas que tengan un patrimonio fiscal superior a (aproximadamente) USD 150.000, importe que se duplica en caso que se opte por pagar dicho impuesto (junto al c\u00f3nyuge) como n\u00facleo familiar. En principio las tasas son del 0,1% o 0,3%.<\/p><p>Por fin, los contribuyentes del Impuesto a las Rentas de las Actividades Econ\u00f3micas (el \u201cIRAE\u201d) deben pagar el IPAT (en calidad de responsables) por las deudas mantenidas con personas del exterior (salvo deudas financieras y saldos de precios de importaci\u00f3n de bienes). Los contribuyentes de IRAE est\u00e1n obligados a retener (por concepto de IPAT) el monto equivalente a 1,5% de los cr\u00e9ditos que contra ellos mantuviere cualquier sujeto del exterior al 31 de diciembre. Dicho porcentaje asciende a 3% en el caso de que el acreedor (del exterior) fuese una entidad localizada en una jurisdicci\u00f3n de baja o nula tributaci\u00f3n.<\/p>\t\t\t\t\t<\/div>\n\t\t\t\t\t\t<\/div>\n\t\t\t\t<\/div>\n\t\t\t\t\t\t<\/div>\n\t\t\t\t\t<\/div>\n\t\t<\/div>\n\t\t\t\t<div class=\"elementor-column elementor-col-33 elementor-top-column elementor-element elementor-element-46bd75e cyg--sidebar sc_inner_width_none sc_content_align_inherit sc_layouts_column_icons_position_left sc_fly_static\" data-id=\"46bd75e\" data-element_type=\"column\">\n\t\t\t<div class=\"elementor-column-wrap elementor-element-populated\">\n\t\t\t\t\t\t\t<div class=\"elementor-widget-wrap\">\n\t\t\t\t\t\t<div class=\"elementor-element elementor-element-b4ea192 sc_fly_static elementor-widget elementor-widget-text-editor\" data-id=\"b4ea192\" data-element_type=\"widget\" data-widget_type=\"text-editor.default\">\n\t\t\t\t<div class=\"elementor-widget-container\">\n\t\t\t\t\t\t\t\t<div class=\"elementor-text-editor elementor-clearfix\">\n\t\t\t\t<h5>Need more information?<\/h5><h6>CONTACT US<\/h6>\t\t\t\t\t<\/div>\n\t\t\t\t\t\t<\/div>\n\t\t\t\t<\/div>\n\t\t\t\t<div class=\"elementor-element elementor-element-d3bdebb sc_fly_static elementor-widget elementor-widget-shortcode\" data-id=\"d3bdebb\" data-element_type=\"widget\" data-widget_type=\"shortcode.default\">\n\t\t\t\t<div class=\"elementor-widget-container\">\n\t\t\t\t\t<div class=\"elementor-shortcode\">\n<div class=\"wpcf7 no-js\" id=\"wpcf7-f5597-o1\" lang=\"en-US\" dir=\"ltr\">\n<div class=\"screen-reader-response\"><p role=\"status\" aria-live=\"polite\" aria-atomic=\"true\"><\/p> <ul><\/ul><\/div>\n<form action=\"\/en\/wp-json\/wp\/v2\/pages\/29030#wpcf7-f5597-o1\" method=\"post\" class=\"wpcf7-form init\" aria-label=\"Contact form\" novalidate=\"novalidate\" data-status=\"init\">\n<div style=\"display: none;\">\n<input type=\"hidden\" name=\"_wpcf7\" value=\"5597\" \/>\n<input type=\"hidden\" name=\"_wpcf7_version\" value=\"5.8.3\" \/>\n<input type=\"hidden\" name=\"_wpcf7_locale\" value=\"en_US\" \/>\n<input type=\"hidden\" name=\"_wpcf7_unit_tag\" value=\"wpcf7-f5597-o1\" \/>\n<input type=\"hidden\" name=\"_wpcf7_container_post\" value=\"0\" \/>\n<input type=\"hidden\" name=\"_wpcf7_posted_data_hash\" value=\"\" \/>\n<\/div>\n<p><span class=\"wpcf7-form-control-wrap\" data-name=\"nombre\"><input size=\"40\" class=\"wpcf7-form-control wpcf7-text wpcf7-validates-as-required\" aria-required=\"true\" aria-invalid=\"false\" placeholder=\"Name\" value=\"\" type=\"text\" name=\"nombre\" \/><\/span><br \/>\n<span class=\"wpcf7-form-control-wrap\" data-name=\"correo\"><input size=\"40\" class=\"wpcf7-form-control wpcf7-email wpcf7-validates-as-required wpcf7-text wpcf7-validates-as-email\" aria-required=\"true\" aria-invalid=\"false\" placeholder=\"E-mail\" value=\"\" type=\"email\" name=\"correo\" \/><\/span><br \/>\n<span class=\"wpcf7-form-control-wrap\" data-name=\"msj\"><textarea cols=\"40\" rows=\"10\" class=\"wpcf7-form-control wpcf7-textarea\" aria-invalid=\"false\" placeholder=\"Message\" name=\"msj\"><\/textarea><\/span><br \/>\n<input class=\"wpcf7-form-control wpcf7-submit has-spinner\" id=\"submit\" type=\"submit\" value=\"Send\" \/>\n<\/p><div class=\"wpcf7-response-output\" aria-hidden=\"true\"><\/div>\n<\/form>\n<\/div>\n<\/div>\n\t\t\t\t<\/div>\n\t\t\t\t<\/div>\n\t\t\t\t\t\t<\/div>\n\t\t\t\t\t<\/div>\n\t\t<\/div>\n\t\t\t\t\t\t\t\t<\/div>\n\t\t\t\t\t<\/div>\n\t\t<\/section>\n\t\t\t\t<section class=\"elementor-section elementor-top-section elementor-element elementor-element-cf54101 elementor-section-boxed elementor-section-height-default elementor-section-height-default sc_fly_static\" data-id=\"cf54101\" data-element_type=\"section\">\n\t\t\t\t\t\t<div class=\"elementor-container elementor-column-gap-extended\">\n\t\t\t\t\t\t\t<div class=\"elementor-row\">\n\t\t\t\t\t<div class=\"elementor-column elementor-col-100 elementor-top-column elementor-element elementor-element-785363d sc_inner_width_none sc_content_align_inherit sc_layouts_column_icons_position_left sc_fly_static\" data-id=\"785363d\" data-element_type=\"column\">\n\t\t\t<div class=\"elementor-column-wrap elementor-element-populated\">\n\t\t\t\t\t\t\t<div class=\"elementor-widget-wrap\">\n\t\t\t\t\t\t<div class=\"elementor-element elementor-element-7fb9ee7 sc_fly_static elementor-widget elementor-widget-image\" data-id=\"7fb9ee7\" data-element_type=\"widget\" data-widget_type=\"image.default\">\n\t\t\t\t<div class=\"elementor-widget-container\">\n\t\t\t\t\t\t\t\t<div class=\"elementor-image\">\n\t\t\t\t\t\t\t\t\t\t\t\t<img decoding=\"async\" loading=\"lazy\" width=\"1370\" height=\"2\" src=\"https:\/\/bergsteinlaw.com\/wp-content\/uploads\/2023\/06\/separador.png\" class=\"attachment-full size-full wp-image-20694\" alt=\"\" srcset=\"https:\/\/bergsteinlaw.com\/wp-content\/uploads\/2023\/06\/separador.png 1370w, https:\/\/bergsteinlaw.com\/wp-content\/uploads\/2023\/06\/separador-300x1.png 300w, https:\/\/bergsteinlaw.com\/wp-content\/uploads\/2023\/06\/separador-1024x1.png 1024w, https:\/\/bergsteinlaw.com\/wp-content\/uploads\/2023\/06\/separador-150x2.png 150w, https:\/\/bergsteinlaw.com\/wp-content\/uploads\/2023\/06\/separador-768x1.png 768w, https:\/\/bergsteinlaw.com\/wp-content\/uploads\/2023\/06\/separador-370x2.png 370w, https:\/\/bergsteinlaw.com\/wp-content\/uploads\/2023\/06\/separador-1290x2.png 1290w, https:\/\/bergsteinlaw.com\/wp-content\/uploads\/2023\/06\/separador-840x1.png 840w, https:\/\/bergsteinlaw.com\/wp-content\/uploads\/2023\/06\/separador-410x1.png 410w, https:\/\/bergsteinlaw.com\/wp-content\/uploads\/2023\/06\/separador-120x2.png 120w, https:\/\/bergsteinlaw.com\/wp-content\/uploads\/2023\/06\/separador-570x2.png 570w, https:\/\/bergsteinlaw.com\/wp-content\/uploads\/2023\/06\/separador-650x2.png 650w, https:\/\/bergsteinlaw.com\/wp-content\/uploads\/2023\/06\/separador-890x2.png 890w, https:\/\/bergsteinlaw.com\/wp-content\/uploads\/2023\/06\/separador-270x2.png 270w\" sizes=\"(max-width: 1370px) 100vw, 1370px\" \/>\t\t\t\t\t\t\t\t\t\t\t\t\t\t<\/div>\n\t\t\t\t\t\t<\/div>\n\t\t\t\t<\/div>\n\t\t\t\t\t\t<\/div>\n\t\t\t\t\t<\/div>\n\t\t<\/div>\n\t\t\t\t\t\t\t\t<\/div>\n\t\t\t\t\t<\/div>\n\t\t<\/section>\n\t\t\t\t<section class=\"elementor-section elementor-top-section elementor-element elementor-element-58fb9fa elementor-section-boxed elementor-section-height-default elementor-section-height-default sc_fly_static\" data-id=\"58fb9fa\" data-element_type=\"section\">\n\t\t\t\t\t\t<div class=\"elementor-container elementor-column-gap-extended\">\n\t\t\t\t\t\t\t<div class=\"elementor-row\">\n\t\t\t\t\t<div class=\"elementor-column elementor-col-100 elementor-top-column elementor-element elementor-element-b55985f sc_inner_width_none sc_content_align_inherit sc_layouts_column_icons_position_left sc_fly_static\" data-id=\"b55985f\" data-element_type=\"column\">\n\t\t\t<div class=\"elementor-column-wrap\">\n\t\t\t\t\t\t\t<div class=\"elementor-widget-wrap\">\n\t\t\t\t\t\t\t\t<\/div>\n\t\t\t\t\t<\/div>\n\t\t<\/div>\n\t\t\t\t\t\t\t\t<\/div>\n\t\t\t\t\t<\/div>\n\t\t<\/section>\n\t\t\t\t<section class=\"elementor-section elementor-top-section elementor-element elementor-element-4017b84 cyg--otras-areas elementor-section-content-top elementor-section-boxed elementor-section-height-default elementor-section-height-default sc_fly_static\" data-id=\"4017b84\" data-element_type=\"section\">\n\t\t\t\t\t\t<div class=\"elementor-container elementor-column-gap-extended\">\n\t\t\t\t\t\t\t<div class=\"elementor-row\">\n\t\t\t\t\t<div class=\"elementor-column elementor-col-25 elementor-top-column elementor-element elementor-element-4c721cb sc_inner_width_none sc_content_align_inherit sc_layouts_column_icons_position_left sc_fly_static\" data-id=\"4c721cb\" data-element_type=\"column\">\n\t\t\t<div class=\"elementor-column-wrap elementor-element-populated\">\n\t\t\t\t\t\t\t<div class=\"elementor-widget-wrap\">\n\t\t\t\t\t\t<div class=\"elementor-element elementor-element-b99d576 sc_fly_static elementor-widget elementor-widget-html\" data-id=\"b99d576\" data-element_type=\"widget\" data-widget_type=\"html.default\">\n\t\t\t\t<div class=\"elementor-widget-container\">\n\t\t\t\r\n<a href=\"https:\/\/bergsteinlaw.com\/areas-de-practica\/corporativo\/\">Corporate<\/a><br><br><a href=\"https:\/\/bergsteinlaw.com\/areas-de-practica\/telecomunicaciones\">Telecomunications<\/a><br><br><a href=\"https:\/\/bergsteinlaw.com\/areas-de-practica\/proteccion-de-datos-personales\/\">Data Protection - Privacy<\/a><br><br>\r\n<a href=\"https:\/\/bergsteinlaw.com\/areas-de-practica\/defensa-de-la-competencia\/\">Competition Law &amp; Anti-Trust<\/a>\t\t<\/div>\n\t\t\t\t<\/div>\n\t\t\t\t\t\t<\/div>\n\t\t\t\t\t<\/div>\n\t\t<\/div>\n\t\t\t\t<div class=\"elementor-column elementor-col-25 elementor-top-column elementor-element elementor-element-03adcfe sc_inner_width_none sc_content_align_inherit sc_layouts_column_icons_position_left sc_fly_static\" data-id=\"03adcfe\" data-element_type=\"column\">\n\t\t\t<div class=\"elementor-column-wrap elementor-element-populated\">\n\t\t\t\t\t\t\t<div class=\"elementor-widget-wrap\">\n\t\t\t\t\t\t<div class=\"elementor-element elementor-element-dc3bd0c sc_fly_static elementor-widget elementor-widget-html\" data-id=\"dc3bd0c\" data-element_type=\"widget\" data-widget_type=\"html.default\">\n\t\t\t\t<div class=\"elementor-widget-container\">\n\t\t\t\r\n<a href=\"https:\/\/bergsteinlaw.com\/areas-de-practica\/litigios\/\">Litigation\/Arbitration<\/a><br><br><a href=\"https:\/\/bergsteinlaw.com\/areas-de-practica\/derecho-bancario\/\">Banking Law<\/a><br><br><a href=\"https:\/\/bergsteinlaw.com\/areas-de-practica\/propiedad-intelectual-e-industrial\/\">Industrial and Intellectual Property<\/a><a>\r\n<\/a><br><br>\r\n<a href=\"https:\/\/bergsteinlaw.com\/areas-de-practica\/derecho-laboral\/\">Labor and Employment<\/a>\t\t<\/div>\n\t\t\t\t<\/div>\n\t\t\t\t\t\t<\/div>\n\t\t\t\t\t<\/div>\n\t\t<\/div>\n\t\t\t\t<div class=\"elementor-column elementor-col-25 elementor-top-column elementor-element elementor-element-f611165 sc_inner_width_none sc_content_align_inherit sc_layouts_column_icons_position_left sc_fly_static\" data-id=\"f611165\" data-element_type=\"column\">\n\t\t\t<div class=\"elementor-column-wrap elementor-element-populated\">\n\t\t\t\t\t\t\t<div class=\"elementor-widget-wrap\">\n\t\t\t\t\t\t<div class=\"elementor-element elementor-element-846faf5 sc_fly_static elementor-widget elementor-widget-html\" data-id=\"846faf5\" data-element_type=\"widget\" data-widget_type=\"html.default\">\n\t\t\t\t<div class=\"elementor-widget-container\">\n\t\t\t<a href=\"https:\/\/bergsteinlaw.com\/areas-de-practica\/negocios-inmobiliarios-agropecuarios\/\">Real Estate &amp; AgriBusiness<br>\r\n\t<\/a><a href=\"https:\/\/bergsteinlaw.com\/areas-de-practica\/proyectos-de-inversion\/\/\"><br>\r\n\tInvestment Projects<br>\r\n\t<\/a><a href=\"https:\/\/bergsteinlaw.com\/areas-de-practica\/mineria-gas-petroleo\/\"><br>\r\n\tMining, Oil and Gas<br>\r\n\t<\/a><a href=\"https:\/\/bergsteinlaw.com\/areas-de-practica\/ciencias-de-la-vida\/\"><br>\r\n\tLife Sciences<\/a>\t\t<\/div>\n\t\t\t\t<\/div>\n\t\t\t\t\t\t<\/div>\n\t\t\t\t\t<\/div>\n\t\t<\/div>\n\t\t\t\t<div class=\"elementor-column elementor-col-25 elementor-top-column elementor-element elementor-element-86c92be sc_inner_width_none sc_content_align_inherit sc_layouts_column_icons_position_left sc_fly_static\" data-id=\"86c92be\" data-element_type=\"column\">\n\t\t\t<div class=\"elementor-column-wrap elementor-element-populated\">\n\t\t\t\t\t\t\t<div class=\"elementor-widget-wrap\">\n\t\t\t\t\t\t<div class=\"elementor-element elementor-element-34fd866 sc_fly_static elementor-widget elementor-widget-html\" data-id=\"34fd866\" data-element_type=\"widget\" data-widget_type=\"html.default\">\n\t\t\t\t<div class=\"elementor-widget-container\">\n\t\t\t<a href=\"https:\/\/bergsteinlaw.com\/areas-de-practica\/asesoramiento-contable-y-outsourcing\/\">Accounting and Outsourcing<\/a>\r\n<br>\r\n<br>\r\n<a href=\"https:\/\/bergsteinlaw.com\/areas-de-practica\/derecho-publico\/\">Constitutional and Administrative Law<\/a><br>\r\n<br>\r\n<a href=\"https:\/\/bergsteinlaw.com\/areas-de-practica\/seguros\/\">Insurance<\/a><br>\r\n<br>\r\n<a href=\"https:\/\/bergsteinlaw.com\/areas-de-practica\/practica-inmigratoria\/\">Pr\u00e1ctica Inmigratoria<\/a>\t\t<\/div>\n\t\t\t\t<\/div>\n\t\t\t\t\t\t<\/div>\n\t\t\t\t\t<\/div>\n\t\t<\/div>\n\t\t\t\t\t\t\t\t<\/div>\n\t\t\t\t\t<\/div>\n\t\t<\/section>\n\t\t\t\t<section class=\"elementor-section elementor-top-section elementor-element elementor-element-4ac95f0 elementor-section-boxed elementor-section-height-default elementor-section-height-default sc_fly_static\" data-id=\"4ac95f0\" data-element_type=\"section\">\n\t\t\t\t\t\t<div class=\"elementor-container elementor-column-gap-extended\">\n\t\t\t\t\t\t\t<div class=\"elementor-row\">\n\t\t\t\t\t<div class=\"elementor-column elementor-col-100 elementor-top-column elementor-element elementor-element-b0132f4 sc_inner_width_none sc_content_align_inherit sc_layouts_column_icons_position_left sc_fly_static\" data-id=\"b0132f4\" data-element_type=\"column\">\n\t\t\t<div class=\"elementor-column-wrap elementor-element-populated\">\n\t\t\t\t\t\t\t<div class=\"elementor-widget-wrap\">\n\t\t\t\t\t\t\t\t<\/div>\n\t\t\t\t\t<\/div>\n\t\t<\/div>\n\t\t\t\t\t\t\t\t<\/div>\n\t\t\t\t\t<\/div>\n\t\t<\/section>\n\t\t\t\t\t\t\t\t\t<\/div>\n\t\t\t<\/div>\n\t\t\t\t\t<\/div>\n\t\t","protected":false},"excerpt":{"rendered":"<p>Reporte TRIBUTARIO N\u00b059 El 31 de diciembre y el Impuesto al Patrimonio de las Personas F\u00edsicas El 31 de diciembre suele ser una fecha de celebraci\u00f3n y reencuentro familiar. Pero&hellip;<\/p>\n","protected":false},"author":3,"featured_media":0,"parent":0,"menu_order":0,"comment_status":"closed","ping_status":"closed","template":"","meta":{"footnotes":""},"acf":[],"_links":{"self":[{"href":"https:\/\/bergsteinlaw.com\/en\/wp-json\/wp\/v2\/pages\/29030"}],"collection":[{"href":"https:\/\/bergsteinlaw.com\/en\/wp-json\/wp\/v2\/pages"}],"about":[{"href":"https:\/\/bergsteinlaw.com\/en\/wp-json\/wp\/v2\/types\/page"}],"author":[{"embeddable":true,"href":"https:\/\/bergsteinlaw.com\/en\/wp-json\/wp\/v2\/users\/3"}],"replies":[{"embeddable":true,"href":"https:\/\/bergsteinlaw.com\/en\/wp-json\/wp\/v2\/comments?post=29030"}],"version-history":[{"count":8,"href":"https:\/\/bergsteinlaw.com\/en\/wp-json\/wp\/v2\/pages\/29030\/revisions"}],"predecessor-version":[{"id":29556,"href":"https:\/\/bergsteinlaw.com\/en\/wp-json\/wp\/v2\/pages\/29030\/revisions\/29556"}],"wp:attachment":[{"href":"https:\/\/bergsteinlaw.com\/en\/wp-json\/wp\/v2\/media?parent=29030"}],"curies":[{"name":"wp","href":"https:\/\/api.w.org\/{rel}","templated":true}]}}