{"id":30125,"date":"2024-07-16T14:40:46","date_gmt":"2024-07-16T17:40:46","guid":{"rendered":"https:\/\/bergsteinlaw.com\/?page_id=30125"},"modified":"2024-07-16T14:43:34","modified_gmt":"2024-07-16T17:43:34","slug":"exoneracion-de-imesi-en-favor-de-las-empresas-funebres","status":"publish","type":"page","link":"https:\/\/bergsteinlaw.com\/en\/exoneracion-de-imesi-en-favor-de-las-empresas-funebres\/","title":{"rendered":"(Espa\u00f1ol) Exoneraci\u00f3n de IMESI en favor de las empresas f\u00fanebres"},"content":{"rendered":"\t\t<div data-elementor-type=\"wp-page\" data-elementor-id=\"30125\" class=\"elementor elementor-30125\">\n\t\t\t\t\t\t<div class=\"elementor-inner\">\n\t\t\t\t<div class=\"elementor-section-wrap\">\n\t\t\t\t\t\t\t\t\t<section class=\"elementor-section elementor-top-section elementor-element elementor-element-7cc02b2 elementor-section-full_width elementor-section-content-middle elementor-section-stretched cyg--cabezal elementor-section-height-default elementor-section-height-default sc_fly_static\" data-id=\"7cc02b2\" data-element_type=\"section\" data-settings=\"{&quot;stretch_section&quot;:&quot;section-stretched&quot;,&quot;background_background&quot;:&quot;classic&quot;}\">\n\t\t\t\t\t\t<div class=\"elementor-container elementor-column-gap-extended\">\n\t\t\t\t\t\t\t<div class=\"elementor-row\">\n\t\t\t\t\t<div class=\"elementor-column elementor-col-100 elementor-top-column elementor-element elementor-element-e1deec3 sc_inner_width_none sc_content_align_inherit sc_layouts_column_icons_position_left sc_fly_static\" data-id=\"e1deec3\" data-element_type=\"column\">\n\t\t\t<div class=\"elementor-column-wrap elementor-element-populated\">\n\t\t\t\t\t\t\t<div class=\"elementor-widget-wrap\">\n\t\t\t\t\t\t<div class=\"elementor-element elementor-element-64e3452 sc_fly_static elementor-widget elementor-widget-text-editor\" data-id=\"64e3452\" data-element_type=\"widget\" data-widget_type=\"text-editor.default\">\n\t\t\t\t<div class=\"elementor-widget-container\">\n\t\t\t\t\t\t\t\t<div class=\"elementor-text-editor elementor-clearfix\">\n\t\t\t\t<h2>Reporte TRIBUTARIO N\u00b062<\/h2>\t\t\t\t\t<\/div>\n\t\t\t\t\t\t<\/div>\n\t\t\t\t<\/div>\n\t\t\t\t\t\t<\/div>\n\t\t\t\t\t<\/div>\n\t\t<\/div>\n\t\t\t\t\t\t\t\t<\/div>\n\t\t\t\t\t<\/div>\n\t\t<\/section>\n\t\t\t\t<section class=\"elementor-section elementor-top-section elementor-element elementor-element-03c93e1 elementor-section-boxed elementor-section-height-default elementor-section-height-default sc_fly_static\" data-id=\"03c93e1\" data-element_type=\"section\">\n\t\t\t\t\t\t<div class=\"elementor-container elementor-column-gap-extended\">\n\t\t\t\t\t\t\t<div class=\"elementor-row\">\n\t\t\t\t\t<div class=\"elementor-column elementor-col-66 elementor-top-column elementor-element elementor-element-f848534 cyg--cont-content sc_inner_width_none sc_content_align_inherit sc_layouts_column_icons_position_left sc_fly_static\" data-id=\"f848534\" data-element_type=\"column\">\n\t\t\t<div class=\"elementor-column-wrap elementor-element-populated\">\n\t\t\t\t\t\t\t<div class=\"elementor-widget-wrap\">\n\t\t\t\t\t\t<div class=\"elementor-element elementor-element-4ad6161 sc_fly_static elementor-widget elementor-widget-heading\" data-id=\"4ad6161\" data-element_type=\"widget\" data-widget_type=\"heading.default\">\n\t\t\t\t<div class=\"elementor-widget-container\">\n\t\t\t<h1 class=\"elementor-heading-title elementor-size-large\">Exoneraci\u00f3n de IMESI en favor de las empresas f\u00fanebres<\/h1>\t\t<\/div>\n\t\t\t\t<\/div>\n\t\t\t\t<div class=\"elementor-element elementor-element-81aef55 elementor-widget__width-initial sc_fly_static elementor-widget elementor-widget-text-editor\" data-id=\"81aef55\" data-element_type=\"widget\" data-widget_type=\"text-editor.default\">\n\t\t\t\t<div class=\"elementor-widget-container\">\n\t\t\t\t\t\t\t\t<div class=\"elementor-text-editor elementor-clearfix\">\n\t\t\t\t<p>El Tribunal de lo Contencioso Administrativo (TCA), mediante Sentencia N\u00b0 60\/024, aclar\u00f3 varios aspectos vinculados con el alcance de los requisitos exigidos para ampararse en dicha exoneraci\u00f3n.<\/p>\n<p><span style=\"font-family: var(--font-source-pro); font-size: 0.85rem; color: var(--theme-color-text); letter-spacing: 0.1px;\">El 2 de setiembre de 2021 una empresa dedicada a la prestaci\u00f3n de servicios f\u00fanebres (la \u201cEmpresa\u201d) formul\u00f3 una consulta vinculante ante la Direcci\u00f3n General Impositiva (DGI). En la misma plante\u00f3 una situaci\u00f3n relacionada con la adquisici\u00f3n de veh\u00edculos a efectos de dichos servicios.<\/span><\/p>\n<p>En dicho sentido, la Empresa indic\u00f3 que, ante la DGI, aparece registrada con dos (2) giros: el de \u201cservicios f\u00fanebres\u201d y el de \u201ccementerios para humanos y otras actividades conexas\u201d. Sin perjuicio de ello, tambi\u00e9n se\u00f1al\u00f3 que en la realidad desarrollar\u00eda actividades dentro de un \u201cgiro \u00fanico\u201d que involucrar\u00eda un conjunto de servicios comprendidos en el concepto de \u201cpompas f\u00fanebres\u201d.<\/p>\n<p><span style=\"font-family: var(--font-source-pro); font-size: 0.85rem; color: var(--theme-color-text); letter-spacing: 0.1px;\">De all\u00ed que, en opini\u00f3n de la Empresa, ella podr\u00eda beneficiarse de la exoneraci\u00f3n de IMESI que disponen el art\u00edculo 7 del T\u00edtulo 11 del Texto Ordenado de la DGI y el Decreto N\u00b0 178\/999 (el \u201cDecreto\u201d) para ciertos autom\u00f3viles. Recordemos que el art\u00edculo 2 de dicho Decreto establece que, para beneficiarse de la exoneraci\u00f3n, <em>\u201cel giro de la empresa que adquiera o importe los autom\u00f3viles\u2026 deber\u00e1 ser exclusivamente el de remise o pompas f\u00fanebres\u201d.<\/em><\/span><\/p>\n<p>La DGI no estuvo de acuerdo con la opini\u00f3n de la Empresa. Igual que el TCA.<br>En palabras del Tribunal, <em>\u201cpompa\u2026 refiere a la actividad que se realiza cuando una persona fallece, y\u2026 comprende su velatorio y traslado hasta el cementerio. As\u00ed pues, el servicio de pompas f\u00fanebres se distingue en su sentido natural y obvio del servicio de cementerio que comprende otros actos como ser el sepelio, el entierro, inhumaci\u00f3n o cremaci\u00f3n del cad\u00e1ver.<\/em><span style=\"font-family: var(--font-source-pro); font-size: 0.85rem; color: var(--theme-color-text); letter-spacing: 0.1px;\"><em>\u2026<\/em><\/span><\/p>\n<p><em><span style=\"font-family: var(--font-source-pro); font-size: 0.85rem; color: var(--theme-color-text); letter-spacing: 0.1px;\">Para que opere la exoneraci\u00f3n en debate la empresa que adquiera el veh\u00edculo debe tener como giro exclusivo (y excluyente) el de pompas f\u00fanebres, sin poder realizar ninguna otra actividad, aunque pueda considerarse en los hechos como af\u00edn, conexa o complementaria.<\/span><\/em><em style=\"font-family: var(--font-source-pro); font-size: 0.85rem; color: var(--theme-color-text); letter-spacing: 0.1px;\">&nbsp;<\/em><\/p><p><em>En el casus, la actora no califica para acceder a la exoneraci\u00f3n consultada, en atenci\u00f3n a que su giro de actividad no consiste exclusivamente en el servicio de pompas f\u00fanebres, sino que tambi\u00e9n comprende el de cementerio parque. <\/em><br><em>Y aun cuando se consideren como actividades comunes, en los t\u00e9rminos de la disposici\u00f3n exoneratoria se trata de actividades diferentes y divisibles\u2026\u201d<\/em><\/p>\t\t\t\t\t<\/div>\n\t\t\t\t\t\t<\/div>\n\t\t\t\t<\/div>\n\t\t\t\t\t\t<\/div>\n\t\t\t\t\t<\/div>\n\t\t<\/div>\n\t\t\t\t<div class=\"elementor-column elementor-col-33 elementor-top-column elementor-element elementor-element-46bd75e cyg--sidebar sc_inner_width_none sc_content_align_inherit sc_layouts_column_icons_position_left sc_fly_static\" data-id=\"46bd75e\" data-element_type=\"column\">\n\t\t\t<div class=\"elementor-column-wrap elementor-element-populated\">\n\t\t\t\t\t\t\t<div class=\"elementor-widget-wrap\">\n\t\t\t\t\t\t<div class=\"elementor-element elementor-element-b4ea192 sc_fly_static elementor-widget elementor-widget-text-editor\" data-id=\"b4ea192\" data-element_type=\"widget\" data-widget_type=\"text-editor.default\">\n\t\t\t\t<div class=\"elementor-widget-container\">\n\t\t\t\t\t\t\t\t<div class=\"elementor-text-editor elementor-clearfix\">\n\t\t\t\t<h5>Need more information?<\/h5><h6>CONTACT US<\/h6>\t\t\t\t\t<\/div>\n\t\t\t\t\t\t<\/div>\n\t\t\t\t<\/div>\n\t\t\t\t<div class=\"elementor-element elementor-element-d3bdebb sc_fly_static elementor-widget elementor-widget-shortcode\" data-id=\"d3bdebb\" data-element_type=\"widget\" data-widget_type=\"shortcode.default\">\n\t\t\t\t<div class=\"elementor-widget-container\">\n\t\t\t\t\t<div class=\"elementor-shortcode\">\n<div class=\"wpcf7 no-js\" id=\"wpcf7-f5597-o1\" lang=\"en-US\" dir=\"ltr\">\n<div class=\"screen-reader-response\"><p role=\"status\" aria-live=\"polite\" aria-atomic=\"true\"><\/p> <ul><\/ul><\/div>\n<form action=\"\/en\/wp-json\/wp\/v2\/pages\/30125#wpcf7-f5597-o1\" method=\"post\" class=\"wpcf7-form init\" aria-label=\"Contact form\" novalidate=\"novalidate\" data-status=\"init\">\n<div style=\"display: none;\">\n<input type=\"hidden\" name=\"_wpcf7\" value=\"5597\" \/>\n<input type=\"hidden\" name=\"_wpcf7_version\" value=\"5.8.3\" \/>\n<input type=\"hidden\" name=\"_wpcf7_locale\" value=\"en_US\" \/>\n<input type=\"hidden\" name=\"_wpcf7_unit_tag\" value=\"wpcf7-f5597-o1\" \/>\n<input type=\"hidden\" name=\"_wpcf7_container_post\" value=\"0\" \/>\n<input type=\"hidden\" name=\"_wpcf7_posted_data_hash\" value=\"\" \/>\n<\/div>\n<p><span class=\"wpcf7-form-control-wrap\" data-name=\"nombre\"><input size=\"40\" class=\"wpcf7-form-control wpcf7-text wpcf7-validates-as-required\" aria-required=\"true\" aria-invalid=\"false\" placeholder=\"Name\" value=\"\" type=\"text\" name=\"nombre\" \/><\/span><br \/>\n<span class=\"wpcf7-form-control-wrap\" data-name=\"correo\"><input size=\"40\" class=\"wpcf7-form-control wpcf7-email wpcf7-validates-as-required wpcf7-text wpcf7-validates-as-email\" aria-required=\"true\" aria-invalid=\"false\" placeholder=\"E-mail\" value=\"\" type=\"email\" name=\"correo\" \/><\/span><br \/>\n<span class=\"wpcf7-form-control-wrap\" data-name=\"msj\"><textarea cols=\"40\" rows=\"10\" class=\"wpcf7-form-control wpcf7-textarea\" aria-invalid=\"false\" placeholder=\"Message\" name=\"msj\"><\/textarea><\/span><br \/>\n<input class=\"wpcf7-form-control wpcf7-submit has-spinner\" id=\"submit\" type=\"submit\" value=\"Send\" \/>\n<\/p><div class=\"wpcf7-response-output\" aria-hidden=\"true\"><\/div>\n<\/form>\n<\/div>\n<\/div>\n\t\t\t\t<\/div>\n\t\t\t\t<\/div>\n\t\t\t\t\t\t<\/div>\n\t\t\t\t\t<\/div>\n\t\t<\/div>\n\t\t\t\t\t\t\t\t<\/div>\n\t\t\t\t\t<\/div>\n\t\t<\/section>\n\t\t\t\t\t\t\t\t\t<\/div>\n\t\t\t<\/div>\n\t\t\t\t\t<\/div>\n\t\t","protected":false},"excerpt":{"rendered":"<p>Reporte TRIBUTARIO N\u00b062 Exoneraci\u00f3n de IMESI en favor de las empresas f\u00fanebres El Tribunal de lo Contencioso Administrativo (TCA), mediante Sentencia N\u00b0 60\/024, aclar\u00f3 varios aspectos vinculados con el alcance&hellip;<\/p>\n","protected":false},"author":3,"featured_media":0,"parent":0,"menu_order":0,"comment_status":"closed","ping_status":"closed","template":"","meta":{"footnotes":""},"acf":[],"_links":{"self":[{"href":"https:\/\/bergsteinlaw.com\/en\/wp-json\/wp\/v2\/pages\/30125"}],"collection":[{"href":"https:\/\/bergsteinlaw.com\/en\/wp-json\/wp\/v2\/pages"}],"about":[{"href":"https:\/\/bergsteinlaw.com\/en\/wp-json\/wp\/v2\/types\/page"}],"author":[{"embeddable":true,"href":"https:\/\/bergsteinlaw.com\/en\/wp-json\/wp\/v2\/users\/3"}],"replies":[{"embeddable":true,"href":"https:\/\/bergsteinlaw.com\/en\/wp-json\/wp\/v2\/comments?post=30125"}],"version-history":[{"count":4,"href":"https:\/\/bergsteinlaw.com\/en\/wp-json\/wp\/v2\/pages\/30125\/revisions"}],"predecessor-version":[{"id":30132,"href":"https:\/\/bergsteinlaw.com\/en\/wp-json\/wp\/v2\/pages\/30125\/revisions\/30132"}],"wp:attachment":[{"href":"https:\/\/bergsteinlaw.com\/en\/wp-json\/wp\/v2\/media?parent=30125"}],"curies":[{"name":"wp","href":"https:\/\/api.w.org\/{rel}","templated":true}]}}