{"id":30154,"date":"2024-07-16T14:53:06","date_gmt":"2024-07-16T17:53:06","guid":{"rendered":"https:\/\/bergsteinlaw.com\/?page_id=30154"},"modified":"2024-07-23T10:52:49","modified_gmt":"2024-07-23T13:52:49","slug":"consulta-6-628-empresa-unipersonal-con-proyecto-de-inversion-se-puede-continuar-con-el-proyecto-en-caso-de-fallecimiento-de-su-titular-2","status":"publish","type":"page","link":"https:\/\/bergsteinlaw.com\/en\/consulta-6-628-empresa-unipersonal-con-proyecto-de-inversion-se-puede-continuar-con-el-proyecto-en-caso-de-fallecimiento-de-su-titular-2\/","title":{"rendered":"(Espa\u00f1ol) Fideicomiso de garant\u00eda con inmuebles: \u00bfla transmisi\u00f3n de la calidad de fideicomitente genera ITP?"},"content":{"rendered":"\t\t<div data-elementor-type=\"wp-page\" data-elementor-id=\"30154\" class=\"elementor elementor-30154\">\n\t\t\t\t\t\t<div class=\"elementor-inner\">\n\t\t\t\t<div class=\"elementor-section-wrap\">\n\t\t\t\t\t\t\t\t\t<section class=\"elementor-section elementor-top-section elementor-element elementor-element-7cc02b2 elementor-section-full_width elementor-section-content-middle elementor-section-stretched cyg--cabezal elementor-section-height-default elementor-section-height-default sc_fly_static\" data-id=\"7cc02b2\" data-element_type=\"section\" data-settings=\"{&quot;stretch_section&quot;:&quot;section-stretched&quot;,&quot;background_background&quot;:&quot;classic&quot;}\">\n\t\t\t\t\t\t<div class=\"elementor-container elementor-column-gap-extended\">\n\t\t\t\t\t\t\t<div class=\"elementor-row\">\n\t\t\t\t\t<div class=\"elementor-column elementor-col-100 elementor-top-column elementor-element elementor-element-e1deec3 sc_inner_width_none sc_content_align_inherit sc_layouts_column_icons_position_left sc_fly_static\" data-id=\"e1deec3\" data-element_type=\"column\">\n\t\t\t<div class=\"elementor-column-wrap elementor-element-populated\">\n\t\t\t\t\t\t\t<div class=\"elementor-widget-wrap\">\n\t\t\t\t\t\t<div class=\"elementor-element elementor-element-64e3452 sc_fly_static elementor-widget elementor-widget-text-editor\" data-id=\"64e3452\" data-element_type=\"widget\" data-widget_type=\"text-editor.default\">\n\t\t\t\t<div class=\"elementor-widget-container\">\n\t\t\t\t\t\t\t\t<div class=\"elementor-text-editor elementor-clearfix\">\n\t\t\t\t<h2>Reporte TRIBUTARIO N\u00b062<\/h2>\t\t\t\t\t<\/div>\n\t\t\t\t\t\t<\/div>\n\t\t\t\t<\/div>\n\t\t\t\t\t\t<\/div>\n\t\t\t\t\t<\/div>\n\t\t<\/div>\n\t\t\t\t\t\t\t\t<\/div>\n\t\t\t\t\t<\/div>\n\t\t<\/section>\n\t\t\t\t<section class=\"elementor-section elementor-top-section elementor-element elementor-element-03c93e1 elementor-section-boxed elementor-section-height-default elementor-section-height-default sc_fly_static\" data-id=\"03c93e1\" data-element_type=\"section\">\n\t\t\t\t\t\t<div class=\"elementor-container elementor-column-gap-extended\">\n\t\t\t\t\t\t\t<div class=\"elementor-row\">\n\t\t\t\t\t<div class=\"elementor-column elementor-col-66 elementor-top-column elementor-element elementor-element-f848534 cyg--cont-content sc_inner_width_none sc_content_align_inherit sc_layouts_column_icons_position_left sc_fly_static\" data-id=\"f848534\" data-element_type=\"column\">\n\t\t\t<div class=\"elementor-column-wrap elementor-element-populated\">\n\t\t\t\t\t\t\t<div class=\"elementor-widget-wrap\">\n\t\t\t\t\t\t<div class=\"elementor-element elementor-element-4ad6161 sc_fly_static elementor-widget elementor-widget-heading\" data-id=\"4ad6161\" data-element_type=\"widget\" data-widget_type=\"heading.default\">\n\t\t\t\t<div class=\"elementor-widget-container\">\n\t\t\t<h1 class=\"elementor-heading-title elementor-size-large\">Fideicomiso de garant\u00eda con inmuebles: \u00bfla transmisi\u00f3n de la calidad de fideicomitente genera ITP? <\/h1>\t\t<\/div>\n\t\t\t\t<\/div>\n\t\t\t\t<div class=\"elementor-element elementor-element-81aef55 elementor-widget__width-initial sc_fly_static elementor-widget elementor-widget-text-editor\" data-id=\"81aef55\" data-element_type=\"widget\" data-widget_type=\"text-editor.default\">\n\t\t\t\t<div class=\"elementor-widget-container\">\n\t\t\t\t\t\t\t\t<div class=\"elementor-text-editor elementor-clearfix\">\n\t\t\t\t<p>Una se\u00f1ora enajen\u00f3 un inmueble en favor de una fiduciaria, en cumplimiento de ciertas obligaciones asumidas con los fiduciarios de un fideicomiso en garant\u00eda.<\/p><p>Esta se\u00f1ora fallece, de modo que sus herederos adquirieron la calidad de fideicomitentes del fideicomiso (de garant\u00eda) que contaba con el inmueble dentro de su patrimonio. Por lo que, en el acervo sucesorio fueron incluidos los derechos que la causante ten\u00eda como fideicomitente del fideicomiso, no el inmueble que se encontraba comprendido en el patrimonio fiduciario.<\/p><p>A ra\u00edz de la situaci\u00f3n anterior, los herederos consultaron a la Direcci\u00f3n General Impositiva (\u201cDGI\u201d) si se hab\u00eda verificado el hecho generador del Impuesto a las Transmisiones Patrimoniales (\u201cITP\u201d) en relaci\u00f3n al bien inmueble objeto del fideicomiso en garant\u00eda.<\/p><p>Adelantaron opini\u00f3n entendiendo que no se verifica el hecho generador del ITP porque para la configuraci\u00f3n del impuesto se tiene que adquirir la plena propiedad del inmueble por modo sucesi\u00f3n. En el caso, solamente recibieron, por el modo sucesi\u00f3n, la calidad de fideicomitentes. Agregan que la obligaci\u00f3n que tienen, a efectos fiscales, de computar dentro de su patrimonio al bien fideicomitido en garant\u00eda, no significa que hubiese transmisi\u00f3n del inmueble por modo sucesi\u00f3n.<\/p><p>La DGI comparti\u00f3 la posici\u00f3n de los herederos. En su respuesta, establece que para configurar el hecho generador del ITP se requiere la transmisi\u00f3n de la propiedad plena del inmueble por causa de muerte. Y, en definitiva, ellos heredaron \u00fanicamente la calidad de fideicomitentes, no produci\u00e9ndose la transmisi\u00f3n de la propiedad plena del inmueble, raz\u00f3n por la cual no son sujetos pasivos del ITP<\/p>\t\t\t\t\t<\/div>\n\t\t\t\t\t\t<\/div>\n\t\t\t\t<\/div>\n\t\t\t\t\t\t<\/div>\n\t\t\t\t\t<\/div>\n\t\t<\/div>\n\t\t\t\t<div class=\"elementor-column elementor-col-33 elementor-top-column elementor-element elementor-element-46bd75e cyg--sidebar sc_inner_width_none sc_content_align_inherit sc_layouts_column_icons_position_left sc_fly_static\" data-id=\"46bd75e\" data-element_type=\"column\">\n\t\t\t<div class=\"elementor-column-wrap elementor-element-populated\">\n\t\t\t\t\t\t\t<div class=\"elementor-widget-wrap\">\n\t\t\t\t\t\t<div class=\"elementor-element elementor-element-b4ea192 sc_fly_static elementor-widget elementor-widget-text-editor\" data-id=\"b4ea192\" data-element_type=\"widget\" data-widget_type=\"text-editor.default\">\n\t\t\t\t<div class=\"elementor-widget-container\">\n\t\t\t\t\t\t\t\t<div class=\"elementor-text-editor elementor-clearfix\">\n\t\t\t\t<h5>Need more information?<\/h5><h6>CONTACT US<\/h6>\t\t\t\t\t<\/div>\n\t\t\t\t\t\t<\/div>\n\t\t\t\t<\/div>\n\t\t\t\t<div class=\"elementor-element elementor-element-d3bdebb sc_fly_static elementor-widget elementor-widget-shortcode\" data-id=\"d3bdebb\" data-element_type=\"widget\" data-widget_type=\"shortcode.default\">\n\t\t\t\t<div class=\"elementor-widget-container\">\n\t\t\t\t\t<div class=\"elementor-shortcode\">\n<div class=\"wpcf7 no-js\" id=\"wpcf7-f5597-o1\" lang=\"en-US\" dir=\"ltr\">\n<div class=\"screen-reader-response\"><p role=\"status\" aria-live=\"polite\" aria-atomic=\"true\"><\/p> <ul><\/ul><\/div>\n<form action=\"\/en\/wp-json\/wp\/v2\/pages\/30154#wpcf7-f5597-o1\" method=\"post\" class=\"wpcf7-form init\" aria-label=\"Contact form\" novalidate=\"novalidate\" data-status=\"init\">\n<div style=\"display: none;\">\n<input type=\"hidden\" name=\"_wpcf7\" value=\"5597\" \/>\n<input type=\"hidden\" name=\"_wpcf7_version\" value=\"5.8.3\" \/>\n<input type=\"hidden\" name=\"_wpcf7_locale\" value=\"en_US\" \/>\n<input type=\"hidden\" name=\"_wpcf7_unit_tag\" value=\"wpcf7-f5597-o1\" \/>\n<input type=\"hidden\" name=\"_wpcf7_container_post\" value=\"0\" \/>\n<input type=\"hidden\" name=\"_wpcf7_posted_data_hash\" value=\"\" \/>\n<\/div>\n<p><span class=\"wpcf7-form-control-wrap\" data-name=\"nombre\"><input size=\"40\" class=\"wpcf7-form-control wpcf7-text wpcf7-validates-as-required\" aria-required=\"true\" aria-invalid=\"false\" placeholder=\"Name\" value=\"\" type=\"text\" name=\"nombre\" \/><\/span><br \/>\n<span class=\"wpcf7-form-control-wrap\" data-name=\"correo\"><input size=\"40\" class=\"wpcf7-form-control wpcf7-email wpcf7-validates-as-required wpcf7-text wpcf7-validates-as-email\" aria-required=\"true\" aria-invalid=\"false\" placeholder=\"E-mail\" value=\"\" type=\"email\" name=\"correo\" \/><\/span><br \/>\n<span class=\"wpcf7-form-control-wrap\" data-name=\"msj\"><textarea cols=\"40\" rows=\"10\" class=\"wpcf7-form-control wpcf7-textarea\" aria-invalid=\"false\" placeholder=\"Message\" name=\"msj\"><\/textarea><\/span><br \/>\n<input class=\"wpcf7-form-control wpcf7-submit has-spinner\" id=\"submit\" type=\"submit\" value=\"Send\" \/>\n<\/p><div class=\"wpcf7-response-output\" aria-hidden=\"true\"><\/div>\n<\/form>\n<\/div>\n<\/div>\n\t\t\t\t<\/div>\n\t\t\t\t<\/div>\n\t\t\t\t\t\t<\/div>\n\t\t\t\t\t<\/div>\n\t\t<\/div>\n\t\t\t\t\t\t\t\t<\/div>\n\t\t\t\t\t<\/div>\n\t\t<\/section>\n\t\t\t\t\t\t\t\t\t<\/div>\n\t\t\t<\/div>\n\t\t\t\t\t<\/div>\n\t\t","protected":false},"excerpt":{"rendered":"<p>Reporte TRIBUTARIO N\u00b062 Fideicomiso de garant\u00eda con inmuebles: \u00bfla transmisi\u00f3n de la calidad de fideicomitente genera ITP? Una se\u00f1ora enajen\u00f3 un inmueble en favor de una fiduciaria, en cumplimiento de&hellip;<\/p>\n","protected":false},"author":3,"featured_media":0,"parent":0,"menu_order":0,"comment_status":"closed","ping_status":"closed","template":"","meta":{"footnotes":""},"acf":[],"_links":{"self":[{"href":"https:\/\/bergsteinlaw.com\/en\/wp-json\/wp\/v2\/pages\/30154"}],"collection":[{"href":"https:\/\/bergsteinlaw.com\/en\/wp-json\/wp\/v2\/pages"}],"about":[{"href":"https:\/\/bergsteinlaw.com\/en\/wp-json\/wp\/v2\/types\/page"}],"author":[{"embeddable":true,"href":"https:\/\/bergsteinlaw.com\/en\/wp-json\/wp\/v2\/users\/3"}],"replies":[{"embeddable":true,"href":"https:\/\/bergsteinlaw.com\/en\/wp-json\/wp\/v2\/comments?post=30154"}],"version-history":[{"count":14,"href":"https:\/\/bergsteinlaw.com\/en\/wp-json\/wp\/v2\/pages\/30154\/revisions"}],"predecessor-version":[{"id":30228,"href":"https:\/\/bergsteinlaw.com\/en\/wp-json\/wp\/v2\/pages\/30154\/revisions\/30228"}],"wp:attachment":[{"href":"https:\/\/bergsteinlaw.com\/en\/wp-json\/wp\/v2\/media?parent=30154"}],"curies":[{"name":"wp","href":"https:\/\/api.w.org\/{rel}","templated":true}]}}