{"id":30324,"date":"2024-09-08T19:19:41","date_gmt":"2024-09-08T22:19:41","guid":{"rendered":"https:\/\/bergsteinlaw.com\/?page_id=30324"},"modified":"2024-09-12T10:22:33","modified_gmt":"2024-09-12T13:22:33","slug":"reporte-tributario-n63-2","status":"publish","type":"page","link":"https:\/\/bergsteinlaw.com\/en\/reporte-tributario-n63-2\/","title":{"rendered":"(Espa\u00f1ol) Reporte Tributario N\u00b063"},"content":{"rendered":"\t\t<div data-elementor-type=\"wp-page\" data-elementor-id=\"30324\" class=\"elementor elementor-30324\">\n\t\t\t\t\t\t<div class=\"elementor-inner\">\n\t\t\t\t<div class=\"elementor-section-wrap\">\n\t\t\t\t\t\t\t\t\t<section class=\"elementor-section elementor-top-section elementor-element elementor-element-7cc02b2 elementor-section-full_width elementor-section-content-middle elementor-section-stretched cyg--cabezal elementor-section-height-default elementor-section-height-default sc_fly_static\" data-id=\"7cc02b2\" data-element_type=\"section\" data-settings=\"{&quot;stretch_section&quot;:&quot;section-stretched&quot;,&quot;background_background&quot;:&quot;classic&quot;}\">\n\t\t\t\t\t\t<div class=\"elementor-container elementor-column-gap-extended\">\n\t\t\t\t\t\t\t<div class=\"elementor-row\">\n\t\t\t\t\t<div class=\"elementor-column elementor-col-100 elementor-top-column elementor-element elementor-element-e1deec3 sc_inner_width_none sc_content_align_inherit sc_layouts_column_icons_position_left sc_fly_static\" data-id=\"e1deec3\" data-element_type=\"column\">\n\t\t\t<div class=\"elementor-column-wrap elementor-element-populated\">\n\t\t\t\t\t\t\t<div class=\"elementor-widget-wrap\">\n\t\t\t\t\t\t<div class=\"elementor-element elementor-element-64e3452 sc_fly_static elementor-widget elementor-widget-text-editor\" data-id=\"64e3452\" data-element_type=\"widget\" data-widget_type=\"text-editor.default\">\n\t\t\t\t<div class=\"elementor-widget-container\">\n\t\t\t\t\t\t\t\t<div class=\"elementor-text-editor elementor-clearfix\">\n\t\t\t\t<h2>Reporte TRIBUTARIO N\u00b063<\/h2>\t\t\t\t\t<\/div>\n\t\t\t\t\t\t<\/div>\n\t\t\t\t<\/div>\n\t\t\t\t\t\t<\/div>\n\t\t\t\t\t<\/div>\n\t\t<\/div>\n\t\t\t\t\t\t\t\t<\/div>\n\t\t\t\t\t<\/div>\n\t\t<\/section>\n\t\t\t\t<section class=\"elementor-section elementor-top-section elementor-element elementor-element-03c93e1 elementor-section-boxed elementor-section-height-default elementor-section-height-default sc_fly_static\" data-id=\"03c93e1\" data-element_type=\"section\">\n\t\t\t\t\t\t<div class=\"elementor-container elementor-column-gap-extended\">\n\t\t\t\t\t\t\t<div class=\"elementor-row\">\n\t\t\t\t\t<div class=\"elementor-column elementor-col-66 elementor-top-column elementor-element elementor-element-f848534 cyg--cont-content sc_inner_width_none sc_content_align_inherit sc_layouts_column_icons_position_left sc_fly_static\" data-id=\"f848534\" data-element_type=\"column\">\n\t\t\t<div class=\"elementor-column-wrap elementor-element-populated\">\n\t\t\t\t\t\t\t<div class=\"elementor-widget-wrap\">\n\t\t\t\t\t\t<div class=\"elementor-element elementor-element-81aef55 elementor-widget__width-initial sc_fly_static elementor-widget elementor-widget-text-editor\" data-id=\"81aef55\" data-element_type=\"widget\" data-widget_type=\"text-editor.default\">\n\t\t\t\t<div class=\"elementor-widget-container\">\n\t\t\t\t\t\t\t\t<div class=\"elementor-text-editor elementor-clearfix\">\n\t\t\t\t<p><span style=\"color: #000000;\"><span style=\"font-size: 14pt;\"><b>Normativa Comentada<\/b><\/span><\/span><\/p><ul><li><span style=\"font-size: 12pt;\"><a href=\"https:\/\/bergsteinlaw.com\/empresaspesqueras\/\"><span style=\"color: #212121; font-family: Calibri, sans-serif, serif, EmojiFont; font-style: normal; font-weight: 400; letter-spacing: normal; text-indent: -24px;\">Empresas pesqueras: nuevo beneficio ante BPS<\/span><\/a><\/span><\/li><\/ul><p><span style=\"font-size: 14pt; color: #000000;\"><strong>Jurisprudencia Comentada<\/strong><\/span><\/p><ul><li><span style=\"font-size: 12pt;\"><a href=\"https:\/\/bergsteinlaw.com\/defraudaciontributaria\/\"><span style=\"color: #212121; font-family: Calibri, sans-serif, serif, EmojiFont; font-style: normal; font-weight: 400; letter-spacing: normal; text-indent: -24px;\">Defraudaci\u00f3n tributaria: \u00bfqui\u00e9n tiene la carga de la prueba?<\/span><\/a><\/span><\/li><li><span style=\"font-size: 12pt;\"><a href=\"https:\/\/bergsteinlaw.com\/primacia-de-la-realidad\/\"><span style=\"color: #212121; font-family: Calibri, sans-serif, serif, EmojiFont; font-style: normal; font-weight: 400; letter-spacing: normal; text-indent: -24px;\">Primac\u00eda de la realidad: comunicaci\u00f3n tard\u00eda a BPS<\/span><\/a><\/span><\/li><\/ul><p><span style=\"color: #000000;\"><strong><span style=\"font-size: 14pt;\">Consultas de la DGI<\/span><\/strong><\/span><\/p><ul><li><span style=\"color: #000000;\"><a href=\"https:\/\/bergsteinlaw.com\/consulta-6653\/\"><strong style=\"font-size: 15.3px; letter-spacing: 0.1px;\">Consulta 6653<\/strong><span style=\"font-size: 15.3px; letter-spacing: 0.1px;\">\u00a0&#8211;<\/span><\/a><span style=\"font-size: 15.3px; letter-spacing: 0.1px;\">&#8211; <\/span><\/span><span style=\"font-size: 12pt;\"><a href=\"https:\/\/bergsteinlaw.com\/consulta-6653\/\"><span style=\"color: #212121; font-family: Calibri, sans-serif, serif, EmojiFont; font-style: normal; font-weight: 400; letter-spacing: normal; text-indent: -24px;\">Rescate de acciones: \u00bfcu\u00e1ndo se genera un dividendo gravado?<\/span><\/a><\/span><\/li><li><span style=\"color: #000000;\"><a style=\"color: #000000;\" href=\"https:\/\/bergsteinlaw.com\/consulta-n-6509\/\"><strong>Consulta 6509<\/strong>\u00a0&#8212;\u00a0<\/a><\/span><span style=\"font-size: 12pt;\"><a href=\"https:\/\/bergsteinlaw.com\/consulta-n-6509\/\"><span style=\"color: #212121; font-family: Calibri, sans-serif, serif, EmojiFont; font-style: normal; font-weight: 400; letter-spacing: normal; text-indent: -24px;\">Empresa unipersonal que presta servicios vinculados al software para el exterior: condiciones para su desgravamiento<\/span><\/a><\/span><\/li><li><a href=\"https:\/\/bergsteinlaw.com\/consulta-n-6651\/\"><span style=\"color: #000000;\"><strong>Consulta 6651<\/strong> &#8212; <span style=\"color: #212121; font-family: Calibri, sans-serif, serif, EmojiFont; font-size: 12pt; font-style: normal; font-weight: 400; letter-spacing: normal; text-indent: -24px;\">Tratamiento de los intereses por pr\u00e9stamos a los efectos del IVA<\/span><\/span><\/a><\/li><li><span style=\"color: #000000;\"><a style=\"color: #000000;\" href=\"https:\/\/bergsteinlaw.com\/consulta-n-6659\/\"><strong>Consulta 6659<\/strong>\u00a0&#8212;<span style=\"font-size: 12pt;\">\u00a0<\/span><\/a><\/span><span style=\"font-size: 12pt;\"><a href=\"https:\/\/bergsteinlaw.com\/consulta-n-6659\/\"><span style=\"color: #212121; font-family: Calibri, sans-serif, serif, EmojiFont; font-style: normal; font-weight: 400; letter-spacing: normal; text-indent: -24px;\">Localizaci\u00f3n de las rentas provenientes de un seguro de exportaci\u00f3n<\/span><\/a><\/span><\/li><\/ul><p><a href=\"https:\/\/drive.google.com\/file\/d\/1F_idzXFvv_ifsar8_ig2_5pptEaNyAML\/view?usp=sharing\">Descargar Reporte Tributario n\u00b0 63<\/a><\/p>\t\t\t\t\t<\/div>\n\t\t\t\t\t\t<\/div>\n\t\t\t\t<\/div>\n\t\t\t\t<div class=\"elementor-element elementor-element-f227e36 elementor-widget__width-initial sc_fly_static elementor-widget elementor-widget-text-editor\" data-id=\"f227e36\" data-element_type=\"widget\" data-widget_type=\"text-editor.default\">\n\t\t\t\t<div class=\"elementor-widget-container\">\n\t\t\t\t\t\t\t\t<div class=\"elementor-text-editor elementor-clearfix\">\n\t\t\t\t\t\t\t\t\t<\/div>\n\t\t\t\t\t\t<\/div>\n\t\t\t\t<\/div>\n\t\t\t\t\t\t<\/div>\n\t\t\t\t\t<\/div>\n\t\t<\/div>\n\t\t\t\t<div class=\"elementor-column elementor-col-33 elementor-top-column elementor-element elementor-element-46bd75e cyg--sidebar sc_inner_width_none sc_content_align_inherit sc_layouts_column_icons_position_left sc_fly_static\" data-id=\"46bd75e\" data-element_type=\"column\">\n\t\t\t<div class=\"elementor-column-wrap elementor-element-populated\">\n\t\t\t\t\t\t\t<div class=\"elementor-widget-wrap\">\n\t\t\t\t\t\t<div class=\"elementor-element elementor-element-b4ea192 sc_fly_static elementor-widget elementor-widget-text-editor\" data-id=\"b4ea192\" data-element_type=\"widget\" data-widget_type=\"text-editor.default\">\n\t\t\t\t<div class=\"elementor-widget-container\">\n\t\t\t\t\t\t\t\t<div class=\"elementor-text-editor elementor-clearfix\">\n\t\t\t\t<h5>Need more information?<\/h5><h6>CONTACT US<\/h6>\t\t\t\t\t<\/div>\n\t\t\t\t\t\t<\/div>\n\t\t\t\t<\/div>\n\t\t\t\t<div class=\"elementor-element elementor-element-d3bdebb sc_fly_static elementor-widget elementor-widget-shortcode\" data-id=\"d3bdebb\" data-element_type=\"widget\" data-widget_type=\"shortcode.default\">\n\t\t\t\t<div class=\"elementor-widget-container\">\n\t\t\t\t\t<div class=\"elementor-shortcode\">\n<div class=\"wpcf7 no-js\" id=\"wpcf7-f5597-o1\" lang=\"en-US\" dir=\"ltr\">\n<div class=\"screen-reader-response\"><p role=\"status\" aria-live=\"polite\" aria-atomic=\"true\"><\/p> <ul><\/ul><\/div>\n<form action=\"\/en\/wp-json\/wp\/v2\/pages\/30324#wpcf7-f5597-o1\" method=\"post\" class=\"wpcf7-form init\" aria-label=\"Contact form\" novalidate=\"novalidate\" data-status=\"init\">\n<div style=\"display: none;\">\n<input type=\"hidden\" name=\"_wpcf7\" value=\"5597\" \/>\n<input type=\"hidden\" name=\"_wpcf7_version\" value=\"5.8.3\" \/>\n<input type=\"hidden\" name=\"_wpcf7_locale\" value=\"en_US\" \/>\n<input type=\"hidden\" name=\"_wpcf7_unit_tag\" value=\"wpcf7-f5597-o1\" \/>\n<input type=\"hidden\" name=\"_wpcf7_container_post\" value=\"0\" \/>\n<input type=\"hidden\" name=\"_wpcf7_posted_data_hash\" value=\"\" \/>\n<\/div>\n<p><span class=\"wpcf7-form-control-wrap\" data-name=\"nombre\"><input size=\"40\" class=\"wpcf7-form-control wpcf7-text wpcf7-validates-as-required\" aria-required=\"true\" aria-invalid=\"false\" placeholder=\"Name\" value=\"\" type=\"text\" name=\"nombre\" \/><\/span><br \/>\n<span class=\"wpcf7-form-control-wrap\" data-name=\"correo\"><input size=\"40\" class=\"wpcf7-form-control wpcf7-email wpcf7-validates-as-required wpcf7-text wpcf7-validates-as-email\" aria-required=\"true\" aria-invalid=\"false\" placeholder=\"E-mail\" value=\"\" type=\"email\" name=\"correo\" \/><\/span><br \/>\n<span class=\"wpcf7-form-control-wrap\" data-name=\"msj\"><textarea cols=\"40\" rows=\"10\" class=\"wpcf7-form-control wpcf7-textarea\" aria-invalid=\"false\" placeholder=\"Message\" name=\"msj\"><\/textarea><\/span><br \/>\n<input class=\"wpcf7-form-control wpcf7-submit has-spinner\" id=\"submit\" type=\"submit\" value=\"Send\" \/>\n<\/p><div class=\"wpcf7-response-output\" aria-hidden=\"true\"><\/div>\n<\/form>\n<\/div>\n<\/div>\n\t\t\t\t<\/div>\n\t\t\t\t<\/div>\n\t\t\t\t\t\t<\/div>\n\t\t\t\t\t<\/div>\n\t\t<\/div>\n\t\t\t\t\t\t\t\t<\/div>\n\t\t\t\t\t<\/div>\n\t\t<\/section>\n\t\t\t\t<section class=\"elementor-section elementor-top-section elementor-element elementor-element-295d10b elementor-section-boxed elementor-section-height-default elementor-section-height-default sc_fly_static\" data-id=\"295d10b\" data-element_type=\"section\">\n\t\t\t\t\t\t<div class=\"elementor-container elementor-column-gap-extended\">\n\t\t\t\t\t\t\t<div class=\"elementor-row\">\n\t\t\t\t\t<div class=\"elementor-column elementor-col-100 elementor-top-column elementor-element elementor-element-f64135e sc_inner_width_none sc_content_align_inherit sc_layouts_column_icons_position_left sc_fly_static\" data-id=\"f64135e\" data-element_type=\"column\">\n\t\t\t<div class=\"elementor-column-wrap elementor-element-populated\">\n\t\t\t\t\t\t\t<div class=\"elementor-widget-wrap\">\n\t\t\t\t\t\t\t\t<\/div>\n\t\t\t\t\t<\/div>\n\t\t<\/div>\n\t\t\t\t\t\t\t\t<\/div>\n\t\t\t\t\t<\/div>\n\t\t<\/section>\n\t\t\t\t<section class=\"elementor-section elementor-top-section elementor-element elementor-element-4ac95f0 elementor-section-boxed elementor-section-height-default elementor-section-height-default sc_fly_static\" data-id=\"4ac95f0\" data-element_type=\"section\">\n\t\t\t\t\t\t<div class=\"elementor-container elementor-column-gap-extended\">\n\t\t\t\t\t\t\t<div class=\"elementor-row\">\n\t\t\t\t\t<div class=\"elementor-column elementor-col-100 elementor-top-column elementor-element elementor-element-b0132f4 sc_inner_width_none sc_content_align_inherit sc_layouts_column_icons_position_left sc_fly_static\" data-id=\"b0132f4\" data-element_type=\"column\">\n\t\t\t<div class=\"elementor-column-wrap elementor-element-populated\">\n\t\t\t\t\t\t\t<div class=\"elementor-widget-wrap\">\n\t\t\t\t\t\t\t\t<\/div>\n\t\t\t\t\t<\/div>\n\t\t<\/div>\n\t\t\t\t\t\t\t\t<\/div>\n\t\t\t\t\t<\/div>\n\t\t<\/section>\n\t\t\t\t\t\t\t\t\t<\/div>\n\t\t\t<\/div>\n\t\t\t\t\t<\/div>\n\t\t","protected":false},"excerpt":{"rendered":"<p>Reporte TRIBUTARIO N\u00b063 Normativa Comentada Empresas pesqueras: nuevo beneficio ante BPS Jurisprudencia Comentada Defraudaci\u00f3n tributaria: \u00bfqui\u00e9n tiene la carga de la prueba? Primac\u00eda de la realidad: comunicaci\u00f3n tard\u00eda a BPS&hellip;<\/p>\n","protected":false},"author":3,"featured_media":0,"parent":0,"menu_order":0,"comment_status":"closed","ping_status":"closed","template":"","meta":{"footnotes":""},"acf":[],"_links":{"self":[{"href":"https:\/\/bergsteinlaw.com\/en\/wp-json\/wp\/v2\/pages\/30324"}],"collection":[{"href":"https:\/\/bergsteinlaw.com\/en\/wp-json\/wp\/v2\/pages"}],"about":[{"href":"https:\/\/bergsteinlaw.com\/en\/wp-json\/wp\/v2\/types\/page"}],"author":[{"embeddable":true,"href":"https:\/\/bergsteinlaw.com\/en\/wp-json\/wp\/v2\/users\/3"}],"replies":[{"embeddable":true,"href":"https:\/\/bergsteinlaw.com\/en\/wp-json\/wp\/v2\/comments?post=30324"}],"version-history":[{"count":50,"href":"https:\/\/bergsteinlaw.com\/en\/wp-json\/wp\/v2\/pages\/30324\/revisions"}],"predecessor-version":[{"id":30434,"href":"https:\/\/bergsteinlaw.com\/en\/wp-json\/wp\/v2\/pages\/30324\/revisions\/30434"}],"wp:attachment":[{"href":"https:\/\/bergsteinlaw.com\/en\/wp-json\/wp\/v2\/media?parent=30324"}],"curies":[{"name":"wp","href":"https:\/\/api.w.org\/{rel}","templated":true}]}}