{"id":30360,"date":"2024-09-08T19:41:02","date_gmt":"2024-09-08T22:41:02","guid":{"rendered":"https:\/\/bergsteinlaw.com\/?page_id=30360"},"modified":"2024-09-08T19:42:45","modified_gmt":"2024-09-08T22:42:45","slug":"defraudaciontributaria","status":"publish","type":"page","link":"https:\/\/bergsteinlaw.com\/en\/defraudaciontributaria\/","title":{"rendered":"(Espa\u00f1ol) Defraudaci\u00f3n tributaria: \u00bfqui\u00e9n tiene la carga de la prueba?"},"content":{"rendered":"\t\t<div data-elementor-type=\"wp-page\" data-elementor-id=\"30360\" class=\"elementor elementor-30360\">\n\t\t\t\t\t\t<div class=\"elementor-inner\">\n\t\t\t\t<div class=\"elementor-section-wrap\">\n\t\t\t\t\t\t\t\t\t<section class=\"elementor-section elementor-top-section elementor-element elementor-element-7cc02b2 elementor-section-full_width elementor-section-content-middle elementor-section-stretched cyg--cabezal elementor-section-height-default elementor-section-height-default sc_fly_static\" data-id=\"7cc02b2\" data-element_type=\"section\" data-settings=\"{&quot;stretch_section&quot;:&quot;section-stretched&quot;,&quot;background_background&quot;:&quot;classic&quot;}\">\n\t\t\t\t\t\t<div class=\"elementor-container elementor-column-gap-extended\">\n\t\t\t\t\t\t\t<div class=\"elementor-row\">\n\t\t\t\t\t<div class=\"elementor-column elementor-col-100 elementor-top-column elementor-element elementor-element-e1deec3 sc_inner_width_none sc_content_align_inherit sc_layouts_column_icons_position_left sc_fly_static\" data-id=\"e1deec3\" data-element_type=\"column\">\n\t\t\t<div class=\"elementor-column-wrap elementor-element-populated\">\n\t\t\t\t\t\t\t<div class=\"elementor-widget-wrap\">\n\t\t\t\t\t\t<div class=\"elementor-element elementor-element-64e3452 sc_fly_static elementor-widget elementor-widget-text-editor\" data-id=\"64e3452\" data-element_type=\"widget\" data-widget_type=\"text-editor.default\">\n\t\t\t\t<div class=\"elementor-widget-container\">\n\t\t\t\t\t\t\t\t<div class=\"elementor-text-editor elementor-clearfix\">\n\t\t\t\t<h2>Reporte TRIBUTARIO N\u00b063<\/h2>\t\t\t\t\t<\/div>\n\t\t\t\t\t\t<\/div>\n\t\t\t\t<\/div>\n\t\t\t\t\t\t<\/div>\n\t\t\t\t\t<\/div>\n\t\t<\/div>\n\t\t\t\t\t\t\t\t<\/div>\n\t\t\t\t\t<\/div>\n\t\t<\/section>\n\t\t\t\t<section class=\"elementor-section elementor-top-section elementor-element elementor-element-03c93e1 elementor-section-boxed elementor-section-height-default elementor-section-height-default sc_fly_static\" data-id=\"03c93e1\" data-element_type=\"section\">\n\t\t\t\t\t\t<div class=\"elementor-container elementor-column-gap-extended\">\n\t\t\t\t\t\t\t<div class=\"elementor-row\">\n\t\t\t\t\t<div class=\"elementor-column elementor-col-66 elementor-top-column elementor-element elementor-element-f848534 cyg--cont-content sc_inner_width_none sc_content_align_inherit sc_layouts_column_icons_position_left sc_fly_static\" data-id=\"f848534\" data-element_type=\"column\">\n\t\t\t<div class=\"elementor-column-wrap elementor-element-populated\">\n\t\t\t\t\t\t\t<div class=\"elementor-widget-wrap\">\n\t\t\t\t\t\t<div class=\"elementor-element elementor-element-4ad6161 sc_fly_static elementor-widget elementor-widget-heading\" data-id=\"4ad6161\" data-element_type=\"widget\" data-widget_type=\"heading.default\">\n\t\t\t\t<div class=\"elementor-widget-container\">\n\t\t\t<h1 class=\"elementor-heading-title elementor-size-large\">Defraudaci\u00f3n Tributaria: \u00bfqui\u00e9n tiene la carga de la prueba?<\/h1>\t\t<\/div>\n\t\t\t\t<\/div>\n\t\t\t\t<div class=\"elementor-element elementor-element-81aef55 elementor-widget__width-initial sc_fly_static elementor-widget elementor-widget-text-editor\" data-id=\"81aef55\" data-element_type=\"widget\" data-widget_type=\"text-editor.default\">\n\t\t\t\t<div class=\"elementor-widget-container\">\n\t\t\t\t\t\t\t\t<div class=\"elementor-text-editor elementor-clearfix\">\n\t\t\t\t<p class=\"MsoNormal\">En una reciente sentencia (la N\u00b086\/2024) (la \u201cSentencia\u201d), el Tribunal de lo Contencioso Administrativo (TCA o el \u201cTribunal\u201d) refiri\u00f3 a la responsabilidad del contribuyente de ofrecer contraprueba cuando existen indicios de defraudaci\u00f3n.<\/p><p class=\"MsoNormal\">En 2021, la Direcci\u00f3n General Impositiva (DGI) dict\u00f3 resoluci\u00f3n (la \u201cResoluci\u00f3n\u201d) contra una empresa &#8211;dedicada a la fabricaci\u00f3n de equipos de elevaci\u00f3n&#8211; (la \u201cEmpresa) y sus representantes, por no pagar correctamente el Impuesto a las Rentas de las Actividades Econ\u00f3micas (IRAE) y el Impuesto al Valor Agregado (IVA).<\/p><p class=\"MsoNormal\">Mediante dicha Resoluci\u00f3n, la DGI determin\u00f3 adeudos tributarios por un monto de m\u00e1s de UYU 15 millones, e impuso (entre otras) una multa equivalente a tres (3) veces dicho monto por concepto de defraudaci\u00f3n.<\/p><p class=\"MsoNormal\">Los Representantes de la Empresa cuestionaron la Resoluci\u00f3n, llevando el asunto ante el TCA, principalmente bajo los siguientes dos (2) argumentos: (i) que la DGI no habr\u00eda probado la infracci\u00f3n de defraudaci\u00f3n, y (ii) que la DGI tampoco habr\u00eda explicitado los criterios usados para realizar la determinaci\u00f3n de adeudos sobre base presunta.<\/p><p class=\"MsoNormal\">El Tribunal, sin embargo, fall\u00f3 a favor de la DGI.<\/p><p class=\"MsoNormal\">Seg\u00fan surge de la Sentencia, la Empresa utilizaba facturas referidas a servicios ficticios\/inexistentes, con la finalidad de abatir sensible e il\u00edcitamente el monto de sus obligaciones tributarias. Ello a partir de un <i>\u201cc\u00famulo de indicios concordantes, plurales y un\u00edvocos\u201d<\/i>.<\/p><p class=\"MsoNormal\">En palabras del Tribunal, <i>\u201c\u2026lo que result\u00f3 probado fue que siete de los supuestos proveedores\u2026 no eran m\u00e1s que una pantalla dise\u00f1ada con la finalidad de defraudar al fisco: todas las sociedades carec\u00edan de un giro o actividad en la realidad capaz de prestar los servicios documentados en las facturas emitidas por estas. \u2026Se corrobor\u00f3 que en los domicilios declarados por las aludidas sociedades no exist\u00edan siquiera indicios de una actividad empresarial capaz de respaldar lo consignado en los documentos&#8230;\u201d<\/i><\/p><p class=\"MsoNormal\">Pero adem\u00e1s, los Representantes de la Empresa tampoco habr\u00edan presentado ninguna contraprueba que desdijera dichos indicios. El Tribunal explica: <i>\u201cEs indiscutible que la Administraci\u00f3n tiene el deber de alcanzar la verdad material de los hechos, pero ello no implica ni justifica la absoluta pasividad probatoria de la empresa contribuyente, m\u00e1xime cuando sobre ella gravitaba una presunci\u00f3n\u2026 de la intenci\u00f3n de defraudar\u2026 Ciertamente, quien dispone de los elementos para controvertir la imputaci\u00f3n de defraudaci\u00f3n es quien debe traerlos al proceso para sustentar su defensa.\u201d<\/i><\/p><p>\u00a0<\/p><p class=\"MsoNormal\">Finalmente, y en relaci\u00f3n a la determinaci\u00f3n del monto de los impuestos adeudados, el Tribunal sostuvo que la Administraci\u00f3n habr\u00eda practicado dicha determinaci\u00f3n sobre base cierta y no sobre base presunta. En palabras del TCA, <i>\u201c\u2026no existe prueba alguna que sustente que la determinaci\u00f3n se hubiera realizado sobre base presunta, m\u00e1s all\u00e1 de la alegaci\u00f3n carente de todo respaldo efectuada en la demanda. \u2026En el procedimiento de c\u00e1lculo de adeudos no se aplic\u00f3 ninguno de los criterios establecidos en el art\u00edculo 66 del C\u00f3digo Tributario.\u201d<\/i> Ello porque las deudas reclamadas fueron calculadas tomando como ciertos los montos de rentas y ventas declarados por la Empresa. La DGI simplemente elimin\u00f3 &#8211;de los costos deducidos a los efectos del IRAE&#8211; los montos facturados por estos proveedores, as\u00ed como &#8211;a los efectos de la liquidaci\u00f3n de IVA&#8211; el IVA compras incluido en dichas facturas.\u00a0<\/p>\t\t\t\t\t<\/div>\n\t\t\t\t\t\t<\/div>\n\t\t\t\t<\/div>\n\t\t\t\t\t\t<\/div>\n\t\t\t\t\t<\/div>\n\t\t<\/div>\n\t\t\t\t<div class=\"elementor-column elementor-col-33 elementor-top-column elementor-element elementor-element-46bd75e cyg--sidebar sc_inner_width_none sc_content_align_inherit sc_layouts_column_icons_position_left sc_fly_static\" data-id=\"46bd75e\" data-element_type=\"column\">\n\t\t\t<div class=\"elementor-column-wrap elementor-element-populated\">\n\t\t\t\t\t\t\t<div class=\"elementor-widget-wrap\">\n\t\t\t\t\t\t<div class=\"elementor-element elementor-element-b4ea192 sc_fly_static elementor-widget elementor-widget-text-editor\" data-id=\"b4ea192\" data-element_type=\"widget\" data-widget_type=\"text-editor.default\">\n\t\t\t\t<div class=\"elementor-widget-container\">\n\t\t\t\t\t\t\t\t<div class=\"elementor-text-editor elementor-clearfix\">\n\t\t\t\t<h5>Need more information?<\/h5><h6>CONTACT US<\/h6>\t\t\t\t\t<\/div>\n\t\t\t\t\t\t<\/div>\n\t\t\t\t<\/div>\n\t\t\t\t<div class=\"elementor-element elementor-element-d3bdebb sc_fly_static elementor-widget elementor-widget-shortcode\" data-id=\"d3bdebb\" data-element_type=\"widget\" data-widget_type=\"shortcode.default\">\n\t\t\t\t<div class=\"elementor-widget-container\">\n\t\t\t\t\t<div class=\"elementor-shortcode\">\n<div class=\"wpcf7 no-js\" id=\"wpcf7-f5597-o1\" lang=\"en-US\" dir=\"ltr\">\n<div class=\"screen-reader-response\"><p role=\"status\" aria-live=\"polite\" aria-atomic=\"true\"><\/p> <ul><\/ul><\/div>\n<form action=\"\/en\/wp-json\/wp\/v2\/pages\/30360#wpcf7-f5597-o1\" method=\"post\" class=\"wpcf7-form init\" aria-label=\"Contact form\" novalidate=\"novalidate\" data-status=\"init\">\n<div style=\"display: none;\">\n<input type=\"hidden\" name=\"_wpcf7\" value=\"5597\" \/>\n<input type=\"hidden\" name=\"_wpcf7_version\" value=\"5.8.3\" \/>\n<input type=\"hidden\" name=\"_wpcf7_locale\" value=\"en_US\" \/>\n<input type=\"hidden\" name=\"_wpcf7_unit_tag\" value=\"wpcf7-f5597-o1\" \/>\n<input type=\"hidden\" name=\"_wpcf7_container_post\" value=\"0\" \/>\n<input type=\"hidden\" name=\"_wpcf7_posted_data_hash\" value=\"\" \/>\n<\/div>\n<p><span class=\"wpcf7-form-control-wrap\" data-name=\"nombre\"><input size=\"40\" class=\"wpcf7-form-control wpcf7-text wpcf7-validates-as-required\" aria-required=\"true\" aria-invalid=\"false\" placeholder=\"Name\" value=\"\" type=\"text\" name=\"nombre\" \/><\/span><br \/>\n<span class=\"wpcf7-form-control-wrap\" data-name=\"correo\"><input size=\"40\" class=\"wpcf7-form-control wpcf7-email wpcf7-validates-as-required wpcf7-text wpcf7-validates-as-email\" aria-required=\"true\" aria-invalid=\"false\" placeholder=\"E-mail\" value=\"\" type=\"email\" name=\"correo\" \/><\/span><br \/>\n<span class=\"wpcf7-form-control-wrap\" data-name=\"msj\"><textarea cols=\"40\" rows=\"10\" class=\"wpcf7-form-control wpcf7-textarea\" aria-invalid=\"false\" placeholder=\"Message\" name=\"msj\"><\/textarea><\/span><br \/>\n<input class=\"wpcf7-form-control wpcf7-submit has-spinner\" id=\"submit\" type=\"submit\" value=\"Send\" \/>\n<\/p><div class=\"wpcf7-response-output\" aria-hidden=\"true\"><\/div>\n<\/form>\n<\/div>\n<\/div>\n\t\t\t\t<\/div>\n\t\t\t\t<\/div>\n\t\t\t\t\t\t<\/div>\n\t\t\t\t\t<\/div>\n\t\t<\/div>\n\t\t\t\t\t\t\t\t<\/div>\n\t\t\t\t\t<\/div>\n\t\t<\/section>\n\t\t\t\t\t\t\t\t\t<\/div>\n\t\t\t<\/div>\n\t\t\t\t\t<\/div>\n\t\t","protected":false},"excerpt":{"rendered":"<p>Reporte TRIBUTARIO N\u00b063 Defraudaci\u00f3n Tributaria: \u00bfqui\u00e9n tiene la carga de la prueba? En una reciente sentencia (la N\u00b086\/2024) (la \u201cSentencia\u201d), el Tribunal de lo Contencioso Administrativo (TCA o el \u201cTribunal\u201d)&hellip;<\/p>\n","protected":false},"author":3,"featured_media":0,"parent":0,"menu_order":0,"comment_status":"closed","ping_status":"closed","template":"","meta":{"footnotes":""},"acf":[],"_links":{"self":[{"href":"https:\/\/bergsteinlaw.com\/en\/wp-json\/wp\/v2\/pages\/30360"}],"collection":[{"href":"https:\/\/bergsteinlaw.com\/en\/wp-json\/wp\/v2\/pages"}],"about":[{"href":"https:\/\/bergsteinlaw.com\/en\/wp-json\/wp\/v2\/types\/page"}],"author":[{"embeddable":true,"href":"https:\/\/bergsteinlaw.com\/en\/wp-json\/wp\/v2\/users\/3"}],"replies":[{"embeddable":true,"href":"https:\/\/bergsteinlaw.com\/en\/wp-json\/wp\/v2\/comments?post=30360"}],"version-history":[{"count":5,"href":"https:\/\/bergsteinlaw.com\/en\/wp-json\/wp\/v2\/pages\/30360\/revisions"}],"predecessor-version":[{"id":30365,"href":"https:\/\/bergsteinlaw.com\/en\/wp-json\/wp\/v2\/pages\/30360\/revisions\/30365"}],"wp:attachment":[{"href":"https:\/\/bergsteinlaw.com\/en\/wp-json\/wp\/v2\/media?parent=30360"}],"curies":[{"name":"wp","href":"https:\/\/api.w.org\/{rel}","templated":true}]}}