{"id":30658,"date":"2024-12-24T17:28:20","date_gmt":"2024-12-24T20:28:20","guid":{"rendered":"https:\/\/bergsteinlaw.com\/?page_id=30658"},"modified":"2024-12-26T21:34:53","modified_gmt":"2024-12-27T00:34:53","slug":"reporte-tributario-n65","status":"publish","type":"page","link":"https:\/\/bergsteinlaw.com\/en\/reporte-tributario-n65\/","title":{"rendered":"(Espa\u00f1ol) Reporte Tributario N\u00b065"},"content":{"rendered":"\t\t<div data-elementor-type=\"wp-page\" data-elementor-id=\"30658\" class=\"elementor elementor-30658\">\n\t\t\t\t\t\t<div class=\"elementor-inner\">\n\t\t\t\t<div class=\"elementor-section-wrap\">\n\t\t\t\t\t\t\t\t\t<section class=\"elementor-section elementor-top-section elementor-element elementor-element-7cc02b2 elementor-section-full_width elementor-section-content-middle elementor-section-stretched cyg--cabezal elementor-section-height-default elementor-section-height-default sc_fly_static\" data-id=\"7cc02b2\" data-element_type=\"section\" data-settings=\"{&quot;stretch_section&quot;:&quot;section-stretched&quot;,&quot;background_background&quot;:&quot;classic&quot;}\">\n\t\t\t\t\t\t<div class=\"elementor-container elementor-column-gap-extended\">\n\t\t\t\t\t\t\t<div class=\"elementor-row\">\n\t\t\t\t\t<div class=\"elementor-column elementor-col-100 elementor-top-column elementor-element elementor-element-e1deec3 sc_inner_width_none sc_content_align_inherit sc_layouts_column_icons_position_left sc_fly_static\" data-id=\"e1deec3\" data-element_type=\"column\">\n\t\t\t<div class=\"elementor-column-wrap elementor-element-populated\">\n\t\t\t\t\t\t\t<div class=\"elementor-widget-wrap\">\n\t\t\t\t\t\t<div class=\"elementor-element elementor-element-64e3452 sc_fly_static elementor-widget elementor-widget-text-editor\" data-id=\"64e3452\" data-element_type=\"widget\" data-widget_type=\"text-editor.default\">\n\t\t\t\t<div class=\"elementor-widget-container\">\n\t\t\t\t\t\t\t\t<div class=\"elementor-text-editor elementor-clearfix\">\n\t\t\t\t<h2>Reporte TRIBUTARIO N\u00b065<\/h2>\t\t\t\t\t<\/div>\n\t\t\t\t\t\t<\/div>\n\t\t\t\t<\/div>\n\t\t\t\t\t\t<\/div>\n\t\t\t\t\t<\/div>\n\t\t<\/div>\n\t\t\t\t\t\t\t\t<\/div>\n\t\t\t\t\t<\/div>\n\t\t<\/section>\n\t\t\t\t<section class=\"elementor-section elementor-top-section elementor-element elementor-element-03c93e1 elementor-section-boxed elementor-section-height-default elementor-section-height-default sc_fly_static\" data-id=\"03c93e1\" data-element_type=\"section\">\n\t\t\t\t\t\t<div class=\"elementor-container elementor-column-gap-extended\">\n\t\t\t\t\t\t\t<div class=\"elementor-row\">\n\t\t\t\t\t<div class=\"elementor-column elementor-col-66 elementor-top-column elementor-element elementor-element-f848534 cyg--cont-content sc_inner_width_none sc_content_align_inherit sc_layouts_column_icons_position_left sc_fly_static\" data-id=\"f848534\" data-element_type=\"column\">\n\t\t\t<div class=\"elementor-column-wrap elementor-element-populated\">\n\t\t\t\t\t\t\t<div class=\"elementor-widget-wrap\">\n\t\t\t\t\t\t<div class=\"elementor-element elementor-element-81aef55 elementor-widget__width-initial sc_fly_static elementor-widget elementor-widget-text-editor\" data-id=\"81aef55\" data-element_type=\"widget\" data-widget_type=\"text-editor.default\">\n\t\t\t\t<div class=\"elementor-widget-container\">\n\t\t\t\t\t\t\t\t<div class=\"elementor-text-editor elementor-clearfix\">\n\t\t\t\t<div><strong><span style=\"font-family: verdana, geneva, sans-serif; font-size: 12pt; color: #000000;\">Normativa Comentada<\/span><\/strong><\/div><div><span style=\"font-family: verdana, geneva, sans-serif; font-size: 10pt; color: #000000;\">\u00a0<\/span><\/div><ul><li><span style=\"font-family: verdana, geneva, sans-serif; font-size: 10pt; color: #000000;\"><a style=\"color: #000000;\" href=\"https:\/\/bergsteinlaw.com\/beneficios-tributarios-empresas-vigilancia-electronica\/\">Beneficios tributarios para empresas que presten servicios de vigilancia electr\u00f3nica<\/a><br \/><\/span><\/li><li><a href=\"https:\/\/bergsteinlaw.com\/beneficios-tributarios-para-extranjeros\/\"><span style=\"font-family: verdana, geneva, sans-serif; font-size: 10pt; color: #000000;\">M\u00e1s beneficios tributarios para extranjeros<\/span><\/a><\/li><li><a href=\"https:\/\/bergsteinlaw.com\/impuesto-patrimonio\/\"><span style=\"font-family: verdana, geneva, sans-serif; font-size: 10pt; color: #000000;\">Impuesto al Patrimonio de las empresas &#8211; Se viene el 31 de diciembre<\/span><\/a><\/li><li><a href=\"https:\/\/bergsteinlaw.com\/impuesto-al-patrimonio-personas-fisicas\/\"><span style=\"font-family: verdana, geneva, sans-serif; font-size: 10pt; color: #000000;\">El 31 de diciembre y el Impuesto al Patrimonio de las personas f\u00edsicas<\/span><\/a><\/li><\/ul><div><span style=\"font-family: verdana, geneva, sans-serif; font-size: 10pt; color: #000000;\">\u00a0<\/span><\/div><div><span style=\"font-size: 12pt;\"><strong><span style=\"font-family: verdana, geneva, sans-serif; color: #000000;\">Consultas de la DGI<\/span><\/strong><\/span><\/div><div><span style=\"font-family: verdana, geneva, sans-serif; font-size: 10pt; color: #000000;\">\u00a0<\/span><\/div><ul><li><a href=\"https:\/\/bergsteinlaw.com\/cesion-de-derechos-de-mejor-postor-adquiridos-en-remate-y-su-gravabilidad-por-iva\/\"><span style=\"font-family: verdana, geneva, sans-serif; font-size: 10pt; color: #000000;\"><strong>Consulta N\u00b0 6.622<\/strong> &#8211; Cesi\u00f3n de derechos de mejor postor adquiridos en remate y su gravabilidad por IVA<\/span><\/a><\/li><li><a href=\"https:\/\/bergsteinlaw.com\/compra-de-viandas-para-el-personal-de-la-empresa-y-su-deducibilidad-a-los-efectos-del-iva\/\"><span style=\"font-family: verdana, geneva, sans-serif; font-size: 10pt; color: #000000;\"><strong>Consulta N\u00b0 6.658<\/strong> &#8211; Compra de viandas para el personal de la empresa y su deducibilidad a los efectos del IVA<\/span><\/a><\/li><li><a href=\"https:\/\/bergsteinlaw.com\/produccion-de-contenidos-audiovisuales-para-television-y-su-tratamiento-tributario\/\"><span style=\"font-family: verdana, geneva, sans-serif;\"><span style=\"font-size: 10pt;\"><strong><span style=\"color: #000000;\">Consulta<\/span> <span style=\"color: #000000;\">N\u00b0 6.682<\/span><\/strong> <\/span>&#8211;<\/span>\u00a0<span style=\"font-family: verdana, geneva, sans-serif; font-size: 10pt; color: #000000;\">Producci\u00f3n de contenidos audiovisuales para televisi\u00f3n y su tratamiento tributario<\/span><\/a><\/li><li><a href=\"https:\/\/bergsteinlaw.com\/plataforma-de-pagos-para-turistas-brasilenos-reduccion-de-iva\/\"><span style=\"font-family: verdana, geneva, sans-serif; font-size: 10pt; color: #000000;\"><strong>Consulta N\u00b0 6.618<\/strong> -Plataforma de pagos para turistas brasile\u00f1os: reducci\u00f3n de IVA<\/span><\/a><\/li><\/ul><div><span style=\"font-family: verdana, geneva, sans-serif; font-size: 10pt; color: #000000;\">\u00a0<\/span><\/div><div><span style=\"font-size: 12pt;\"><strong><span style=\"font-family: verdana, geneva, sans-serif; color: #000000;\">Noticias Breves<\/span><\/strong><\/span><\/div><div><span style=\"font-family: verdana, geneva, sans-serif; font-size: 10pt; color: #000000;\">\u00a0<\/span><\/div><ul><li><a href=\"https:\/\/bergsteinlaw.com\/facturacion-electronica-obligacion-de-adherirse-antes-de-fin-de-ano\/\"><span style=\"font-family: verdana, geneva, sans-serif; font-size: 10pt; color: #000000;\">Facturaci\u00f3n electr\u00f3nica: obligaci\u00f3n de adherirse antes de fin de a\u00f1o<\/span><\/a><\/li><\/ul><div><span style=\"font-family: verdana, geneva, sans-serif; font-size: 10pt; color: #000000;\">\u00a0<\/span><\/div><p><a href=\"https:\/\/drive.google.com\/file\/d\/1q5_JQKu2HtUtguVtduw1IoNRPj2wdFk5\/view?usp=sharing\">Descargar Reporte Tributario n\u00b0 65<\/a><\/p>\t\t\t\t\t<\/div>\n\t\t\t\t\t\t<\/div>\n\t\t\t\t<\/div>\n\t\t\t\t<div class=\"elementor-element elementor-element-f227e36 elementor-widget__width-initial sc_fly_static elementor-widget elementor-widget-text-editor\" data-id=\"f227e36\" data-element_type=\"widget\" data-widget_type=\"text-editor.default\">\n\t\t\t\t<div class=\"elementor-widget-container\">\n\t\t\t\t\t\t\t\t<div class=\"elementor-text-editor elementor-clearfix\">\n\t\t\t\t\t\t\t\t\t<\/div>\n\t\t\t\t\t\t<\/div>\n\t\t\t\t<\/div>\n\t\t\t\t\t\t<\/div>\n\t\t\t\t\t<\/div>\n\t\t<\/div>\n\t\t\t\t<div class=\"elementor-column elementor-col-33 elementor-top-column elementor-element elementor-element-46bd75e cyg--sidebar sc_inner_width_none sc_content_align_inherit sc_layouts_column_icons_position_left sc_fly_static\" data-id=\"46bd75e\" data-element_type=\"column\">\n\t\t\t<div class=\"elementor-column-wrap elementor-element-populated\">\n\t\t\t\t\t\t\t<div class=\"elementor-widget-wrap\">\n\t\t\t\t\t\t<div class=\"elementor-element elementor-element-b4ea192 sc_fly_static elementor-widget elementor-widget-text-editor\" data-id=\"b4ea192\" data-element_type=\"widget\" data-widget_type=\"text-editor.default\">\n\t\t\t\t<div class=\"elementor-widget-container\">\n\t\t\t\t\t\t\t\t<div class=\"elementor-text-editor elementor-clearfix\">\n\t\t\t\t<h5>Need more information?<\/h5><h6>CONTACT US<\/h6>\t\t\t\t\t<\/div>\n\t\t\t\t\t\t<\/div>\n\t\t\t\t<\/div>\n\t\t\t\t<div class=\"elementor-element elementor-element-d3bdebb sc_fly_static elementor-widget elementor-widget-shortcode\" data-id=\"d3bdebb\" data-element_type=\"widget\" data-widget_type=\"shortcode.default\">\n\t\t\t\t<div class=\"elementor-widget-container\">\n\t\t\t\t\t<div class=\"elementor-shortcode\">\n<div class=\"wpcf7 no-js\" id=\"wpcf7-f5597-o1\" lang=\"en-US\" dir=\"ltr\">\n<div class=\"screen-reader-response\"><p role=\"status\" aria-live=\"polite\" aria-atomic=\"true\"><\/p> <ul><\/ul><\/div>\n<form action=\"\/en\/wp-json\/wp\/v2\/pages\/30658#wpcf7-f5597-o1\" method=\"post\" class=\"wpcf7-form init\" aria-label=\"Contact form\" novalidate=\"novalidate\" data-status=\"init\">\n<div style=\"display: none;\">\n<input type=\"hidden\" name=\"_wpcf7\" value=\"5597\" \/>\n<input type=\"hidden\" name=\"_wpcf7_version\" value=\"5.8.3\" \/>\n<input type=\"hidden\" name=\"_wpcf7_locale\" value=\"en_US\" \/>\n<input type=\"hidden\" name=\"_wpcf7_unit_tag\" value=\"wpcf7-f5597-o1\" \/>\n<input type=\"hidden\" name=\"_wpcf7_container_post\" value=\"0\" \/>\n<input type=\"hidden\" name=\"_wpcf7_posted_data_hash\" value=\"\" \/>\n<\/div>\n<p><span class=\"wpcf7-form-control-wrap\" data-name=\"nombre\"><input size=\"40\" class=\"wpcf7-form-control wpcf7-text wpcf7-validates-as-required\" aria-required=\"true\" aria-invalid=\"false\" placeholder=\"Name\" value=\"\" type=\"text\" name=\"nombre\" \/><\/span><br \/>\n<span class=\"wpcf7-form-control-wrap\" data-name=\"correo\"><input size=\"40\" class=\"wpcf7-form-control wpcf7-email wpcf7-validates-as-required wpcf7-text wpcf7-validates-as-email\" aria-required=\"true\" aria-invalid=\"false\" placeholder=\"E-mail\" value=\"\" type=\"email\" name=\"correo\" \/><\/span><br \/>\n<span class=\"wpcf7-form-control-wrap\" data-name=\"msj\"><textarea cols=\"40\" rows=\"10\" class=\"wpcf7-form-control wpcf7-textarea\" aria-invalid=\"false\" placeholder=\"Message\" name=\"msj\"><\/textarea><\/span><br \/>\n<input class=\"wpcf7-form-control wpcf7-submit has-spinner\" id=\"submit\" type=\"submit\" value=\"Send\" \/>\n<\/p><div class=\"wpcf7-response-output\" aria-hidden=\"true\"><\/div>\n<\/form>\n<\/div>\n<\/div>\n\t\t\t\t<\/div>\n\t\t\t\t<\/div>\n\t\t\t\t\t\t<\/div>\n\t\t\t\t\t<\/div>\n\t\t<\/div>\n\t\t\t\t\t\t\t\t<\/div>\n\t\t\t\t\t<\/div>\n\t\t<\/section>\n\t\t\t\t<section class=\"elementor-section elementor-top-section elementor-element elementor-element-295d10b elementor-section-boxed elementor-section-height-default elementor-section-height-default sc_fly_static\" data-id=\"295d10b\" data-element_type=\"section\">\n\t\t\t\t\t\t<div class=\"elementor-container elementor-column-gap-extended\">\n\t\t\t\t\t\t\t<div class=\"elementor-row\">\n\t\t\t\t\t<div class=\"elementor-column elementor-col-100 elementor-top-column elementor-element elementor-element-f64135e sc_inner_width_none sc_content_align_inherit sc_layouts_column_icons_position_left sc_fly_static\" data-id=\"f64135e\" data-element_type=\"column\">\n\t\t\t<div class=\"elementor-column-wrap elementor-element-populated\">\n\t\t\t\t\t\t\t<div class=\"elementor-widget-wrap\">\n\t\t\t\t\t\t\t\t<\/div>\n\t\t\t\t\t<\/div>\n\t\t<\/div>\n\t\t\t\t\t\t\t\t<\/div>\n\t\t\t\t\t<\/div>\n\t\t<\/section>\n\t\t\t\t<section class=\"elementor-section elementor-top-section elementor-element elementor-element-4ac95f0 elementor-section-boxed elementor-section-height-default elementor-section-height-default sc_fly_static\" data-id=\"4ac95f0\" data-element_type=\"section\">\n\t\t\t\t\t\t<div class=\"elementor-container elementor-column-gap-extended\">\n\t\t\t\t\t\t\t<div class=\"elementor-row\">\n\t\t\t\t\t<div class=\"elementor-column elementor-col-100 elementor-top-column elementor-element elementor-element-b0132f4 sc_inner_width_none sc_content_align_inherit sc_layouts_column_icons_position_left sc_fly_static\" data-id=\"b0132f4\" data-element_type=\"column\">\n\t\t\t<div class=\"elementor-column-wrap elementor-element-populated\">\n\t\t\t\t\t\t\t<div class=\"elementor-widget-wrap\">\n\t\t\t\t\t\t\t\t<\/div>\n\t\t\t\t\t<\/div>\n\t\t<\/div>\n\t\t\t\t\t\t\t\t<\/div>\n\t\t\t\t\t<\/div>\n\t\t<\/section>\n\t\t\t\t\t\t\t\t\t<\/div>\n\t\t\t<\/div>\n\t\t\t\t\t<\/div>\n\t\t","protected":false},"excerpt":{"rendered":"<p>Reporte TRIBUTARIO N\u00b065 Normativa Comentada\u00a0 Beneficios tributarios para empresas que presten servicios de vigilancia electr\u00f3nica M\u00e1s beneficios tributarios para extranjeros Impuesto al Patrimonio de las empresas &#8211; Se viene el&hellip;<\/p>\n","protected":false},"author":3,"featured_media":0,"parent":0,"menu_order":0,"comment_status":"closed","ping_status":"closed","template":"","meta":{"footnotes":""},"acf":[],"_links":{"self":[{"href":"https:\/\/bergsteinlaw.com\/en\/wp-json\/wp\/v2\/pages\/30658"}],"collection":[{"href":"https:\/\/bergsteinlaw.com\/en\/wp-json\/wp\/v2\/pages"}],"about":[{"href":"https:\/\/bergsteinlaw.com\/en\/wp-json\/wp\/v2\/types\/page"}],"author":[{"embeddable":true,"href":"https:\/\/bergsteinlaw.com\/en\/wp-json\/wp\/v2\/users\/3"}],"replies":[{"embeddable":true,"href":"https:\/\/bergsteinlaw.com\/en\/wp-json\/wp\/v2\/comments?post=30658"}],"version-history":[{"count":40,"href":"https:\/\/bergsteinlaw.com\/en\/wp-json\/wp\/v2\/pages\/30658\/revisions"}],"predecessor-version":[{"id":30756,"href":"https:\/\/bergsteinlaw.com\/en\/wp-json\/wp\/v2\/pages\/30658\/revisions\/30756"}],"wp:attachment":[{"href":"https:\/\/bergsteinlaw.com\/en\/wp-json\/wp\/v2\/media?parent=30658"}],"curies":[{"name":"wp","href":"https:\/\/api.w.org\/{rel}","templated":true}]}}