{"id":30715,"date":"2024-12-24T19:31:16","date_gmt":"2024-12-24T22:31:16","guid":{"rendered":"https:\/\/bergsteinlaw.com\/?page_id=30715"},"modified":"2024-12-24T19:34:43","modified_gmt":"2024-12-24T22:34:43","slug":"produccion-de-contenidos-audiovisuales-para-television-y-su-tratamiento-tributario","status":"publish","type":"page","link":"https:\/\/bergsteinlaw.com\/en\/produccion-de-contenidos-audiovisuales-para-television-y-su-tratamiento-tributario\/","title":{"rendered":"(Espa\u00f1ol) Producci\u00f3n de contenidos audiovisuales para televisi\u00f3n y su tratamiento tributario"},"content":{"rendered":"\t\t<div data-elementor-type=\"wp-page\" data-elementor-id=\"30715\" class=\"elementor elementor-30715\">\n\t\t\t\t\t\t<div class=\"elementor-inner\">\n\t\t\t\t<div class=\"elementor-section-wrap\">\n\t\t\t\t\t\t\t\t\t<section class=\"elementor-section elementor-top-section elementor-element elementor-element-7cc02b2 elementor-section-full_width elementor-section-content-middle elementor-section-stretched cyg--cabezal elementor-section-height-default elementor-section-height-default sc_fly_static\" data-id=\"7cc02b2\" data-element_type=\"section\" data-settings=\"{&quot;stretch_section&quot;:&quot;section-stretched&quot;,&quot;background_background&quot;:&quot;classic&quot;}\">\n\t\t\t\t\t\t<div class=\"elementor-container elementor-column-gap-extended\">\n\t\t\t\t\t\t\t<div class=\"elementor-row\">\n\t\t\t\t\t<div class=\"elementor-column elementor-col-100 elementor-top-column elementor-element elementor-element-e1deec3 sc_inner_width_none sc_content_align_inherit sc_layouts_column_icons_position_left sc_fly_static\" data-id=\"e1deec3\" data-element_type=\"column\">\n\t\t\t<div class=\"elementor-column-wrap elementor-element-populated\">\n\t\t\t\t\t\t\t<div class=\"elementor-widget-wrap\">\n\t\t\t\t\t\t<div class=\"elementor-element elementor-element-64e3452 sc_fly_static elementor-widget elementor-widget-text-editor\" data-id=\"64e3452\" data-element_type=\"widget\" data-widget_type=\"text-editor.default\">\n\t\t\t\t<div class=\"elementor-widget-container\">\n\t\t\t\t\t\t\t\t<div class=\"elementor-text-editor elementor-clearfix\">\n\t\t\t\t<h2>Reporte TRIBUTARIO N\u00b065<\/h2>\t\t\t\t\t<\/div>\n\t\t\t\t\t\t<\/div>\n\t\t\t\t<\/div>\n\t\t\t\t\t\t<\/div>\n\t\t\t\t\t<\/div>\n\t\t<\/div>\n\t\t\t\t\t\t\t\t<\/div>\n\t\t\t\t\t<\/div>\n\t\t<\/section>\n\t\t\t\t<section class=\"elementor-section elementor-top-section elementor-element elementor-element-03c93e1 elementor-section-boxed elementor-section-height-default elementor-section-height-default sc_fly_static\" data-id=\"03c93e1\" data-element_type=\"section\">\n\t\t\t\t\t\t<div class=\"elementor-container elementor-column-gap-extended\">\n\t\t\t\t\t\t\t<div class=\"elementor-row\">\n\t\t\t\t\t<div class=\"elementor-column elementor-col-66 elementor-top-column elementor-element elementor-element-f848534 cyg--cont-content sc_inner_width_none sc_content_align_inherit sc_layouts_column_icons_position_left sc_fly_static\" data-id=\"f848534\" data-element_type=\"column\">\n\t\t\t<div class=\"elementor-column-wrap elementor-element-populated\">\n\t\t\t\t\t\t\t<div class=\"elementor-widget-wrap\">\n\t\t\t\t\t\t<div class=\"elementor-element elementor-element-4ad6161 sc_fly_static elementor-widget elementor-widget-heading\" data-id=\"4ad6161\" data-element_type=\"widget\" data-widget_type=\"heading.default\">\n\t\t\t\t<div class=\"elementor-widget-container\">\n\t\t\t<h1 class=\"elementor-heading-title elementor-size-large\">Producci\u00f3n de contenidos audiovisuales para televisi\u00f3n y su tratamiento tributario<\/h1>\t\t<\/div>\n\t\t\t\t<\/div>\n\t\t\t\t<div class=\"elementor-element elementor-element-81aef55 elementor-widget__width-initial sc_fly_static elementor-widget elementor-widget-text-editor\" data-id=\"81aef55\" data-element_type=\"widget\" data-widget_type=\"text-editor.default\">\n\t\t\t\t<div class=\"elementor-widget-container\">\n\t\t\t\t\t\t\t\t<div class=\"elementor-text-editor elementor-clearfix\">\n\t\t\t\t<p>Una compa\u00f1\u00eda dedicada a la producci\u00f3n de contenidos audiovisuales para televisi\u00f3n (la \u201cEmpresa\u201d), plante\u00f3 una consulta vinculante (la N\u00b0 6.682) ante la Direcci\u00f3n General Impositiva (DGI) preguntando acerca del tratamiento tributario de su actividad.<\/p><p>La consulta estuvo vinculada fundamentalmente a dos (2) impuestos: el IVA y el IRNR.<\/p><p>Ello pues la Empresa vende dichos contenidos a entidades residentes en el exterior, y contrata los servicios de varios prestadores (tambi\u00e9n residentes en el exterior), incluyendo &#8211;por ejemplo&#8211; directores, operadores de c\u00e1mara, etc\u00e9tera.<\/p><p>Asimismo, contrata los servicios de \u201cagentes\u201d (l\u00e9ase: mediadores) extranjeros, que contactan a potenciales clientes, cobrando una comisi\u00f3n. Estos servicios de mediaci\u00f3n ser\u00edan prestados tanto en Uruguay como en el exterior.<\/p><p>Finalmente, la empresa participa en una coproducci\u00f3n internacional, contratando para ello determinados servicios log\u00edsticos.<\/p><p>La DGI respondi\u00f3 arribando a las siguientes conclusiones:<\/p><p>(i) Las ventas derivadas de la producci\u00f3n de material televisivo a entidades no residentes, encuadran dentro del r\u00e9gimen de exportaci\u00f3n de servicios (bajo el numeral 9 del art\u00edculo 34 del Decreto N\u00b0 220\/998).<\/p><p>En la medida que dicho material fuese producido en un formato que permitiese su distribuci\u00f3n por otros medios diferentes del de la televisi\u00f3n, no podr\u00eda hablarse de exportaci\u00f3n de servicios.<\/p><p>(ii) La Empresa deber\u00e1 actuar como agente de retenci\u00f3n del IRNR correspondiente a aquellos prestadores de servicios t\u00e9cnicos (incluyendo directores y operadores de c\u00e1mara).<\/p><p>En la media que estos servicios t\u00e9cnicos sean prestados exclusivamente en el exterior, la Empresa no deber\u00e1 retener IVA. En caso contrario, s\u00ed deber\u00e1 hacerlo.<\/p><p>(iii) Las comisiones que pague la Empresa no estar\u00edan sujetas a retenci\u00f3n de IRNR (por no calificar la mediaci\u00f3n como un servicio t\u00e9cnico).<\/p><p>En la medida que la actividad de mediaci\u00f3n sea realizada \u00edntegramente en el exterior, dichas comisiones tampoco estar\u00e1n sujetas a retenci\u00f3n de IVA. En caso de que esta actividad sea prestada tambi\u00e9n Uruguay, s\u00ed estar\u00e1 sujeta a retenci\u00f3n de IVA la porci\u00f3n de la comisi\u00f3n que corresponda a aqu\u00e9l servicio efectivamente prestado en territorio uruguayo.<\/p><p>(iv) Los servicios log\u00edsticos contratados por la Empresa a los efectos de la coproducci\u00f3n internacional estar\u00edan comprendidos en el numeral 10 del art\u00edculo 34 del Decreto N\u00b0 220\/998, calificando como exportaci\u00f3n, siempre y cuando el Ministerio de Educaci\u00f3n y Cultura expida una constancia que certifique que el Estado uruguayo participa de dicha coproducci\u00f3n.<\/p><p>La Empresa deber\u00eda retener IRNR sobre el precio de dichos servicios, solo en el eventual caso de que sean prestados en territorio uruguayo.<\/p><p>\u00a0<\/p><p>\u00a0<\/p>\t\t\t\t\t<\/div>\n\t\t\t\t\t\t<\/div>\n\t\t\t\t<\/div>\n\t\t\t\t\t\t<\/div>\n\t\t\t\t\t<\/div>\n\t\t<\/div>\n\t\t\t\t<div class=\"elementor-column elementor-col-33 elementor-top-column elementor-element elementor-element-46bd75e cyg--sidebar sc_inner_width_none sc_content_align_inherit sc_layouts_column_icons_position_left sc_fly_static\" data-id=\"46bd75e\" data-element_type=\"column\">\n\t\t\t<div class=\"elementor-column-wrap elementor-element-populated\">\n\t\t\t\t\t\t\t<div class=\"elementor-widget-wrap\">\n\t\t\t\t\t\t<div class=\"elementor-element elementor-element-b4ea192 sc_fly_static elementor-widget elementor-widget-text-editor\" data-id=\"b4ea192\" data-element_type=\"widget\" data-widget_type=\"text-editor.default\">\n\t\t\t\t<div class=\"elementor-widget-container\">\n\t\t\t\t\t\t\t\t<div class=\"elementor-text-editor elementor-clearfix\">\n\t\t\t\t<h5>Need more information?<\/h5><h6>CONTACT US<\/h6>\t\t\t\t\t<\/div>\n\t\t\t\t\t\t<\/div>\n\t\t\t\t<\/div>\n\t\t\t\t<div class=\"elementor-element elementor-element-d3bdebb sc_fly_static elementor-widget elementor-widget-shortcode\" data-id=\"d3bdebb\" data-element_type=\"widget\" data-widget_type=\"shortcode.default\">\n\t\t\t\t<div class=\"elementor-widget-container\">\n\t\t\t\t\t<div class=\"elementor-shortcode\">\n<div class=\"wpcf7 no-js\" id=\"wpcf7-f5597-o1\" lang=\"en-US\" dir=\"ltr\">\n<div class=\"screen-reader-response\"><p role=\"status\" aria-live=\"polite\" aria-atomic=\"true\"><\/p> <ul><\/ul><\/div>\n<form action=\"\/en\/wp-json\/wp\/v2\/pages\/30715#wpcf7-f5597-o1\" method=\"post\" class=\"wpcf7-form init\" aria-label=\"Contact form\" novalidate=\"novalidate\" data-status=\"init\">\n<div style=\"display: none;\">\n<input type=\"hidden\" name=\"_wpcf7\" value=\"5597\" \/>\n<input type=\"hidden\" name=\"_wpcf7_version\" value=\"5.8.3\" \/>\n<input type=\"hidden\" name=\"_wpcf7_locale\" value=\"en_US\" \/>\n<input type=\"hidden\" name=\"_wpcf7_unit_tag\" value=\"wpcf7-f5597-o1\" \/>\n<input type=\"hidden\" name=\"_wpcf7_container_post\" value=\"0\" \/>\n<input type=\"hidden\" name=\"_wpcf7_posted_data_hash\" value=\"\" \/>\n<\/div>\n<p><span class=\"wpcf7-form-control-wrap\" data-name=\"nombre\"><input size=\"40\" class=\"wpcf7-form-control wpcf7-text wpcf7-validates-as-required\" aria-required=\"true\" aria-invalid=\"false\" placeholder=\"Name\" value=\"\" type=\"text\" name=\"nombre\" \/><\/span><br \/>\n<span class=\"wpcf7-form-control-wrap\" data-name=\"correo\"><input size=\"40\" class=\"wpcf7-form-control wpcf7-email wpcf7-validates-as-required wpcf7-text wpcf7-validates-as-email\" aria-required=\"true\" aria-invalid=\"false\" placeholder=\"E-mail\" value=\"\" type=\"email\" name=\"correo\" \/><\/span><br \/>\n<span class=\"wpcf7-form-control-wrap\" data-name=\"msj\"><textarea cols=\"40\" rows=\"10\" class=\"wpcf7-form-control wpcf7-textarea\" aria-invalid=\"false\" placeholder=\"Message\" name=\"msj\"><\/textarea><\/span><br \/>\n<input class=\"wpcf7-form-control wpcf7-submit has-spinner\" id=\"submit\" type=\"submit\" value=\"Send\" \/>\n<\/p><div class=\"wpcf7-response-output\" aria-hidden=\"true\"><\/div>\n<\/form>\n<\/div>\n<\/div>\n\t\t\t\t<\/div>\n\t\t\t\t<\/div>\n\t\t\t\t\t\t<\/div>\n\t\t\t\t\t<\/div>\n\t\t<\/div>\n\t\t\t\t\t\t\t\t<\/div>\n\t\t\t\t\t<\/div>\n\t\t<\/section>\n\t\t\t\t\t\t\t\t\t<\/div>\n\t\t\t<\/div>\n\t\t\t\t\t<\/div>\n\t\t","protected":false},"excerpt":{"rendered":"<p>Reporte TRIBUTARIO N\u00b065 Producci\u00f3n de contenidos audiovisuales para televisi\u00f3n y su tratamiento tributario Una compa\u00f1\u00eda dedicada a la producci\u00f3n de contenidos audiovisuales para televisi\u00f3n (la \u201cEmpresa\u201d), plante\u00f3 una consulta vinculante&hellip;<\/p>\n","protected":false},"author":3,"featured_media":0,"parent":0,"menu_order":0,"comment_status":"closed","ping_status":"closed","template":"","meta":{"footnotes":""},"acf":[],"_links":{"self":[{"href":"https:\/\/bergsteinlaw.com\/en\/wp-json\/wp\/v2\/pages\/30715"}],"collection":[{"href":"https:\/\/bergsteinlaw.com\/en\/wp-json\/wp\/v2\/pages"}],"about":[{"href":"https:\/\/bergsteinlaw.com\/en\/wp-json\/wp\/v2\/types\/page"}],"author":[{"embeddable":true,"href":"https:\/\/bergsteinlaw.com\/en\/wp-json\/wp\/v2\/users\/3"}],"replies":[{"embeddable":true,"href":"https:\/\/bergsteinlaw.com\/en\/wp-json\/wp\/v2\/comments?post=30715"}],"version-history":[{"count":4,"href":"https:\/\/bergsteinlaw.com\/en\/wp-json\/wp\/v2\/pages\/30715\/revisions"}],"predecessor-version":[{"id":30719,"href":"https:\/\/bergsteinlaw.com\/en\/wp-json\/wp\/v2\/pages\/30715\/revisions\/30719"}],"wp:attachment":[{"href":"https:\/\/bergsteinlaw.com\/en\/wp-json\/wp\/v2\/media?parent=30715"}],"curies":[{"name":"wp","href":"https:\/\/api.w.org\/{rel}","templated":true}]}}