{"id":30840,"date":"2025-03-05T17:21:44","date_gmt":"2025-03-05T20:21:44","guid":{"rendered":"https:\/\/bergsteinlaw.com\/?page_id=30840"},"modified":"2025-03-05T17:22:40","modified_gmt":"2025-03-05T20:22:40","slug":"criterios-de-valuacion-de-inmuebles-rurales-para-el-ip-y-sobretasa-por-sas-la-dgi-modifica-su-criterio","status":"publish","type":"page","link":"https:\/\/bergsteinlaw.com\/en\/criterios-de-valuacion-de-inmuebles-rurales-para-el-ip-y-sobretasa-por-sas-la-dgi-modifica-su-criterio\/","title":{"rendered":"(Espa\u00f1ol) Criterios de valuaci\u00f3n de inmuebles rurales para el IP y Sobretasa por SAS: la DGI modifica su criterio"},"content":{"rendered":"\t\t<div data-elementor-type=\"wp-page\" data-elementor-id=\"30840\" class=\"elementor elementor-30840\">\n\t\t\t\t\t\t<div class=\"elementor-inner\">\n\t\t\t\t<div class=\"elementor-section-wrap\">\n\t\t\t\t\t\t\t\t\t<section class=\"elementor-section elementor-top-section elementor-element elementor-element-7cc02b2 elementor-section-full_width elementor-section-content-middle elementor-section-stretched cyg--cabezal elementor-section-height-default elementor-section-height-default sc_fly_static\" data-id=\"7cc02b2\" data-element_type=\"section\" data-settings=\"{&quot;stretch_section&quot;:&quot;section-stretched&quot;,&quot;background_background&quot;:&quot;classic&quot;}\">\n\t\t\t\t\t\t<div class=\"elementor-container elementor-column-gap-extended\">\n\t\t\t\t\t\t\t<div class=\"elementor-row\">\n\t\t\t\t\t<div class=\"elementor-column elementor-col-100 elementor-top-column elementor-element elementor-element-e1deec3 sc_inner_width_none sc_content_align_inherit sc_layouts_column_icons_position_left sc_fly_static\" data-id=\"e1deec3\" data-element_type=\"column\">\n\t\t\t<div class=\"elementor-column-wrap elementor-element-populated\">\n\t\t\t\t\t\t\t<div class=\"elementor-widget-wrap\">\n\t\t\t\t\t\t<div class=\"elementor-element elementor-element-64e3452 sc_fly_static elementor-widget elementor-widget-text-editor\" data-id=\"64e3452\" data-element_type=\"widget\" data-widget_type=\"text-editor.default\">\n\t\t\t\t<div class=\"elementor-widget-container\">\n\t\t\t\t\t\t\t\t<div class=\"elementor-text-editor elementor-clearfix\">\n\t\t\t\t<h2>Reporte TRIBUTARIO N\u00b066<\/h2>\t\t\t\t\t<\/div>\n\t\t\t\t\t\t<\/div>\n\t\t\t\t<\/div>\n\t\t\t\t\t\t<\/div>\n\t\t\t\t\t<\/div>\n\t\t<\/div>\n\t\t\t\t\t\t\t\t<\/div>\n\t\t\t\t\t<\/div>\n\t\t<\/section>\n\t\t\t\t<section class=\"elementor-section elementor-top-section elementor-element elementor-element-03c93e1 elementor-section-boxed elementor-section-height-default elementor-section-height-default sc_fly_static\" data-id=\"03c93e1\" data-element_type=\"section\">\n\t\t\t\t\t\t<div class=\"elementor-container elementor-column-gap-extended\">\n\t\t\t\t\t\t\t<div class=\"elementor-row\">\n\t\t\t\t\t<div class=\"elementor-column elementor-col-66 elementor-top-column elementor-element elementor-element-f848534 cyg--cont-content sc_inner_width_none sc_content_align_inherit sc_layouts_column_icons_position_left sc_fly_static\" data-id=\"f848534\" data-element_type=\"column\">\n\t\t\t<div class=\"elementor-column-wrap elementor-element-populated\">\n\t\t\t\t\t\t\t<div class=\"elementor-widget-wrap\">\n\t\t\t\t\t\t<div class=\"elementor-element elementor-element-4ad6161 sc_fly_static elementor-widget elementor-widget-heading\" data-id=\"4ad6161\" data-element_type=\"widget\" data-widget_type=\"heading.default\">\n\t\t\t\t<div class=\"elementor-widget-container\">\n\t\t\t<h1 class=\"elementor-heading-title elementor-size-large\">Criterios de valuaci\u00f3n de inmuebles rurales para el IP y Sobretasa por SAS: la DGI modifica su criterio <\/h1>\t\t<\/div>\n\t\t\t\t<\/div>\n\t\t\t\t<div class=\"elementor-element elementor-element-81aef55 elementor-widget__width-initial sc_fly_static elementor-widget elementor-widget-text-editor\" data-id=\"81aef55\" data-element_type=\"widget\" data-widget_type=\"text-editor.default\">\n\t\t\t\t<div class=\"elementor-widget-container\">\n\t\t\t\t\t\t\t\t<div class=\"elementor-text-editor elementor-clearfix\">\n\t\t\t\t<p>En una consulta publicada este mes de febrero, la Direcci\u00f3n General Impositiva (\u201cDGI\u201d) respondi\u00f3 a la cuesti\u00f3n planteada por una Sociedad por Acciones Simplificada (SAS) sobre el criterio de valuaci\u00f3n de los inmuebles rurales afectados a la explotaci\u00f3n agropecuaria, en la que cambia el criterio sostenido anteriormente en el caso de valuaci\u00f3n para la sobretasa del Impuesto al Patrimonio (\u201cla Sobretasa\u201d).<\/p><p>Seg\u00fan se puede leer del texto de la consulta publicada, la consultante estaba pr\u00f3xima a adquirir diversos inmuebles rurales que, adem\u00e1s de contribuyente del IP agropecuario, la convertir\u00edan en contribuyente de la Sobretasa. Debido a ello, pretend\u00eda esclarecer con la Administraci\u00f3n si a los efectos de liquidar dicho impuesto pod\u00eda valuar los inmuebles de acuerdo con criterio establecido en el inciso tercero del literal A) del art\u00edculo 9\u00b0 del T\u00edtulo 14 del T.O. 1996 (actualmente, art. 11 del T. 14 T.O. 2023), esto es, el valor catastral vigente al a\u00f1o 2012, reajustado por el \u00cdndice de Precios de Agricultura, Ganader\u00eda, Caza y Silvicultura (\u201cvalor catastral reajustado\u201d). Ese era el criterio que la consultante promov\u00eda a modo de adelanto de opini\u00f3n.<\/p><p>Aclar\u00f3, adem\u00e1s, que sus acciones eran nominativas, pero los titulares de estas no eran personas f\u00edsicas, por lo que la consultante estaba comprendida en el art\u00edculo 52\u00b0 del T\u00edtulo 14 del T.O.1996 (actualmente el art\u00edculo 67 T. 14 del T.O. 2023).<\/p><p>De acuerdo con lo establecido por el art\u00edculo 42 de la Ley N\u00ba 19.820 \u2013ley que reglamenta las SAS&#8211;, estas reciben el mismo tratamiento tributario que las sociedades personales.<\/p><p>A partir de esa premisa, la DGI entendi\u00f3 que el art\u00edculo 25 del Decreto N\u00b0 30\/015 \u2013decreto reglamentario del IP&#8211;, en su \u00faltimo inciso, permite que las sociedades personales, aun cuando est\u00e9n incluidas en el art\u00edculo 52\u00b0 del T\u00edtulo 14 del T.O.1996, pueden valuar los inmuebles rurales de acuerdo con el valor catastral reajustado.<\/p><p>El punto de inter\u00e9s de la consulta comentada radica en la Sobretasa. La DGI sostuvo que se deben mantener los mismos criterios de valuaci\u00f3n aplicados en la liquidaci\u00f3n del IP, salvo los casos espec\u00edficos considerados en el art\u00edculo 30 del Decreto N\u00b0 30\/015 (bosques comprendidos en la Ley N\u00b0 15.939 y montes citr\u00edcolas comprendidos en la Ley N\u00b0 16.002). Por lo tanto, concluye que los inmuebles rurales por los cuales se plantea la consulta podr\u00e1n ser valuados de conformidad con el valor catastral reajustado.<\/p><p>La DGI aclar\u00f3 que el criterio expuesto en su respuesta significaba un cambio de criterio del expuesto en la Consulta N\u00b0 6.472. En dicha consulta La Administraci\u00f3n hab\u00eda sostenido que el \u00faltimo inciso del art\u00edculo 54\u00b0 del T\u00edtulo 14 no habilitaba a valuar todos los inmuebles rurales por el valor real, sino que por la norma reglamentaria (art\u00edculo 30 del Decreto N\u00b0 30\/015), dicho valor solo se pod\u00eda considerar para los bosques comprendidos en la Ley N\u00b0 15.939, los montes citr\u00edcolas de la Ley N\u00b0 16.002 y las \u00e1reas que los ocupan. Si bien la DGI aclara en la nueva consulta que esto \u00faltimo se mantiene, con el nuevo criterio las sociedades personales, aun cuando est\u00e9n comprendidas en el art\u00edculo 52, podr\u00e1n valuar los inmuebles rurales por su valor catastral reajustado, independientemente de que estos contengan los bosques o montes citr\u00edcolas referidos.<\/p>\t\t\t\t\t<\/div>\n\t\t\t\t\t\t<\/div>\n\t\t\t\t<\/div>\n\t\t\t\t\t\t<\/div>\n\t\t\t\t\t<\/div>\n\t\t<\/div>\n\t\t\t\t<div class=\"elementor-column elementor-col-33 elementor-top-column elementor-element elementor-element-46bd75e cyg--sidebar sc_inner_width_none sc_content_align_inherit sc_layouts_column_icons_position_left sc_fly_static\" data-id=\"46bd75e\" data-element_type=\"column\">\n\t\t\t<div class=\"elementor-column-wrap elementor-element-populated\">\n\t\t\t\t\t\t\t<div class=\"elementor-widget-wrap\">\n\t\t\t\t\t\t<div class=\"elementor-element elementor-element-b4ea192 sc_fly_static elementor-widget elementor-widget-text-editor\" data-id=\"b4ea192\" data-element_type=\"widget\" data-widget_type=\"text-editor.default\">\n\t\t\t\t<div class=\"elementor-widget-container\">\n\t\t\t\t\t\t\t\t<div class=\"elementor-text-editor elementor-clearfix\">\n\t\t\t\t<h5>Need more information?<\/h5><h6>CONTACT US<\/h6>\t\t\t\t\t<\/div>\n\t\t\t\t\t\t<\/div>\n\t\t\t\t<\/div>\n\t\t\t\t<div class=\"elementor-element elementor-element-d3bdebb sc_fly_static elementor-widget elementor-widget-shortcode\" data-id=\"d3bdebb\" data-element_type=\"widget\" data-widget_type=\"shortcode.default\">\n\t\t\t\t<div class=\"elementor-widget-container\">\n\t\t\t\t\t<div class=\"elementor-shortcode\">\n<div class=\"wpcf7 no-js\" id=\"wpcf7-f5597-o1\" lang=\"en-US\" dir=\"ltr\">\n<div class=\"screen-reader-response\"><p role=\"status\" aria-live=\"polite\" aria-atomic=\"true\"><\/p> <ul><\/ul><\/div>\n<form action=\"\/en\/wp-json\/wp\/v2\/pages\/30840#wpcf7-f5597-o1\" method=\"post\" class=\"wpcf7-form init\" aria-label=\"Contact form\" novalidate=\"novalidate\" data-status=\"init\">\n<div style=\"display: none;\">\n<input type=\"hidden\" name=\"_wpcf7\" value=\"5597\" \/>\n<input type=\"hidden\" name=\"_wpcf7_version\" value=\"5.8.3\" \/>\n<input type=\"hidden\" name=\"_wpcf7_locale\" value=\"en_US\" \/>\n<input type=\"hidden\" name=\"_wpcf7_unit_tag\" value=\"wpcf7-f5597-o1\" \/>\n<input type=\"hidden\" name=\"_wpcf7_container_post\" value=\"0\" \/>\n<input type=\"hidden\" name=\"_wpcf7_posted_data_hash\" value=\"\" \/>\n<\/div>\n<p><span class=\"wpcf7-form-control-wrap\" data-name=\"nombre\"><input size=\"40\" class=\"wpcf7-form-control wpcf7-text wpcf7-validates-as-required\" aria-required=\"true\" aria-invalid=\"false\" placeholder=\"Name\" value=\"\" type=\"text\" name=\"nombre\" \/><\/span><br \/>\n<span class=\"wpcf7-form-control-wrap\" data-name=\"correo\"><input size=\"40\" class=\"wpcf7-form-control wpcf7-email wpcf7-validates-as-required wpcf7-text wpcf7-validates-as-email\" aria-required=\"true\" aria-invalid=\"false\" placeholder=\"E-mail\" value=\"\" type=\"email\" name=\"correo\" \/><\/span><br \/>\n<span class=\"wpcf7-form-control-wrap\" data-name=\"msj\"><textarea cols=\"40\" rows=\"10\" class=\"wpcf7-form-control wpcf7-textarea\" aria-invalid=\"false\" placeholder=\"Message\" name=\"msj\"><\/textarea><\/span><br \/>\n<input class=\"wpcf7-form-control wpcf7-submit has-spinner\" id=\"submit\" type=\"submit\" value=\"Send\" \/>\n<\/p><div class=\"wpcf7-response-output\" aria-hidden=\"true\"><\/div>\n<\/form>\n<\/div>\n<\/div>\n\t\t\t\t<\/div>\n\t\t\t\t<\/div>\n\t\t\t\t\t\t<\/div>\n\t\t\t\t\t<\/div>\n\t\t<\/div>\n\t\t\t\t\t\t\t\t<\/div>\n\t\t\t\t\t<\/div>\n\t\t<\/section>\n\t\t\t\t\t\t\t\t\t<\/div>\n\t\t\t<\/div>\n\t\t\t\t\t<\/div>\n\t\t","protected":false},"excerpt":{"rendered":"<p>Reporte TRIBUTARIO N\u00b066 Criterios de valuaci\u00f3n de inmuebles rurales para el IP y Sobretasa por SAS: la DGI modifica su criterio En una consulta publicada este mes de febrero, la&hellip;<\/p>\n","protected":false},"author":3,"featured_media":0,"parent":0,"menu_order":0,"comment_status":"closed","ping_status":"closed","template":"","meta":{"footnotes":""},"acf":[],"_links":{"self":[{"href":"https:\/\/bergsteinlaw.com\/en\/wp-json\/wp\/v2\/pages\/30840"}],"collection":[{"href":"https:\/\/bergsteinlaw.com\/en\/wp-json\/wp\/v2\/pages"}],"about":[{"href":"https:\/\/bergsteinlaw.com\/en\/wp-json\/wp\/v2\/types\/page"}],"author":[{"embeddable":true,"href":"https:\/\/bergsteinlaw.com\/en\/wp-json\/wp\/v2\/users\/3"}],"replies":[{"embeddable":true,"href":"https:\/\/bergsteinlaw.com\/en\/wp-json\/wp\/v2\/comments?post=30840"}],"version-history":[{"count":8,"href":"https:\/\/bergsteinlaw.com\/en\/wp-json\/wp\/v2\/pages\/30840\/revisions"}],"predecessor-version":[{"id":30848,"href":"https:\/\/bergsteinlaw.com\/en\/wp-json\/wp\/v2\/pages\/30840\/revisions\/30848"}],"wp:attachment":[{"href":"https:\/\/bergsteinlaw.com\/en\/wp-json\/wp\/v2\/media?parent=30840"}],"curies":[{"name":"wp","href":"https:\/\/api.w.org\/{rel}","templated":true}]}}