{"id":30913,"date":"2025-03-30T17:49:24","date_gmt":"2025-03-30T20:49:24","guid":{"rendered":"https:\/\/bergsteinlaw.com\/?page_id=30913"},"modified":"2025-04-01T12:34:26","modified_gmt":"2025-04-01T15:34:26","slug":"reporte-tributario-n67","status":"publish","type":"page","link":"https:\/\/bergsteinlaw.com\/en\/reporte-tributario-n67\/","title":{"rendered":"(Espa\u00f1ol) Reporte Tributario N\u00b067"},"content":{"rendered":"\t\t<div data-elementor-type=\"wp-page\" data-elementor-id=\"30913\" class=\"elementor elementor-30913\">\n\t\t\t\t\t\t<div class=\"elementor-inner\">\n\t\t\t\t<div class=\"elementor-section-wrap\">\n\t\t\t\t\t\t\t\t\t<section class=\"elementor-section elementor-top-section elementor-element elementor-element-7cc02b2 elementor-section-full_width elementor-section-content-middle elementor-section-stretched cyg--cabezal elementor-section-height-default elementor-section-height-default sc_fly_static\" data-id=\"7cc02b2\" data-element_type=\"section\" data-settings=\"{&quot;stretch_section&quot;:&quot;section-stretched&quot;,&quot;background_background&quot;:&quot;classic&quot;}\">\n\t\t\t\t\t\t<div class=\"elementor-container elementor-column-gap-extended\">\n\t\t\t\t\t\t\t<div class=\"elementor-row\">\n\t\t\t\t\t<div class=\"elementor-column elementor-col-100 elementor-top-column elementor-element elementor-element-e1deec3 sc_inner_width_none sc_content_align_inherit sc_layouts_column_icons_position_left sc_fly_static\" data-id=\"e1deec3\" data-element_type=\"column\">\n\t\t\t<div class=\"elementor-column-wrap elementor-element-populated\">\n\t\t\t\t\t\t\t<div class=\"elementor-widget-wrap\">\n\t\t\t\t\t\t<div class=\"elementor-element elementor-element-64e3452 sc_fly_static elementor-widget elementor-widget-text-editor\" data-id=\"64e3452\" data-element_type=\"widget\" data-widget_type=\"text-editor.default\">\n\t\t\t\t<div class=\"elementor-widget-container\">\n\t\t\t\t\t\t\t\t<div class=\"elementor-text-editor elementor-clearfix\">\n\t\t\t\t<h2>Reporte TRIBUTARIO N\u00b067<\/h2>\t\t\t\t\t<\/div>\n\t\t\t\t\t\t<\/div>\n\t\t\t\t<\/div>\n\t\t\t\t\t\t<\/div>\n\t\t\t\t\t<\/div>\n\t\t<\/div>\n\t\t\t\t\t\t\t\t<\/div>\n\t\t\t\t\t<\/div>\n\t\t<\/section>\n\t\t\t\t<section class=\"elementor-section elementor-top-section elementor-element elementor-element-03c93e1 elementor-section-boxed elementor-section-height-default elementor-section-height-default sc_fly_static\" data-id=\"03c93e1\" data-element_type=\"section\">\n\t\t\t\t\t\t<div class=\"elementor-container elementor-column-gap-extended\">\n\t\t\t\t\t\t\t<div class=\"elementor-row\">\n\t\t\t\t\t<div class=\"elementor-column elementor-col-66 elementor-top-column elementor-element elementor-element-f848534 cyg--cont-content sc_inner_width_none sc_content_align_inherit sc_layouts_column_icons_position_left sc_fly_static\" data-id=\"f848534\" data-element_type=\"column\">\n\t\t\t<div class=\"elementor-column-wrap elementor-element-populated\">\n\t\t\t\t\t\t\t<div class=\"elementor-widget-wrap\">\n\t\t\t\t\t\t<div class=\"elementor-element elementor-element-81aef55 elementor-widget__width-initial sc_fly_static elementor-widget elementor-widget-text-editor\" data-id=\"81aef55\" data-element_type=\"widget\" data-widget_type=\"text-editor.default\">\n\t\t\t\t<div class=\"elementor-widget-container\">\n\t\t\t\t\t\t\t\t<div class=\"elementor-text-editor elementor-clearfix\">\n\t\t\t\t<div><p><span style=\"font-family: verdana, geneva, sans-serif; color: #000000;\"><strong><u>Normativa Comentada<\/u><\/strong><\/span><\/p><ul type=\"disc\"><li><a href=\"https:\/\/bergsteinlaw.com\/artistas-extranjeros-exoneracion-de-iva\/\"><span style=\"font-family: verdana, geneva, sans-serif; color: #000000; font-size: 10pt;\">Artistas extranjeros: exoneraci\u00f3n de IVA<\/span><\/a><\/li><li><a href=\"https:\/\/bergsteinlaw.com\/feriantes-extienden-beneficios-en-materia-de-irae\/\"><span style=\"font-family: verdana, geneva, sans-serif; color: #000000; font-size: 10pt;\">Feriantes: extienden beneficios en materia de IRAE<\/span><\/a><\/li><li><a href=\"https:\/\/bergsteinlaw.com\/software-la-inscripcion-en-el-registro-como-condicion-necesaria-para-la-exoneracion-de-irae\/\"><span style=\"font-family: verdana, geneva, sans-serif; color: #000000; font-size: 10pt;\">Software: la inscripci\u00f3n en el registro como condici\u00f3n necesaria para la exoneraci\u00f3n de IRAE<\/span><\/a><\/li><li><a href=\"https:\/\/bergsteinlaw.com\/equipos-para-el-transporte-y-acopio-de-cargas-exoneracion-de-impuestos-en-la-importacion\/\"><span style=\"font-family: verdana, geneva, sans-serif; color: #000000; font-size: 10pt;\">Equipos para el transporte y acopio de cargas: exoneraci\u00f3n de impuestos en la importaci\u00f3n<\/span><\/a><\/li><\/ul><p><span style=\"font-family: verdana, geneva, sans-serif; color: #000000;\"><strong><u>Jurisprudencia Comentada<\/u><\/strong><\/span><\/p><ul type=\"disc\"><li><a href=\"https:\/\/bergsteinlaw.com\/impuesto-al-televisor-suprema-corte-de-justicia-ratifico-la-imposibilidad-de-cobrarlo\/\"><span style=\"font-family: verdana, geneva, sans-serif; color: #000000; font-size: 10pt;\">\u201cImpuesto al televisor\u201d: Suprema Corte de Justicia ratific\u00f3 la imposibilidad de cobrarlo<\/span><\/a><\/li><\/ul><p><strong><span style=\"font-family: verdana, geneva, sans-serif; color: #000000;\"><u>Consultas de la DGI<\/u><\/span><\/strong><\/p><ul type=\"disc\"><li><a href=\"https:\/\/bergsteinlaw.com\/cuando-una-empresa-unipersonal-esta-habilitada-para-pagar-irae-ficto\/\"><span style=\"font-size: 10pt; font-family: verdana, geneva, sans-serif; color: #000000;\"><strong>Consulta N\u00b0 6.696<\/strong> &#8211; \u00bfCu\u00e1ndo una empresa unipersonal est\u00e1 habilitada para pagar IRAE ficto?<\/span><\/a><\/li><li><a href=\"https:\/\/bergsteinlaw.com\/sociedad-propietaria-de-inmuebles-rurales-explotados-por-terceros-esta-obligada-a-pagar-icosa\/\"><span style=\"font-family: verdana, geneva, sans-serif; color: #000000; font-size: 10pt;\"><strong>Consulta N\u00b0 6.685<\/strong> &#8211; Sociedad propietaria de inmuebles rurales explotados por terceros: \u00bfest\u00e1 obligada a pagar ICOSA?<\/span><\/a><\/li><li><a href=\"https:\/\/bergsteinlaw.com\/maestra-presta-servicios-a-clinicas-de-salud-estan-gravados-por-iva-a-la-tasa-del-22-o-del-10\/\"><span style=\"font-family: verdana, geneva, sans-serif; color: #000000; font-size: 10pt;\"><strong>Consulta N\u00b0 6.608<\/strong> &#8211; Maestra presta servicios a cl\u00ednicas de salud: \u00bfest\u00e1n gravados por IVA a la tasa del 22% o del 10%?<\/span><\/a><\/li><li><a href=\"https:\/\/bergsteinlaw.com\/tratamiento-tributario-de-los-residenciales-a-los-efectos-del-iva\/\"><span style=\"font-family: verdana, geneva, sans-serif; color: #000000; font-size: 10pt;\"><strong>Consulta N\u00b0 6.687<\/strong> -Tratamiento tributario de los residenciales a los efectos del IVA<\/span><\/a><\/li><\/ul><p><span style=\"color: #000000;\"><strong><span style=\"font-family: verdana, geneva, sans-serif;\"><u>Noticias Breves<\/u><\/span><\/strong><\/span><\/p><ul type=\"disc\"><li><a href=\"https:\/\/bergsteinlaw.com\/fonasa-plazos-para-presentar-declaracion-jurada\/\"><span style=\"color: #000000; font-family: verdana, geneva, sans-serif; font-size: 10pt;\">FONASA: plazos para presentar declaraci\u00f3n jurada<\/span><\/a><\/li><li><a href=\"https:\/\/bergsteinlaw.com\/pequenos-productores-rurales-vence-plazo-para-ampararse-en-la-exoneracion-de-impuesto-de-primaria\/\"><span style=\"color: #000000; font-family: verdana, geneva, sans-serif; font-size: 10pt;\">Peque\u00f1os productores rurales: vence plazo para ampararse en la exoneraci\u00f3n de Impuesto de Primaria.<\/span><\/a><\/li><\/ul><\/div><div><span style=\"font-family: verdana, geneva, sans-serif; font-size: 10pt; color: #000000;\">\u00a0<\/span><\/div><p><span style=\"font-family: verdana, geneva, sans-serif; font-size: 10pt;\"><a href=\"https:\/\/drive.google.com\/file\/d\/1vqEPiwE8b_z5j9sqQQIRrFvbiCRCuXV-\/view?usp=sharing\">Descargar Reporte Tributario n\u00b0 67<\/a><\/span><\/p>\t\t\t\t\t<\/div>\n\t\t\t\t\t\t<\/div>\n\t\t\t\t<\/div>\n\t\t\t\t<div class=\"elementor-element elementor-element-f227e36 elementor-widget__width-initial sc_fly_static elementor-widget elementor-widget-text-editor\" data-id=\"f227e36\" data-element_type=\"widget\" data-widget_type=\"text-editor.default\">\n\t\t\t\t<div class=\"elementor-widget-container\">\n\t\t\t\t\t\t\t\t<div class=\"elementor-text-editor elementor-clearfix\">\n\t\t\t\t\t\t\t\t\t<\/div>\n\t\t\t\t\t\t<\/div>\n\t\t\t\t<\/div>\n\t\t\t\t\t\t<\/div>\n\t\t\t\t\t<\/div>\n\t\t<\/div>\n\t\t\t\t<div class=\"elementor-column elementor-col-33 elementor-top-column elementor-element elementor-element-46bd75e cyg--sidebar sc_inner_width_none sc_content_align_inherit sc_layouts_column_icons_position_left sc_fly_static\" data-id=\"46bd75e\" data-element_type=\"column\">\n\t\t\t<div class=\"elementor-column-wrap elementor-element-populated\">\n\t\t\t\t\t\t\t<div class=\"elementor-widget-wrap\">\n\t\t\t\t\t\t<div class=\"elementor-element elementor-element-b4ea192 sc_fly_static elementor-widget elementor-widget-text-editor\" data-id=\"b4ea192\" data-element_type=\"widget\" data-widget_type=\"text-editor.default\">\n\t\t\t\t<div class=\"elementor-widget-container\">\n\t\t\t\t\t\t\t\t<div class=\"elementor-text-editor elementor-clearfix\">\n\t\t\t\t<h5>Need more information?<\/h5><h6>CONTACT US<\/h6>\t\t\t\t\t<\/div>\n\t\t\t\t\t\t<\/div>\n\t\t\t\t<\/div>\n\t\t\t\t<div class=\"elementor-element elementor-element-d3bdebb sc_fly_static elementor-widget elementor-widget-shortcode\" data-id=\"d3bdebb\" data-element_type=\"widget\" data-widget_type=\"shortcode.default\">\n\t\t\t\t<div class=\"elementor-widget-container\">\n\t\t\t\t\t<div class=\"elementor-shortcode\">\n<div class=\"wpcf7 no-js\" id=\"wpcf7-f5597-o1\" lang=\"en-US\" dir=\"ltr\">\n<div class=\"screen-reader-response\"><p role=\"status\" aria-live=\"polite\" aria-atomic=\"true\"><\/p> <ul><\/ul><\/div>\n<form action=\"\/en\/wp-json\/wp\/v2\/pages\/30913#wpcf7-f5597-o1\" method=\"post\" class=\"wpcf7-form init\" aria-label=\"Contact form\" novalidate=\"novalidate\" data-status=\"init\">\n<div style=\"display: none;\">\n<input type=\"hidden\" name=\"_wpcf7\" value=\"5597\" \/>\n<input type=\"hidden\" name=\"_wpcf7_version\" value=\"5.8.3\" \/>\n<input type=\"hidden\" name=\"_wpcf7_locale\" value=\"en_US\" \/>\n<input type=\"hidden\" name=\"_wpcf7_unit_tag\" value=\"wpcf7-f5597-o1\" \/>\n<input type=\"hidden\" name=\"_wpcf7_container_post\" value=\"0\" \/>\n<input type=\"hidden\" name=\"_wpcf7_posted_data_hash\" value=\"\" \/>\n<\/div>\n<p><span class=\"wpcf7-form-control-wrap\" data-name=\"nombre\"><input size=\"40\" class=\"wpcf7-form-control wpcf7-text wpcf7-validates-as-required\" aria-required=\"true\" aria-invalid=\"false\" placeholder=\"Name\" value=\"\" type=\"text\" name=\"nombre\" \/><\/span><br \/>\n<span class=\"wpcf7-form-control-wrap\" data-name=\"correo\"><input size=\"40\" class=\"wpcf7-form-control wpcf7-email wpcf7-validates-as-required wpcf7-text wpcf7-validates-as-email\" aria-required=\"true\" aria-invalid=\"false\" placeholder=\"E-mail\" value=\"\" type=\"email\" name=\"correo\" \/><\/span><br \/>\n<span class=\"wpcf7-form-control-wrap\" data-name=\"msj\"><textarea cols=\"40\" rows=\"10\" class=\"wpcf7-form-control wpcf7-textarea\" aria-invalid=\"false\" placeholder=\"Message\" name=\"msj\"><\/textarea><\/span><br \/>\n<input class=\"wpcf7-form-control wpcf7-submit has-spinner\" id=\"submit\" type=\"submit\" value=\"Send\" \/>\n<\/p><div class=\"wpcf7-response-output\" aria-hidden=\"true\"><\/div>\n<\/form>\n<\/div>\n<\/div>\n\t\t\t\t<\/div>\n\t\t\t\t<\/div>\n\t\t\t\t\t\t<\/div>\n\t\t\t\t\t<\/div>\n\t\t<\/div>\n\t\t\t\t\t\t\t\t<\/div>\n\t\t\t\t\t<\/div>\n\t\t<\/section>\n\t\t\t\t<section class=\"elementor-section elementor-top-section elementor-element elementor-element-295d10b elementor-section-boxed elementor-section-height-default elementor-section-height-default sc_fly_static\" data-id=\"295d10b\" data-element_type=\"section\">\n\t\t\t\t\t\t<div class=\"elementor-container elementor-column-gap-extended\">\n\t\t\t\t\t\t\t<div class=\"elementor-row\">\n\t\t\t\t\t<div class=\"elementor-column elementor-col-100 elementor-top-column elementor-element elementor-element-f64135e sc_inner_width_none sc_content_align_inherit sc_layouts_column_icons_position_left sc_fly_static\" data-id=\"f64135e\" data-element_type=\"column\">\n\t\t\t<div class=\"elementor-column-wrap elementor-element-populated\">\n\t\t\t\t\t\t\t<div class=\"elementor-widget-wrap\">\n\t\t\t\t\t\t\t\t<\/div>\n\t\t\t\t\t<\/div>\n\t\t<\/div>\n\t\t\t\t\t\t\t\t<\/div>\n\t\t\t\t\t<\/div>\n\t\t<\/section>\n\t\t\t\t<section class=\"elementor-section elementor-top-section elementor-element elementor-element-4ac95f0 elementor-section-boxed elementor-section-height-default elementor-section-height-default sc_fly_static\" data-id=\"4ac95f0\" data-element_type=\"section\">\n\t\t\t\t\t\t<div class=\"elementor-container elementor-column-gap-extended\">\n\t\t\t\t\t\t\t<div class=\"elementor-row\">\n\t\t\t\t\t<div class=\"elementor-column elementor-col-100 elementor-top-column elementor-element elementor-element-b0132f4 sc_inner_width_none sc_content_align_inherit sc_layouts_column_icons_position_left sc_fly_static\" data-id=\"b0132f4\" data-element_type=\"column\">\n\t\t\t<div class=\"elementor-column-wrap elementor-element-populated\">\n\t\t\t\t\t\t\t<div class=\"elementor-widget-wrap\">\n\t\t\t\t\t\t\t\t<\/div>\n\t\t\t\t\t<\/div>\n\t\t<\/div>\n\t\t\t\t\t\t\t\t<\/div>\n\t\t\t\t\t<\/div>\n\t\t<\/section>\n\t\t\t\t\t\t\t\t\t<\/div>\n\t\t\t<\/div>\n\t\t\t\t\t<\/div>\n\t\t","protected":false},"excerpt":{"rendered":"<p>Reporte TRIBUTARIO N\u00b067 Normativa Comentada Artistas extranjeros: exoneraci\u00f3n de IVA Feriantes: extienden beneficios en materia de IRAE Software: la inscripci\u00f3n en el registro como condici\u00f3n necesaria para la exoneraci\u00f3n de&hellip;<\/p>\n","protected":false},"author":3,"featured_media":0,"parent":0,"menu_order":0,"comment_status":"closed","ping_status":"closed","template":"","meta":{"footnotes":""},"acf":[],"_links":{"self":[{"href":"https:\/\/bergsteinlaw.com\/en\/wp-json\/wp\/v2\/pages\/30913"}],"collection":[{"href":"https:\/\/bergsteinlaw.com\/en\/wp-json\/wp\/v2\/pages"}],"about":[{"href":"https:\/\/bergsteinlaw.com\/en\/wp-json\/wp\/v2\/types\/page"}],"author":[{"embeddable":true,"href":"https:\/\/bergsteinlaw.com\/en\/wp-json\/wp\/v2\/users\/3"}],"replies":[{"embeddable":true,"href":"https:\/\/bergsteinlaw.com\/en\/wp-json\/wp\/v2\/comments?post=30913"}],"version-history":[{"count":45,"href":"https:\/\/bergsteinlaw.com\/en\/wp-json\/wp\/v2\/pages\/30913\/revisions"}],"predecessor-version":[{"id":31024,"href":"https:\/\/bergsteinlaw.com\/en\/wp-json\/wp\/v2\/pages\/30913\/revisions\/31024"}],"wp:attachment":[{"href":"https:\/\/bergsteinlaw.com\/en\/wp-json\/wp\/v2\/media?parent=30913"}],"curies":[{"name":"wp","href":"https:\/\/api.w.org\/{rel}","templated":true}]}}