{"id":30945,"date":"2025-03-30T18:21:30","date_gmt":"2025-03-30T21:21:30","guid":{"rendered":"https:\/\/bergsteinlaw.com\/?page_id=30945"},"modified":"2025-03-30T18:23:42","modified_gmt":"2025-03-30T21:23:42","slug":"equipos-para-el-transporte-y-acopio-de-cargas-exoneracion-de-impuestos-en-la-importacion","status":"publish","type":"page","link":"https:\/\/bergsteinlaw.com\/en\/equipos-para-el-transporte-y-acopio-de-cargas-exoneracion-de-impuestos-en-la-importacion\/","title":{"rendered":"(Espa\u00f1ol) Equipos para el transporte y acopio de cargas: exoneraci\u00f3n de impuestos en la importaci\u00f3n"},"content":{"rendered":"\t\t<div data-elementor-type=\"wp-page\" data-elementor-id=\"30945\" class=\"elementor elementor-30945\">\n\t\t\t\t\t\t<div class=\"elementor-inner\">\n\t\t\t\t<div class=\"elementor-section-wrap\">\n\t\t\t\t\t\t\t\t\t<section class=\"elementor-section elementor-top-section elementor-element elementor-element-7cc02b2 elementor-section-full_width elementor-section-content-middle elementor-section-stretched cyg--cabezal elementor-section-height-default elementor-section-height-default sc_fly_static\" data-id=\"7cc02b2\" data-element_type=\"section\" data-settings=\"{&quot;stretch_section&quot;:&quot;section-stretched&quot;,&quot;background_background&quot;:&quot;classic&quot;}\">\n\t\t\t\t\t\t<div class=\"elementor-container elementor-column-gap-extended\">\n\t\t\t\t\t\t\t<div class=\"elementor-row\">\n\t\t\t\t\t<div class=\"elementor-column elementor-col-100 elementor-top-column elementor-element elementor-element-e1deec3 sc_inner_width_none sc_content_align_inherit sc_layouts_column_icons_position_left sc_fly_static\" data-id=\"e1deec3\" data-element_type=\"column\">\n\t\t\t<div class=\"elementor-column-wrap elementor-element-populated\">\n\t\t\t\t\t\t\t<div class=\"elementor-widget-wrap\">\n\t\t\t\t\t\t<div class=\"elementor-element elementor-element-64e3452 sc_fly_static elementor-widget elementor-widget-text-editor\" data-id=\"64e3452\" data-element_type=\"widget\" data-widget_type=\"text-editor.default\">\n\t\t\t\t<div class=\"elementor-widget-container\">\n\t\t\t\t\t\t\t\t<div class=\"elementor-text-editor elementor-clearfix\">\n\t\t\t\t<h2>Reporte TRIBUTARIO N\u00b067<\/h2>\t\t\t\t\t<\/div>\n\t\t\t\t\t\t<\/div>\n\t\t\t\t<\/div>\n\t\t\t\t\t\t<\/div>\n\t\t\t\t\t<\/div>\n\t\t<\/div>\n\t\t\t\t\t\t\t\t<\/div>\n\t\t\t\t\t<\/div>\n\t\t<\/section>\n\t\t\t\t<section class=\"elementor-section elementor-top-section elementor-element elementor-element-03c93e1 elementor-section-boxed elementor-section-height-default elementor-section-height-default sc_fly_static\" data-id=\"03c93e1\" data-element_type=\"section\">\n\t\t\t\t\t\t<div class=\"elementor-container elementor-column-gap-extended\">\n\t\t\t\t\t\t\t<div class=\"elementor-row\">\n\t\t\t\t\t<div class=\"elementor-column elementor-col-66 elementor-top-column elementor-element elementor-element-f848534 cyg--cont-content sc_inner_width_none sc_content_align_inherit sc_layouts_column_icons_position_left sc_fly_static\" data-id=\"f848534\" data-element_type=\"column\">\n\t\t\t<div class=\"elementor-column-wrap elementor-element-populated\">\n\t\t\t\t\t\t\t<div class=\"elementor-widget-wrap\">\n\t\t\t\t\t\t<div class=\"elementor-element elementor-element-4ad6161 sc_fly_static elementor-widget elementor-widget-heading\" data-id=\"4ad6161\" data-element_type=\"widget\" data-widget_type=\"heading.default\">\n\t\t\t\t<div class=\"elementor-widget-container\">\n\t\t\t<h1 class=\"elementor-heading-title elementor-size-large\">Equipos para el transporte y acopio de cargas: exoneraci\u00f3n de impuestos en la importaci\u00f3n<\/h1>\t\t<\/div>\n\t\t\t\t<\/div>\n\t\t\t\t<div class=\"elementor-element elementor-element-81aef55 elementor-widget__width-initial sc_fly_static elementor-widget elementor-widget-text-editor\" data-id=\"81aef55\" data-element_type=\"widget\" data-widget_type=\"text-editor.default\">\n\t\t\t\t<div class=\"elementor-widget-container\">\n\t\t\t\t\t\t\t\t<div class=\"elementor-text-editor elementor-clearfix\">\n\t\t\t\t<p>El Poder Ejecutivo, mediante Decreto N\u00b0 79\/2025 (el \u201cDecreto\u201d) del 28 de febrero de 2025, reglament\u00f3 la exoneraci\u00f3n de impuestos a la importaci\u00f3n sobre los bienes destinados a integrar el costo de equipos para el transporte y acopio de cargas (los \u201cEquipos\u201d), as\u00ed como sobre los materiales, materias primas, partes, piezas, repuestos y <em>kits<\/em> de dichos Equipos (los \u201cProductos\u201d), siempre que los mismos hayan sido declarados no competitivos con la industria nacional.<\/p><p>Dicha exoneraci\u00f3n hab\u00eda sido dispuesta por el art\u00edculo 657 de la Ley N\u00b0 20.212, del 6 de noviembre de 2023.<\/p><p>Siguen a continuaci\u00f3n los principales aspectos de la reglamentaci\u00f3n prevista en el Decreto:<\/p><p>(i) El Decreto condiciona la exoneraci\u00f3n a que los Productos mencionados precedentemente sean destinados exclusivamente a: (a) la fabricaci\u00f3n de los referidos Equipos (para transporte y acopio de cargas), o (b) su reparaci\u00f3n prestada directamente por el fabricante.<\/p><p>(ii) El Decreto tambi\u00e9n condiciona la exoneraci\u00f3n a que:<\/p><p>(a) La importaci\u00f3n sea realizada por empresas que desarrollen la actividad de fabricaci\u00f3n de camiones, tractocamiones, remolques, tr\u00e1ileres, semirremolques, acoplados, estructuras agregadas destinadas a contener o estivar la carga con funci\u00f3n pasiva, y cajas volcadoras, con destino al transporte terrestre profesional de carga para terceros declarada promovida al amparo del art\u00edculo 11 de la Ley N\u00ba 16.906, de 7 de enero de 1998; y<\/p><p>(b) La venta de los Productos que hayan dado origen a dicha declaratoria, represente m\u00e1s del 60% del total de ingresos de la empresa beneficiada. A efectos de determinar dicho porcentaje, deber\u00e1n considerarse las ventas e ingresos del \u00faltimo ejercicio cerrado previo a la importaci\u00f3n.<\/p><p>(iii) Las empresas que deseen ampararse la Exoneraci\u00f3n, deber\u00e1n solicitar su inscripci\u00f3n en el Registro de Empresas Nacionales Productoras de Camiones, Tractocamiones, Remolques, Tr\u00e1ileres, Semirremolques, Acoplados, y Estructuras Agregadas, que funcionar\u00e1 en la \u00f3rbita del Ministerio de Industria, Energ\u00eda y Miner\u00eda (MIEM).<\/p><p>(iv) En el eventual caso de que la empresa beneficiada por la Exoneraci\u00f3n cambie el destino de los Productos amparados en la misma, el MIEM suspender\u00e1 la aplicaci\u00f3n de dicha Exoneraci\u00f3n por el plazo de un a\u00f1o y comunicar\u00e1 dicho incumplimiento a la Direcci\u00f3n Nacional de Aduanas y a la Direcci\u00f3n General Impositiva, quienes proceder\u00e1n a la reliquidaci\u00f3n de los tributos originalmente exonerados.<\/p><p>(v) En la medida que la empresa no cumpla con el requisito previsto en el literal (b) del numeral (i) arriba, el MIEM tambi\u00e9n suspender\u00e1 la aplicaci\u00f3n de la Exoneraci\u00f3n. El plazo de suspensi\u00f3n variar\u00e1 seg\u00fan el siguiente detalle:<\/p><p>(a) 3 meses, cuando el porcentaje de ventas de Productos exonerados represente entre el 50% y 59% del total de ingresos de la empresa beneficiaria.<\/p><p>(b) 6 meses cuando dicho porcentaje de ventas represente entre el 40% y 49%.<\/p><p>(c) 9 meses cuando dicho porcentaje sea entre el 30% y 39%.<\/p><p>(d) 12 meses cuando sea menor a 30%.<\/p>\t\t\t\t\t<\/div>\n\t\t\t\t\t\t<\/div>\n\t\t\t\t<\/div>\n\t\t\t\t\t\t<\/div>\n\t\t\t\t\t<\/div>\n\t\t<\/div>\n\t\t\t\t<div class=\"elementor-column elementor-col-33 elementor-top-column elementor-element elementor-element-46bd75e cyg--sidebar sc_inner_width_none sc_content_align_inherit sc_layouts_column_icons_position_left sc_fly_static\" data-id=\"46bd75e\" data-element_type=\"column\">\n\t\t\t<div class=\"elementor-column-wrap elementor-element-populated\">\n\t\t\t\t\t\t\t<div class=\"elementor-widget-wrap\">\n\t\t\t\t\t\t<div class=\"elementor-element elementor-element-b4ea192 sc_fly_static elementor-widget elementor-widget-text-editor\" data-id=\"b4ea192\" data-element_type=\"widget\" data-widget_type=\"text-editor.default\">\n\t\t\t\t<div class=\"elementor-widget-container\">\n\t\t\t\t\t\t\t\t<div class=\"elementor-text-editor elementor-clearfix\">\n\t\t\t\t<h5>Need more information?<\/h5><h6>CONTACT US<\/h6>\t\t\t\t\t<\/div>\n\t\t\t\t\t\t<\/div>\n\t\t\t\t<\/div>\n\t\t\t\t<div class=\"elementor-element elementor-element-d3bdebb sc_fly_static elementor-widget elementor-widget-shortcode\" data-id=\"d3bdebb\" data-element_type=\"widget\" data-widget_type=\"shortcode.default\">\n\t\t\t\t<div class=\"elementor-widget-container\">\n\t\t\t\t\t<div class=\"elementor-shortcode\">\n<div class=\"wpcf7 no-js\" id=\"wpcf7-f5597-o1\" lang=\"en-US\" dir=\"ltr\">\n<div class=\"screen-reader-response\"><p role=\"status\" aria-live=\"polite\" aria-atomic=\"true\"><\/p> <ul><\/ul><\/div>\n<form action=\"\/en\/wp-json\/wp\/v2\/pages\/30945#wpcf7-f5597-o1\" method=\"post\" class=\"wpcf7-form init\" aria-label=\"Contact form\" novalidate=\"novalidate\" data-status=\"init\">\n<div style=\"display: none;\">\n<input type=\"hidden\" name=\"_wpcf7\" value=\"5597\" \/>\n<input type=\"hidden\" name=\"_wpcf7_version\" value=\"5.8.3\" \/>\n<input type=\"hidden\" name=\"_wpcf7_locale\" value=\"en_US\" \/>\n<input type=\"hidden\" name=\"_wpcf7_unit_tag\" value=\"wpcf7-f5597-o1\" \/>\n<input type=\"hidden\" name=\"_wpcf7_container_post\" value=\"0\" \/>\n<input type=\"hidden\" name=\"_wpcf7_posted_data_hash\" value=\"\" \/>\n<\/div>\n<p><span class=\"wpcf7-form-control-wrap\" data-name=\"nombre\"><input size=\"40\" class=\"wpcf7-form-control wpcf7-text wpcf7-validates-as-required\" aria-required=\"true\" aria-invalid=\"false\" placeholder=\"Name\" value=\"\" type=\"text\" name=\"nombre\" \/><\/span><br \/>\n<span class=\"wpcf7-form-control-wrap\" data-name=\"correo\"><input size=\"40\" class=\"wpcf7-form-control wpcf7-email wpcf7-validates-as-required wpcf7-text wpcf7-validates-as-email\" aria-required=\"true\" aria-invalid=\"false\" placeholder=\"E-mail\" value=\"\" type=\"email\" name=\"correo\" \/><\/span><br \/>\n<span class=\"wpcf7-form-control-wrap\" data-name=\"msj\"><textarea cols=\"40\" rows=\"10\" class=\"wpcf7-form-control wpcf7-textarea\" aria-invalid=\"false\" placeholder=\"Message\" name=\"msj\"><\/textarea><\/span><br \/>\n<input class=\"wpcf7-form-control wpcf7-submit has-spinner\" id=\"submit\" type=\"submit\" value=\"Send\" \/>\n<\/p><div class=\"wpcf7-response-output\" aria-hidden=\"true\"><\/div>\n<\/form>\n<\/div>\n<\/div>\n\t\t\t\t<\/div>\n\t\t\t\t<\/div>\n\t\t\t\t\t\t<\/div>\n\t\t\t\t\t<\/div>\n\t\t<\/div>\n\t\t\t\t\t\t\t\t<\/div>\n\t\t\t\t\t<\/div>\n\t\t<\/section>\n\t\t\t\t\t\t\t\t\t<\/div>\n\t\t\t<\/div>\n\t\t\t\t\t<\/div>\n\t\t","protected":false},"excerpt":{"rendered":"<p>Reporte TRIBUTARIO N\u00b067 Equipos para el transporte y acopio de cargas: exoneraci\u00f3n de impuestos en la importaci\u00f3n El Poder Ejecutivo, mediante Decreto N\u00b0 79\/2025 (el \u201cDecreto\u201d) del 28 de febrero&hellip;<\/p>\n","protected":false},"author":3,"featured_media":0,"parent":0,"menu_order":0,"comment_status":"closed","ping_status":"closed","template":"","meta":{"footnotes":""},"acf":[],"_links":{"self":[{"href":"https:\/\/bergsteinlaw.com\/en\/wp-json\/wp\/v2\/pages\/30945"}],"collection":[{"href":"https:\/\/bergsteinlaw.com\/en\/wp-json\/wp\/v2\/pages"}],"about":[{"href":"https:\/\/bergsteinlaw.com\/en\/wp-json\/wp\/v2\/types\/page"}],"author":[{"embeddable":true,"href":"https:\/\/bergsteinlaw.com\/en\/wp-json\/wp\/v2\/users\/3"}],"replies":[{"embeddable":true,"href":"https:\/\/bergsteinlaw.com\/en\/wp-json\/wp\/v2\/comments?post=30945"}],"version-history":[{"count":7,"href":"https:\/\/bergsteinlaw.com\/en\/wp-json\/wp\/v2\/pages\/30945\/revisions"}],"predecessor-version":[{"id":30952,"href":"https:\/\/bergsteinlaw.com\/en\/wp-json\/wp\/v2\/pages\/30945\/revisions\/30952"}],"wp:attachment":[{"href":"https:\/\/bergsteinlaw.com\/en\/wp-json\/wp\/v2\/media?parent=30945"}],"curies":[{"name":"wp","href":"https:\/\/api.w.org\/{rel}","templated":true}]}}