{"id":31072,"date":"2025-05-11T17:34:48","date_gmt":"2025-05-11T20:34:48","guid":{"rendered":"https:\/\/bergsteinlaw.com\/?page_id=31072"},"modified":"2025-05-11T17:41:07","modified_gmt":"2025-05-11T20:41:07","slug":"escuelas-de-enfermeria-no-estan-obligadas-a-pagar-aranceles-en-el-mec","status":"publish","type":"page","link":"https:\/\/bergsteinlaw.com\/en\/escuelas-de-enfermeria-no-estan-obligadas-a-pagar-aranceles-en-el-mec\/","title":{"rendered":"(Espa\u00f1ol) Escuelas de enfermer\u00eda no est\u00e1n obligadas a pagar aranceles en el MEC"},"content":{"rendered":"\t\t<div data-elementor-type=\"wp-page\" data-elementor-id=\"31072\" class=\"elementor elementor-31072\">\n\t\t\t\t\t\t<div class=\"elementor-inner\">\n\t\t\t\t<div class=\"elementor-section-wrap\">\n\t\t\t\t\t\t\t\t\t<section class=\"elementor-section elementor-top-section elementor-element elementor-element-7cc02b2 elementor-section-full_width elementor-section-content-middle elementor-section-stretched cyg--cabezal elementor-section-height-default elementor-section-height-default sc_fly_static\" data-id=\"7cc02b2\" data-element_type=\"section\" data-settings=\"{&quot;stretch_section&quot;:&quot;section-stretched&quot;,&quot;background_background&quot;:&quot;classic&quot;}\">\n\t\t\t\t\t\t<div class=\"elementor-container elementor-column-gap-extended\">\n\t\t\t\t\t\t\t<div class=\"elementor-row\">\n\t\t\t\t\t<div class=\"elementor-column elementor-col-100 elementor-top-column elementor-element elementor-element-e1deec3 sc_inner_width_none sc_content_align_inherit sc_layouts_column_icons_position_left sc_fly_static\" data-id=\"e1deec3\" data-element_type=\"column\">\n\t\t\t<div class=\"elementor-column-wrap elementor-element-populated\">\n\t\t\t\t\t\t\t<div class=\"elementor-widget-wrap\">\n\t\t\t\t\t\t<div class=\"elementor-element elementor-element-64e3452 sc_fly_static elementor-widget elementor-widget-text-editor\" data-id=\"64e3452\" data-element_type=\"widget\" data-widget_type=\"text-editor.default\">\n\t\t\t\t<div class=\"elementor-widget-container\">\n\t\t\t\t\t\t\t\t<div class=\"elementor-text-editor elementor-clearfix\">\n\t\t\t\t<h2>Reporte TRIBUTARIO N\u00b068<\/h2>\t\t\t\t\t<\/div>\n\t\t\t\t\t\t<\/div>\n\t\t\t\t<\/div>\n\t\t\t\t\t\t<\/div>\n\t\t\t\t\t<\/div>\n\t\t<\/div>\n\t\t\t\t\t\t\t\t<\/div>\n\t\t\t\t\t<\/div>\n\t\t<\/section>\n\t\t\t\t<section class=\"elementor-section elementor-top-section elementor-element elementor-element-03c93e1 elementor-section-boxed elementor-section-height-default elementor-section-height-default sc_fly_static\" data-id=\"03c93e1\" data-element_type=\"section\">\n\t\t\t\t\t\t<div class=\"elementor-container elementor-column-gap-extended\">\n\t\t\t\t\t\t\t<div class=\"elementor-row\">\n\t\t\t\t\t<div class=\"elementor-column elementor-col-66 elementor-top-column elementor-element elementor-element-f848534 cyg--cont-content sc_inner_width_none sc_content_align_inherit sc_layouts_column_icons_position_left sc_fly_static\" data-id=\"f848534\" data-element_type=\"column\">\n\t\t\t<div class=\"elementor-column-wrap elementor-element-populated\">\n\t\t\t\t\t\t\t<div class=\"elementor-widget-wrap\">\n\t\t\t\t\t\t<div class=\"elementor-element elementor-element-4ad6161 sc_fly_static elementor-widget elementor-widget-heading\" data-id=\"4ad6161\" data-element_type=\"widget\" data-widget_type=\"heading.default\">\n\t\t\t\t<div class=\"elementor-widget-container\">\n\t\t\t<h1 class=\"elementor-heading-title elementor-size-large\">Escuelas de enfermer\u00eda no est\u00e1n obligadas a pagar aranceles en el MEC<\/h1>\t\t<\/div>\n\t\t\t\t<\/div>\n\t\t\t\t<div class=\"elementor-element elementor-element-81aef55 elementor-widget__width-initial sc_fly_static elementor-widget elementor-widget-text-editor\" data-id=\"81aef55\" data-element_type=\"widget\" data-widget_type=\"text-editor.default\">\n\t\t\t\t<div class=\"elementor-widget-container\">\n\t\t\t\t\t\t\t\t<div class=\"elementor-text-editor elementor-clearfix\">\n\t\t\t\t<p>As\u00ed surge de la Sentencia N\u00b0 161\/024 (la \u201cSentencia\u201d) del Tribunal de lo Contencioso Administrativo (el \u201cTribunal\u201d o TCA), del 4 de abril de 2024.<\/p><p>Desde la aprobaci\u00f3n del Decreto N\u00b0 370\/014 (el \u201cDecreto\u201d), del 16 de diciembre de 2014, el Ministerio de Educaci\u00f3n y Cultura (MEC) cobra ciertos aranceles a las escuelas de enfermer\u00eda (los \u201cAranceles\u201d). \u00a0<\/p><p>El art\u00edculo 29 del Decreto establece el importe de dichos Aranceles:<\/p><p>&#8212; 10 UR por la solicitud de habilitaci\u00f3n de creaci\u00f3n de la escuela de enfermer\u00eda.<\/p><p>&#8212; 5 UR por la solicitud de habilitaci\u00f3n de creaci\u00f3n de una filial o anexo.<\/p><p>&#8212; 1 UR por la revisi\u00f3n administrativa de documentaci\u00f3n de aspirantes.<\/p><p>&#8212; 0,5 UR por la expedici\u00f3n de certificados y\/o duplicados.<\/p><p>Mediante el dictado de la Sentencia, el TCA declar\u00f3 la nulidad del cobro de los Aranceles, por violar el principio de legalidad. El Tribunal entendi\u00f3 que <em>\u201cla tasa arancel creada por el Decreto N\u00b0 370\/014 carece de respaldo legal, en tanto no reglamenta ley alguna que hubiera creado tal tributo; lo cual supone una evidente vulneraci\u00f3n del principio de legalidad, lo que torna ileg\u00edtima su percepci\u00f3n. En definitiva, el Poder Ejecutivo ha creado un tributo (tasa), en desmedro del principio de legalidad tributaria.\u201d<\/em><\/p>\t\t\t\t\t<\/div>\n\t\t\t\t\t\t<\/div>\n\t\t\t\t<\/div>\n\t\t\t\t\t\t<\/div>\n\t\t\t\t\t<\/div>\n\t\t<\/div>\n\t\t\t\t<div class=\"elementor-column elementor-col-33 elementor-top-column elementor-element elementor-element-46bd75e cyg--sidebar sc_inner_width_none sc_content_align_inherit sc_layouts_column_icons_position_left sc_fly_static\" data-id=\"46bd75e\" data-element_type=\"column\">\n\t\t\t<div class=\"elementor-column-wrap elementor-element-populated\">\n\t\t\t\t\t\t\t<div class=\"elementor-widget-wrap\">\n\t\t\t\t\t\t<div class=\"elementor-element elementor-element-b4ea192 sc_fly_static elementor-widget elementor-widget-text-editor\" data-id=\"b4ea192\" data-element_type=\"widget\" data-widget_type=\"text-editor.default\">\n\t\t\t\t<div class=\"elementor-widget-container\">\n\t\t\t\t\t\t\t\t<div class=\"elementor-text-editor elementor-clearfix\">\n\t\t\t\t<h5>Need more information?<\/h5><h6>CONTACT US<\/h6>\t\t\t\t\t<\/div>\n\t\t\t\t\t\t<\/div>\n\t\t\t\t<\/div>\n\t\t\t\t<div class=\"elementor-element elementor-element-d3bdebb sc_fly_static elementor-widget elementor-widget-shortcode\" data-id=\"d3bdebb\" data-element_type=\"widget\" data-widget_type=\"shortcode.default\">\n\t\t\t\t<div class=\"elementor-widget-container\">\n\t\t\t\t\t<div class=\"elementor-shortcode\">\n<div class=\"wpcf7 no-js\" id=\"wpcf7-f5597-o1\" lang=\"en-US\" dir=\"ltr\">\n<div class=\"screen-reader-response\"><p role=\"status\" aria-live=\"polite\" aria-atomic=\"true\"><\/p> <ul><\/ul><\/div>\n<form action=\"\/en\/wp-json\/wp\/v2\/pages\/31072#wpcf7-f5597-o1\" method=\"post\" class=\"wpcf7-form init\" aria-label=\"Contact form\" novalidate=\"novalidate\" data-status=\"init\">\n<div style=\"display: none;\">\n<input type=\"hidden\" name=\"_wpcf7\" value=\"5597\" \/>\n<input type=\"hidden\" name=\"_wpcf7_version\" value=\"5.8.3\" \/>\n<input type=\"hidden\" name=\"_wpcf7_locale\" value=\"en_US\" \/>\n<input type=\"hidden\" name=\"_wpcf7_unit_tag\" value=\"wpcf7-f5597-o1\" \/>\n<input type=\"hidden\" name=\"_wpcf7_container_post\" value=\"0\" \/>\n<input type=\"hidden\" name=\"_wpcf7_posted_data_hash\" value=\"\" \/>\n<\/div>\n<p><span class=\"wpcf7-form-control-wrap\" data-name=\"nombre\"><input size=\"40\" class=\"wpcf7-form-control wpcf7-text wpcf7-validates-as-required\" aria-required=\"true\" aria-invalid=\"false\" placeholder=\"Name\" value=\"\" type=\"text\" name=\"nombre\" \/><\/span><br \/>\n<span class=\"wpcf7-form-control-wrap\" data-name=\"correo\"><input size=\"40\" class=\"wpcf7-form-control wpcf7-email wpcf7-validates-as-required wpcf7-text wpcf7-validates-as-email\" aria-required=\"true\" aria-invalid=\"false\" placeholder=\"E-mail\" value=\"\" type=\"email\" name=\"correo\" \/><\/span><br \/>\n<span class=\"wpcf7-form-control-wrap\" data-name=\"msj\"><textarea cols=\"40\" rows=\"10\" class=\"wpcf7-form-control wpcf7-textarea\" aria-invalid=\"false\" placeholder=\"Message\" name=\"msj\"><\/textarea><\/span><br \/>\n<input class=\"wpcf7-form-control wpcf7-submit has-spinner\" id=\"submit\" type=\"submit\" value=\"Send\" \/>\n<\/p><div class=\"wpcf7-response-output\" aria-hidden=\"true\"><\/div>\n<\/form>\n<\/div>\n<\/div>\n\t\t\t\t<\/div>\n\t\t\t\t<\/div>\n\t\t\t\t\t\t<\/div>\n\t\t\t\t\t<\/div>\n\t\t<\/div>\n\t\t\t\t\t\t\t\t<\/div>\n\t\t\t\t\t<\/div>\n\t\t<\/section>\n\t\t\t\t\t\t\t\t\t<\/div>\n\t\t\t<\/div>\n\t\t\t\t\t<\/div>\n\t\t","protected":false},"excerpt":{"rendered":"<p>Reporte TRIBUTARIO N\u00b068 Escuelas de enfermer\u00eda no est\u00e1n obligadas a pagar aranceles en el MEC As\u00ed surge de la Sentencia N\u00b0 161\/024 (la \u201cSentencia\u201d) del Tribunal de lo Contencioso Administrativo&hellip;<\/p>\n","protected":false},"author":3,"featured_media":0,"parent":0,"menu_order":0,"comment_status":"closed","ping_status":"closed","template":"","meta":{"footnotes":""},"acf":[],"_links":{"self":[{"href":"https:\/\/bergsteinlaw.com\/en\/wp-json\/wp\/v2\/pages\/31072"}],"collection":[{"href":"https:\/\/bergsteinlaw.com\/en\/wp-json\/wp\/v2\/pages"}],"about":[{"href":"https:\/\/bergsteinlaw.com\/en\/wp-json\/wp\/v2\/types\/page"}],"author":[{"embeddable":true,"href":"https:\/\/bergsteinlaw.com\/en\/wp-json\/wp\/v2\/users\/3"}],"replies":[{"embeddable":true,"href":"https:\/\/bergsteinlaw.com\/en\/wp-json\/wp\/v2\/comments?post=31072"}],"version-history":[{"count":8,"href":"https:\/\/bergsteinlaw.com\/en\/wp-json\/wp\/v2\/pages\/31072\/revisions"}],"predecessor-version":[{"id":31080,"href":"https:\/\/bergsteinlaw.com\/en\/wp-json\/wp\/v2\/pages\/31072\/revisions\/31080"}],"wp:attachment":[{"href":"https:\/\/bergsteinlaw.com\/en\/wp-json\/wp\/v2\/media?parent=31072"}],"curies":[{"name":"wp","href":"https:\/\/api.w.org\/{rel}","templated":true}]}}