{"id":31121,"date":"2025-05-11T18:02:41","date_gmt":"2025-05-11T21:02:41","guid":{"rendered":"https:\/\/bergsteinlaw.com\/?page_id=31121"},"modified":"2025-05-11T18:05:11","modified_gmt":"2025-05-11T21:05:11","slug":"sociedad-prestadora-de-servicios-de-fumigaciones-y-riego-aereo-agricola-debe-pagar-imesi-por-los-lubricantes-que-importa-para-sus-aviones","status":"publish","type":"page","link":"https:\/\/bergsteinlaw.com\/en\/sociedad-prestadora-de-servicios-de-fumigaciones-y-riego-aereo-agricola-debe-pagar-imesi-por-los-lubricantes-que-importa-para-sus-aviones\/","title":{"rendered":"(Espa\u00f1ol) Sociedad prestadora de servicios de fumigaciones y riego a\u00e9reo agr\u00edcola: \u00bfdebe pagar IMESI por los lubricantes que importa para sus aviones?"},"content":{"rendered":"\t\t<div data-elementor-type=\"wp-page\" data-elementor-id=\"31121\" class=\"elementor elementor-31121\">\n\t\t\t\t\t\t<div class=\"elementor-inner\">\n\t\t\t\t<div class=\"elementor-section-wrap\">\n\t\t\t\t\t\t\t\t\t<section class=\"elementor-section elementor-top-section elementor-element elementor-element-7cc02b2 elementor-section-full_width elementor-section-content-middle elementor-section-stretched cyg--cabezal elementor-section-height-default elementor-section-height-default sc_fly_static\" data-id=\"7cc02b2\" data-element_type=\"section\" data-settings=\"{&quot;stretch_section&quot;:&quot;section-stretched&quot;,&quot;background_background&quot;:&quot;classic&quot;}\">\n\t\t\t\t\t\t<div class=\"elementor-container elementor-column-gap-extended\">\n\t\t\t\t\t\t\t<div class=\"elementor-row\">\n\t\t\t\t\t<div class=\"elementor-column elementor-col-100 elementor-top-column elementor-element elementor-element-e1deec3 sc_inner_width_none sc_content_align_inherit sc_layouts_column_icons_position_left sc_fly_static\" data-id=\"e1deec3\" data-element_type=\"column\">\n\t\t\t<div class=\"elementor-column-wrap elementor-element-populated\">\n\t\t\t\t\t\t\t<div class=\"elementor-widget-wrap\">\n\t\t\t\t\t\t<div class=\"elementor-element elementor-element-64e3452 sc_fly_static elementor-widget elementor-widget-text-editor\" data-id=\"64e3452\" data-element_type=\"widget\" data-widget_type=\"text-editor.default\">\n\t\t\t\t<div class=\"elementor-widget-container\">\n\t\t\t\t\t\t\t\t<div class=\"elementor-text-editor elementor-clearfix\">\n\t\t\t\t<h2>Reporte TRIBUTARIO N\u00b068<\/h2>\t\t\t\t\t<\/div>\n\t\t\t\t\t\t<\/div>\n\t\t\t\t<\/div>\n\t\t\t\t\t\t<\/div>\n\t\t\t\t\t<\/div>\n\t\t<\/div>\n\t\t\t\t\t\t\t\t<\/div>\n\t\t\t\t\t<\/div>\n\t\t<\/section>\n\t\t\t\t<section class=\"elementor-section elementor-top-section elementor-element elementor-element-03c93e1 elementor-section-boxed elementor-section-height-default elementor-section-height-default sc_fly_static\" data-id=\"03c93e1\" data-element_type=\"section\">\n\t\t\t\t\t\t<div class=\"elementor-container elementor-column-gap-extended\">\n\t\t\t\t\t\t\t<div class=\"elementor-row\">\n\t\t\t\t\t<div class=\"elementor-column elementor-col-66 elementor-top-column elementor-element elementor-element-f848534 cyg--cont-content sc_inner_width_none sc_content_align_inherit sc_layouts_column_icons_position_left sc_fly_static\" data-id=\"f848534\" data-element_type=\"column\">\n\t\t\t<div class=\"elementor-column-wrap elementor-element-populated\">\n\t\t\t\t\t\t\t<div class=\"elementor-widget-wrap\">\n\t\t\t\t\t\t<div class=\"elementor-element elementor-element-4ad6161 sc_fly_static elementor-widget elementor-widget-heading\" data-id=\"4ad6161\" data-element_type=\"widget\" data-widget_type=\"heading.default\">\n\t\t\t\t<div class=\"elementor-widget-container\">\n\t\t\t<h1 class=\"elementor-heading-title elementor-size-large\">Sociedad prestadora de servicios de fumigaciones y riego a\u00e9reo agr\u00edcola: \u00bfdebe pagar IMESI por los lubricantes que importa para sus aviones?<\/h1>\t\t<\/div>\n\t\t\t\t<\/div>\n\t\t\t\t<div class=\"elementor-element elementor-element-81aef55 elementor-widget__width-initial sc_fly_static elementor-widget elementor-widget-text-editor\" data-id=\"81aef55\" data-element_type=\"widget\" data-widget_type=\"text-editor.default\">\n\t\t\t\t<div class=\"elementor-widget-container\">\n\t\t\t\t\t\t\t\t<div class=\"elementor-text-editor elementor-clearfix\">\n\t\t\t\t<p>Una sociedad cuya actividad consiste en prestar servicios de fumigaci\u00f3n y riego (la \u201cSociedad\u201d) consulta si, al amparo de las amplias exoneraciones previstas por la Ley N\u00ba 9.977 para la aviaci\u00f3n civil, las importaciones de lubricantes para sus aviones se encuentran gravadas por el Impuesto Espec\u00edfico Interno (IMESI).<\/p><p>Aduce que peri\u00f3dicamente importa repuestos y lubricantes para realizar el mantenimiento de aviones, y hasta el momento la DGI hab\u00eda realizado la interpretaci\u00f3n restrictiva de la normativa aplicable, gravando con IMESI la importaci\u00f3n de los lubricantes, por considerar que la exoneraci\u00f3n aplica \u00fanicamente en los casos en que el destino final es la venta en plaza.<\/p><p>La Sociedad no comparte la postura de la DGI, y adelanta opini\u00f3n \u2013basada en una consulta anterior de la DGI&#8211; diciendo que la exoneraci\u00f3n de IMESI aplica tambi\u00e9n para los casos de importaci\u00f3n de lubricantes para uso propio.<\/p><p>La DGI no comparte la opini\u00f3n de la Sociedad, por los siguientes fundamentos:<\/p><p>i) la situaci\u00f3n por la que consulta la Sociedad refiere a una importaci\u00f3n realizada directamente por una persona no contribuyente, para la cual la normativa no prev\u00e9 excepci\u00f3n a su gravamen (salvo cuando se trate de bienes afectados al uso personal previamente a la importaci\u00f3n)<br \/><br \/>ii) si bien la Ley N\u00ba 9.977 exonera de toda clase de impuestos, el art. 9 del T\u00edtulo 11 del Texto Ordenado 2023 deroga respecto a dicho tributo todas las exoneraciones gen\u00e9ricas de impuestos, sin ninguna excepci\u00f3n.<\/p><p>iii)\u00a0 el art. 1 num. 12 del T\u00edtulo 11 dispone que no estar\u00e1 gravada la enajenaci\u00f3n de lubricantes, cuando se adquieran para su uso en la aviaci\u00f3n civil, de lo que deduce que la importaci\u00f3n se encuentra gravada.<\/p><p>Los fundamentos alegados por la Administraci\u00f3n no dejan de ser discutibles. La afirmaci\u00f3n de que el art. 9 del T\u00edtulo 11 derog\u00f3 todas las exoneraciones gen\u00e9ricas &#8211;derogaci\u00f3n en la que incluye las exoneraciones impositivas previstas por la Ley N\u00ba 9.977&#8211; no parece conciliarse con el Decreto N\u00ba 196\/017, el cual establece el procedimiento para obtener las exoneraciones impositivas previstas por la Ley N\u00ba 9.977. No ser\u00eda l\u00f3gico que el Poder Ejecutivo, quien tiene potestades para hacer cumplir la ley y recaudar las rentas (art. 168 n\u00ba 4 y 18) &#8211;y que adem\u00e1s es el jerarca de la DGI&#8211;, reglamente el procedimiento para obtener una exoneraci\u00f3n impositiva que, a juicio de la DGI, ha sido derogada.<\/p><p>La postura de la DGI en cuanto a que hubo una derogaci\u00f3n de las exoneraciones gen\u00e9ricas previstas por la Ley N\u00ba 9.977 no se condice tampoco con el num. 12 del art. 1 del T\u00edtulo 11, el cual establece que no est\u00e1n gravadas las enajenaciones de lubricantes para la aviaci\u00f3n civil.<\/p><p>Tambi\u00e9n podr\u00eda apelarse a una interpretaci\u00f3n evolutiva del hecho generador del IMESI. En sus or\u00edgenes, este gravaba la primera enajenaci\u00f3n de ciertos productos, y no as\u00ed la importaci\u00f3n. Ante la constataci\u00f3n de que en la importaci\u00f3n para el consumo propio del importador no se generar\u00eda el impuesto (pues quien importaba el producto no lo hac\u00eda con el fin de luego revenderlo en el mercado local, de modo que no habr\u00eda una futura <em>primera enajenaci\u00f3n<\/em>), hubo de ampliarse el hecho generador para incluir las importaciones realizadas por no contribuyentes. Este nuevo hecho generador es una suerte de medida antielusiva que vino en subsidio de la ausencia de primera enajenaci\u00f3n. Ello podr\u00eda dar m\u00e9rito a sostener que la importaci\u00f3n de lubricantes por una empresa de aviaci\u00f3n para uso propio deber\u00eda tener el mismo tratamiento tributario que si lo comprara en plaza a un importador contribuyente. \u00a0\u00a0<\/p>\t\t\t\t\t<\/div>\n\t\t\t\t\t\t<\/div>\n\t\t\t\t<\/div>\n\t\t\t\t\t\t<\/div>\n\t\t\t\t\t<\/div>\n\t\t<\/div>\n\t\t\t\t<div class=\"elementor-column elementor-col-33 elementor-top-column elementor-element elementor-element-46bd75e cyg--sidebar sc_inner_width_none sc_content_align_inherit sc_layouts_column_icons_position_left sc_fly_static\" data-id=\"46bd75e\" data-element_type=\"column\">\n\t\t\t<div class=\"elementor-column-wrap elementor-element-populated\">\n\t\t\t\t\t\t\t<div class=\"elementor-widget-wrap\">\n\t\t\t\t\t\t<div class=\"elementor-element elementor-element-b4ea192 sc_fly_static elementor-widget elementor-widget-text-editor\" data-id=\"b4ea192\" data-element_type=\"widget\" data-widget_type=\"text-editor.default\">\n\t\t\t\t<div class=\"elementor-widget-container\">\n\t\t\t\t\t\t\t\t<div class=\"elementor-text-editor elementor-clearfix\">\n\t\t\t\t<h5>Need more information?<\/h5><h6>CONTACT US<\/h6>\t\t\t\t\t<\/div>\n\t\t\t\t\t\t<\/div>\n\t\t\t\t<\/div>\n\t\t\t\t<div class=\"elementor-element elementor-element-d3bdebb sc_fly_static elementor-widget elementor-widget-shortcode\" data-id=\"d3bdebb\" data-element_type=\"widget\" data-widget_type=\"shortcode.default\">\n\t\t\t\t<div class=\"elementor-widget-container\">\n\t\t\t\t\t<div class=\"elementor-shortcode\">\n<div class=\"wpcf7 no-js\" id=\"wpcf7-f5597-o1\" lang=\"en-US\" dir=\"ltr\">\n<div class=\"screen-reader-response\"><p role=\"status\" aria-live=\"polite\" aria-atomic=\"true\"><\/p> <ul><\/ul><\/div>\n<form action=\"\/en\/wp-json\/wp\/v2\/pages\/31121#wpcf7-f5597-o1\" method=\"post\" class=\"wpcf7-form init\" aria-label=\"Contact form\" novalidate=\"novalidate\" data-status=\"init\">\n<div style=\"display: none;\">\n<input type=\"hidden\" name=\"_wpcf7\" value=\"5597\" \/>\n<input type=\"hidden\" name=\"_wpcf7_version\" value=\"5.8.3\" \/>\n<input type=\"hidden\" name=\"_wpcf7_locale\" value=\"en_US\" \/>\n<input type=\"hidden\" name=\"_wpcf7_unit_tag\" value=\"wpcf7-f5597-o1\" \/>\n<input type=\"hidden\" name=\"_wpcf7_container_post\" value=\"0\" \/>\n<input type=\"hidden\" name=\"_wpcf7_posted_data_hash\" value=\"\" \/>\n<\/div>\n<p><span class=\"wpcf7-form-control-wrap\" data-name=\"nombre\"><input size=\"40\" class=\"wpcf7-form-control wpcf7-text wpcf7-validates-as-required\" aria-required=\"true\" aria-invalid=\"false\" placeholder=\"Name\" value=\"\" type=\"text\" name=\"nombre\" \/><\/span><br \/>\n<span class=\"wpcf7-form-control-wrap\" data-name=\"correo\"><input size=\"40\" class=\"wpcf7-form-control wpcf7-email wpcf7-validates-as-required wpcf7-text wpcf7-validates-as-email\" aria-required=\"true\" aria-invalid=\"false\" placeholder=\"E-mail\" value=\"\" type=\"email\" name=\"correo\" \/><\/span><br \/>\n<span class=\"wpcf7-form-control-wrap\" data-name=\"msj\"><textarea cols=\"40\" rows=\"10\" class=\"wpcf7-form-control wpcf7-textarea\" aria-invalid=\"false\" placeholder=\"Message\" name=\"msj\"><\/textarea><\/span><br \/>\n<input class=\"wpcf7-form-control wpcf7-submit has-spinner\" id=\"submit\" type=\"submit\" value=\"Send\" \/>\n<\/p><div class=\"wpcf7-response-output\" aria-hidden=\"true\"><\/div>\n<\/form>\n<\/div>\n<\/div>\n\t\t\t\t<\/div>\n\t\t\t\t<\/div>\n\t\t\t\t\t\t<\/div>\n\t\t\t\t\t<\/div>\n\t\t<\/div>\n\t\t\t\t\t\t\t\t<\/div>\n\t\t\t\t\t<\/div>\n\t\t<\/section>\n\t\t\t\t\t\t\t\t\t<\/div>\n\t\t\t<\/div>\n\t\t\t\t\t<\/div>\n\t\t","protected":false},"excerpt":{"rendered":"<p>Reporte TRIBUTARIO N\u00b068 Sociedad prestadora de servicios de fumigaciones y riego a\u00e9reo agr\u00edcola: \u00bfdebe pagar IMESI por los lubricantes que importa para sus aviones? Una sociedad cuya actividad consiste en&hellip;<\/p>\n","protected":false},"author":3,"featured_media":0,"parent":0,"menu_order":0,"comment_status":"closed","ping_status":"closed","template":"","meta":{"footnotes":""},"acf":[],"_links":{"self":[{"href":"https:\/\/bergsteinlaw.com\/en\/wp-json\/wp\/v2\/pages\/31121"}],"collection":[{"href":"https:\/\/bergsteinlaw.com\/en\/wp-json\/wp\/v2\/pages"}],"about":[{"href":"https:\/\/bergsteinlaw.com\/en\/wp-json\/wp\/v2\/types\/page"}],"author":[{"embeddable":true,"href":"https:\/\/bergsteinlaw.com\/en\/wp-json\/wp\/v2\/users\/3"}],"replies":[{"embeddable":true,"href":"https:\/\/bergsteinlaw.com\/en\/wp-json\/wp\/v2\/comments?post=31121"}],"version-history":[{"count":8,"href":"https:\/\/bergsteinlaw.com\/en\/wp-json\/wp\/v2\/pages\/31121\/revisions"}],"predecessor-version":[{"id":31129,"href":"https:\/\/bergsteinlaw.com\/en\/wp-json\/wp\/v2\/pages\/31121\/revisions\/31129"}],"wp:attachment":[{"href":"https:\/\/bergsteinlaw.com\/en\/wp-json\/wp\/v2\/media?parent=31121"}],"curies":[{"name":"wp","href":"https:\/\/api.w.org\/{rel}","templated":true}]}}