{"id":31133,"date":"2025-05-11T18:11:56","date_gmt":"2025-05-11T21:11:56","guid":{"rendered":"https:\/\/bergsteinlaw.com\/?page_id=31133"},"modified":"2025-05-11T18:13:09","modified_gmt":"2025-05-11T21:13:09","slug":"mantiene-inmunidad-tributaria-el-estado-extranjero-respecto-de-inmuebles-de-su-propiedad-que-no-se-encuentren-afectados-a-la-mision-diplomatica","status":"publish","type":"page","link":"https:\/\/bergsteinlaw.com\/en\/mantiene-inmunidad-tributaria-el-estado-extranjero-respecto-de-inmuebles-de-su-propiedad-que-no-se-encuentren-afectados-a-la-mision-diplomatica\/","title":{"rendered":"(Espa\u00f1ol) \u00bfMantiene inmunidad tributaria el Estado extranjero respecto de inmuebles de su propiedad que no se encuentren afectados a la misi\u00f3n diplom\u00e1tica?"},"content":{"rendered":"\t\t<div data-elementor-type=\"wp-page\" data-elementor-id=\"31133\" class=\"elementor elementor-31133\">\n\t\t\t\t\t\t<div class=\"elementor-inner\">\n\t\t\t\t<div class=\"elementor-section-wrap\">\n\t\t\t\t\t\t\t\t\t<section class=\"elementor-section elementor-top-section elementor-element elementor-element-7cc02b2 elementor-section-full_width elementor-section-content-middle elementor-section-stretched cyg--cabezal elementor-section-height-default elementor-section-height-default sc_fly_static\" data-id=\"7cc02b2\" data-element_type=\"section\" data-settings=\"{&quot;stretch_section&quot;:&quot;section-stretched&quot;,&quot;background_background&quot;:&quot;classic&quot;}\">\n\t\t\t\t\t\t<div class=\"elementor-container elementor-column-gap-extended\">\n\t\t\t\t\t\t\t<div class=\"elementor-row\">\n\t\t\t\t\t<div class=\"elementor-column elementor-col-100 elementor-top-column elementor-element elementor-element-e1deec3 sc_inner_width_none sc_content_align_inherit sc_layouts_column_icons_position_left sc_fly_static\" data-id=\"e1deec3\" data-element_type=\"column\">\n\t\t\t<div class=\"elementor-column-wrap elementor-element-populated\">\n\t\t\t\t\t\t\t<div class=\"elementor-widget-wrap\">\n\t\t\t\t\t\t<div class=\"elementor-element elementor-element-64e3452 sc_fly_static elementor-widget elementor-widget-text-editor\" data-id=\"64e3452\" data-element_type=\"widget\" data-widget_type=\"text-editor.default\">\n\t\t\t\t<div class=\"elementor-widget-container\">\n\t\t\t\t\t\t\t\t<div class=\"elementor-text-editor elementor-clearfix\">\n\t\t\t\t<h2>Reporte TRIBUTARIO N\u00b068<\/h2>\t\t\t\t\t<\/div>\n\t\t\t\t\t\t<\/div>\n\t\t\t\t<\/div>\n\t\t\t\t\t\t<\/div>\n\t\t\t\t\t<\/div>\n\t\t<\/div>\n\t\t\t\t\t\t\t\t<\/div>\n\t\t\t\t\t<\/div>\n\t\t<\/section>\n\t\t\t\t<section class=\"elementor-section elementor-top-section elementor-element elementor-element-03c93e1 elementor-section-boxed elementor-section-height-default elementor-section-height-default sc_fly_static\" data-id=\"03c93e1\" data-element_type=\"section\">\n\t\t\t\t\t\t<div class=\"elementor-container elementor-column-gap-extended\">\n\t\t\t\t\t\t\t<div class=\"elementor-row\">\n\t\t\t\t\t<div class=\"elementor-column elementor-col-66 elementor-top-column elementor-element elementor-element-f848534 cyg--cont-content sc_inner_width_none sc_content_align_inherit sc_layouts_column_icons_position_left sc_fly_static\" data-id=\"f848534\" data-element_type=\"column\">\n\t\t\t<div class=\"elementor-column-wrap elementor-element-populated\">\n\t\t\t\t\t\t\t<div class=\"elementor-widget-wrap\">\n\t\t\t\t\t\t<div class=\"elementor-element elementor-element-4ad6161 sc_fly_static elementor-widget elementor-widget-heading\" data-id=\"4ad6161\" data-element_type=\"widget\" data-widget_type=\"heading.default\">\n\t\t\t\t<div class=\"elementor-widget-container\">\n\t\t\t<h1 class=\"elementor-heading-title elementor-size-large\">\u00bfMantiene inmunidad tributaria el Estado extranjero respecto de inmuebles de su propiedad que no se encuentren afectados a la misi\u00f3n diplom\u00e1tica? <\/h1>\t\t<\/div>\n\t\t\t\t<\/div>\n\t\t\t\t<div class=\"elementor-element elementor-element-81aef55 elementor-widget__width-initial sc_fly_static elementor-widget elementor-widget-text-editor\" data-id=\"81aef55\" data-element_type=\"widget\" data-widget_type=\"text-editor.default\">\n\t\t\t\t<div class=\"elementor-widget-container\">\n\t\t\t\t\t\t\t\t<div class=\"elementor-text-editor elementor-clearfix\">\n\t\t\t\t<p>En esos t\u00e9rminos podr\u00eda sintetizarse la consulta que realiz\u00f3 una escribana cuyo cliente pretend\u00eda adquirir de un Estado extranjero dos inmuebles que desde hac\u00eda varios a\u00f1os hab\u00edan sido desafectados de la misi\u00f3n, entre otras razones, porque los asuntos de dicho Estado en Uruguay pas\u00f3 a atenderlos desde su sede en Argentina (uno de ellos, incluso, se encontraba alquilado a un tercero).<\/p><p>Como es sabido, la escribana autorizante de la escritura de compraventa de un inmueble es sujeto responsable del Impuesto a las Trasmisiones Patrimoniales (ITP) y del Impuesto a las Rentas de los No Residentes (IRNR) &#8211;en este caso porque el vendedor era una entidad no residente&#8211;, as\u00ed como realizar el control del Impuesto al Patrimonio (IP) con la correspondiente declaraci\u00f3n jurada.<\/p><p>La escribana adelant\u00f3 opini\u00f3n en el sentido de que, si bien dichos bienes en alg\u00fan momento fueron locales de la misi\u00f3n, actualmente al no tener representaci\u00f3n diplom\u00e1tica acreditada en el pa\u00eds, no son utilizados para las finalidades de la misi\u00f3n; tampoco es residencia del jefe de la oficina consular de carrera y no es oficina consular, por lo que, no est\u00e1n alcanzados por la inmunidad impositiva prevista en la Convenci\u00f3n de Viena sobre relaciones e inmunidades diplom\u00e1ticas y relaciones consulares a las que adhiri\u00f3 nuestro pa\u00eds.<\/p><p>La DGI comparti\u00f3 la postura de la escribana. A juicio de la DGI, la situaci\u00f3n planteada claramente no se encuentra amparada por la norma exoneratoria sobre los locales de la misi\u00f3n (actual art\u00edculo 150 del T\u00edtulo 2 T.O. 2023). El art\u00edculo 1 de la Convenci\u00f3n de Viena define a los \u201clocales de la misi\u00f3n\u201d como los edificios o las partes de los edificios, sea cual fuere su propietario, utilizados para las finalidades de la misi\u00f3n, incluyendo la residencia del jefe de la misi\u00f3n, as\u00ed como el terreno destinado al servicio de esos edificios o de parte de ellos.<\/p><p>Es condici\u00f3n necesaria para que los inmuebles queden alcanzados por la inmunidad que estos se encuentren afectados a la misi\u00f3n, extremo que en el caso no se cumpl\u00eda, por lo que cab\u00eda concluir que la compraventa de dichos inmuebles no se encontraba exonerada, y que la escribana actuante en su calidad de agente de retenci\u00f3n deb\u00eda retener ITP e IRNR, as\u00ed como realizar el control de IP con la correspondiente declaraci\u00f3n jurada.<\/p>\t\t\t\t\t<\/div>\n\t\t\t\t\t\t<\/div>\n\t\t\t\t<\/div>\n\t\t\t\t\t\t<\/div>\n\t\t\t\t\t<\/div>\n\t\t<\/div>\n\t\t\t\t<div class=\"elementor-column elementor-col-33 elementor-top-column elementor-element elementor-element-46bd75e cyg--sidebar sc_inner_width_none sc_content_align_inherit sc_layouts_column_icons_position_left sc_fly_static\" data-id=\"46bd75e\" data-element_type=\"column\">\n\t\t\t<div class=\"elementor-column-wrap elementor-element-populated\">\n\t\t\t\t\t\t\t<div class=\"elementor-widget-wrap\">\n\t\t\t\t\t\t<div class=\"elementor-element elementor-element-b4ea192 sc_fly_static elementor-widget elementor-widget-text-editor\" data-id=\"b4ea192\" data-element_type=\"widget\" data-widget_type=\"text-editor.default\">\n\t\t\t\t<div class=\"elementor-widget-container\">\n\t\t\t\t\t\t\t\t<div class=\"elementor-text-editor elementor-clearfix\">\n\t\t\t\t<h5>Need more information?<\/h5><h6>CONTACT US<\/h6>\t\t\t\t\t<\/div>\n\t\t\t\t\t\t<\/div>\n\t\t\t\t<\/div>\n\t\t\t\t<div class=\"elementor-element elementor-element-d3bdebb sc_fly_static elementor-widget elementor-widget-shortcode\" data-id=\"d3bdebb\" data-element_type=\"widget\" data-widget_type=\"shortcode.default\">\n\t\t\t\t<div class=\"elementor-widget-container\">\n\t\t\t\t\t<div class=\"elementor-shortcode\">\n<div class=\"wpcf7 no-js\" id=\"wpcf7-f5597-o1\" lang=\"en-US\" dir=\"ltr\">\n<div class=\"screen-reader-response\"><p role=\"status\" aria-live=\"polite\" aria-atomic=\"true\"><\/p> <ul><\/ul><\/div>\n<form action=\"\/en\/wp-json\/wp\/v2\/pages\/31133#wpcf7-f5597-o1\" method=\"post\" class=\"wpcf7-form init\" aria-label=\"Contact form\" novalidate=\"novalidate\" data-status=\"init\">\n<div style=\"display: none;\">\n<input type=\"hidden\" name=\"_wpcf7\" value=\"5597\" \/>\n<input type=\"hidden\" name=\"_wpcf7_version\" value=\"5.8.3\" \/>\n<input type=\"hidden\" name=\"_wpcf7_locale\" value=\"en_US\" \/>\n<input type=\"hidden\" name=\"_wpcf7_unit_tag\" value=\"wpcf7-f5597-o1\" \/>\n<input type=\"hidden\" name=\"_wpcf7_container_post\" value=\"0\" \/>\n<input type=\"hidden\" name=\"_wpcf7_posted_data_hash\" value=\"\" \/>\n<\/div>\n<p><span class=\"wpcf7-form-control-wrap\" data-name=\"nombre\"><input size=\"40\" class=\"wpcf7-form-control wpcf7-text wpcf7-validates-as-required\" aria-required=\"true\" aria-invalid=\"false\" placeholder=\"Name\" value=\"\" type=\"text\" name=\"nombre\" \/><\/span><br \/>\n<span class=\"wpcf7-form-control-wrap\" data-name=\"correo\"><input size=\"40\" class=\"wpcf7-form-control wpcf7-email wpcf7-validates-as-required wpcf7-text wpcf7-validates-as-email\" aria-required=\"true\" aria-invalid=\"false\" placeholder=\"E-mail\" value=\"\" type=\"email\" name=\"correo\" \/><\/span><br \/>\n<span class=\"wpcf7-form-control-wrap\" data-name=\"msj\"><textarea cols=\"40\" rows=\"10\" class=\"wpcf7-form-control wpcf7-textarea\" aria-invalid=\"false\" placeholder=\"Message\" name=\"msj\"><\/textarea><\/span><br \/>\n<input class=\"wpcf7-form-control wpcf7-submit has-spinner\" id=\"submit\" type=\"submit\" value=\"Send\" \/>\n<\/p><div class=\"wpcf7-response-output\" aria-hidden=\"true\"><\/div>\n<\/form>\n<\/div>\n<\/div>\n\t\t\t\t<\/div>\n\t\t\t\t<\/div>\n\t\t\t\t\t\t<\/div>\n\t\t\t\t\t<\/div>\n\t\t<\/div>\n\t\t\t\t\t\t\t\t<\/div>\n\t\t\t\t\t<\/div>\n\t\t<\/section>\n\t\t\t\t\t\t\t\t\t<\/div>\n\t\t\t<\/div>\n\t\t\t\t\t<\/div>\n\t\t","protected":false},"excerpt":{"rendered":"<p>Reporte TRIBUTARIO N\u00b068 \u00bfMantiene inmunidad tributaria el Estado extranjero respecto de inmuebles de su propiedad que no se encuentren afectados a la misi\u00f3n diplom\u00e1tica? En esos t\u00e9rminos podr\u00eda sintetizarse la&hellip;<\/p>\n","protected":false},"author":3,"featured_media":0,"parent":0,"menu_order":0,"comment_status":"closed","ping_status":"closed","template":"","meta":{"footnotes":""},"acf":[],"_links":{"self":[{"href":"https:\/\/bergsteinlaw.com\/en\/wp-json\/wp\/v2\/pages\/31133"}],"collection":[{"href":"https:\/\/bergsteinlaw.com\/en\/wp-json\/wp\/v2\/pages"}],"about":[{"href":"https:\/\/bergsteinlaw.com\/en\/wp-json\/wp\/v2\/types\/page"}],"author":[{"embeddable":true,"href":"https:\/\/bergsteinlaw.com\/en\/wp-json\/wp\/v2\/users\/3"}],"replies":[{"embeddable":true,"href":"https:\/\/bergsteinlaw.com\/en\/wp-json\/wp\/v2\/comments?post=31133"}],"version-history":[{"count":8,"href":"https:\/\/bergsteinlaw.com\/en\/wp-json\/wp\/v2\/pages\/31133\/revisions"}],"predecessor-version":[{"id":31141,"href":"https:\/\/bergsteinlaw.com\/en\/wp-json\/wp\/v2\/pages\/31133\/revisions\/31141"}],"wp:attachment":[{"href":"https:\/\/bergsteinlaw.com\/en\/wp-json\/wp\/v2\/media?parent=31133"}],"curies":[{"name":"wp","href":"https:\/\/api.w.org\/{rel}","templated":true}]}}