{"id":31146,"date":"2025-05-11T18:15:19","date_gmt":"2025-05-11T21:15:19","guid":{"rendered":"https:\/\/bergsteinlaw.com\/?page_id=31146"},"modified":"2025-05-11T18:16:38","modified_gmt":"2025-05-11T21:16:38","slug":"transmision-de-participaciones-patrimoniales-exoneracion-de-irae-e-irpf","status":"publish","type":"page","link":"https:\/\/bergsteinlaw.com\/en\/transmision-de-participaciones-patrimoniales-exoneracion-de-irae-e-irpf\/","title":{"rendered":"(Espa\u00f1ol) Transmisi\u00f3n de participaciones patrimoniales: exoneraci\u00f3n de IRAE e IRPF"},"content":{"rendered":"\t\t<div data-elementor-type=\"wp-page\" data-elementor-id=\"31146\" class=\"elementor elementor-31146\">\n\t\t\t\t\t\t<div class=\"elementor-inner\">\n\t\t\t\t<div class=\"elementor-section-wrap\">\n\t\t\t\t\t\t\t\t\t<section class=\"elementor-section elementor-top-section elementor-element elementor-element-7cc02b2 elementor-section-full_width elementor-section-content-middle elementor-section-stretched cyg--cabezal elementor-section-height-default elementor-section-height-default sc_fly_static\" data-id=\"7cc02b2\" data-element_type=\"section\" data-settings=\"{&quot;stretch_section&quot;:&quot;section-stretched&quot;,&quot;background_background&quot;:&quot;classic&quot;}\">\n\t\t\t\t\t\t<div class=\"elementor-container elementor-column-gap-extended\">\n\t\t\t\t\t\t\t<div class=\"elementor-row\">\n\t\t\t\t\t<div class=\"elementor-column elementor-col-100 elementor-top-column elementor-element elementor-element-e1deec3 sc_inner_width_none sc_content_align_inherit sc_layouts_column_icons_position_left sc_fly_static\" data-id=\"e1deec3\" data-element_type=\"column\">\n\t\t\t<div class=\"elementor-column-wrap elementor-element-populated\">\n\t\t\t\t\t\t\t<div class=\"elementor-widget-wrap\">\n\t\t\t\t\t\t<div class=\"elementor-element elementor-element-64e3452 sc_fly_static elementor-widget elementor-widget-text-editor\" data-id=\"64e3452\" data-element_type=\"widget\" data-widget_type=\"text-editor.default\">\n\t\t\t\t<div class=\"elementor-widget-container\">\n\t\t\t\t\t\t\t\t<div class=\"elementor-text-editor elementor-clearfix\">\n\t\t\t\t<h2>Reporte TRIBUTARIO N\u00b068<\/h2>\t\t\t\t\t<\/div>\n\t\t\t\t\t\t<\/div>\n\t\t\t\t<\/div>\n\t\t\t\t\t\t<\/div>\n\t\t\t\t\t<\/div>\n\t\t<\/div>\n\t\t\t\t\t\t\t\t<\/div>\n\t\t\t\t\t<\/div>\n\t\t<\/section>\n\t\t\t\t<section class=\"elementor-section elementor-top-section elementor-element elementor-element-03c93e1 elementor-section-boxed elementor-section-height-default elementor-section-height-default sc_fly_static\" data-id=\"03c93e1\" data-element_type=\"section\">\n\t\t\t\t\t\t<div class=\"elementor-container elementor-column-gap-extended\">\n\t\t\t\t\t\t\t<div class=\"elementor-row\">\n\t\t\t\t\t<div class=\"elementor-column elementor-col-66 elementor-top-column elementor-element elementor-element-f848534 cyg--cont-content sc_inner_width_none sc_content_align_inherit sc_layouts_column_icons_position_left sc_fly_static\" data-id=\"f848534\" data-element_type=\"column\">\n\t\t\t<div class=\"elementor-column-wrap elementor-element-populated\">\n\t\t\t\t\t\t\t<div class=\"elementor-widget-wrap\">\n\t\t\t\t\t\t<div class=\"elementor-element elementor-element-4ad6161 sc_fly_static elementor-widget elementor-widget-heading\" data-id=\"4ad6161\" data-element_type=\"widget\" data-widget_type=\"heading.default\">\n\t\t\t\t<div class=\"elementor-widget-container\">\n\t\t\t<h1 class=\"elementor-heading-title elementor-size-large\">Transmisi\u00f3n de participaciones patrimoniales: exoneraci\u00f3n de IRAE e IRPF<\/h1>\t\t<\/div>\n\t\t\t\t<\/div>\n\t\t\t\t<div class=\"elementor-element elementor-element-81aef55 elementor-widget__width-initial sc_fly_static elementor-widget elementor-widget-text-editor\" data-id=\"81aef55\" data-element_type=\"widget\" data-widget_type=\"text-editor.default\">\n\t\t\t\t<div class=\"elementor-widget-container\">\n\t\t\t\t\t\t\t\t<div class=\"elementor-text-editor elementor-clearfix\">\n\t\t\t\t<p>Est\u00e1n a disposici\u00f3n los instructivos para presentar &#8211;ante la Auditor\u00eda Interna de la Naci\u00f3n (AIN)&#8211; las declaraciones juradas necesarias para ampararse en la exoneraci\u00f3n de IRAE o IRPF, seg\u00fan corresponda, sobre la transmisi\u00f3n de participaciones patrimoniales que prev\u00e9, respectivamente, el literal G del art\u00edculo 29 del T\u00edtulo 4 y el literal Q del art\u00edculo 38 del T\u00edtulo 7 del Texto Ordenado de la DGI.<\/p><p>Dichos instructivos pueden encontrarse en:<\/p><p><a href=\"https:\/\/www.gub.uy\/ministerio-economia-finanzas\/comunicacion\/noticias\/registro-personas-juridicas-trasmisiones-patrimoniales-irae\">https:\/\/www.gub.uy\/ministerio-economia-finanzas\/comunicacion\/noticias\/registro-personas-juridicas-trasmisiones-patrimoniales-irae<\/a><\/p><p><a href=\"https:\/\/www.gub.uy\/ministerio-economia-finanzas\/comunicacion\/noticias\/registro-personas-fisicas-juridicas-trasmisiones-patrimoniales-irpf\">https:\/\/www.gub.uy\/ministerio-economia-finanzas\/comunicacion\/noticias\/registro-personas-fisicas-juridicas-trasmisiones-patrimoniales-irpf<\/a><\/p><p>\u00a0<\/p>\t\t\t\t\t<\/div>\n\t\t\t\t\t\t<\/div>\n\t\t\t\t<\/div>\n\t\t\t\t\t\t<\/div>\n\t\t\t\t\t<\/div>\n\t\t<\/div>\n\t\t\t\t<div class=\"elementor-column elementor-col-33 elementor-top-column elementor-element elementor-element-46bd75e cyg--sidebar sc_inner_width_none sc_content_align_inherit sc_layouts_column_icons_position_left sc_fly_static\" data-id=\"46bd75e\" data-element_type=\"column\">\n\t\t\t<div class=\"elementor-column-wrap elementor-element-populated\">\n\t\t\t\t\t\t\t<div class=\"elementor-widget-wrap\">\n\t\t\t\t\t\t<div class=\"elementor-element elementor-element-b4ea192 sc_fly_static elementor-widget elementor-widget-text-editor\" data-id=\"b4ea192\" data-element_type=\"widget\" data-widget_type=\"text-editor.default\">\n\t\t\t\t<div class=\"elementor-widget-container\">\n\t\t\t\t\t\t\t\t<div class=\"elementor-text-editor elementor-clearfix\">\n\t\t\t\t<h5>Need more information?<\/h5><h6>CONTACT US<\/h6>\t\t\t\t\t<\/div>\n\t\t\t\t\t\t<\/div>\n\t\t\t\t<\/div>\n\t\t\t\t<div class=\"elementor-element elementor-element-d3bdebb sc_fly_static elementor-widget elementor-widget-shortcode\" data-id=\"d3bdebb\" data-element_type=\"widget\" data-widget_type=\"shortcode.default\">\n\t\t\t\t<div class=\"elementor-widget-container\">\n\t\t\t\t\t<div class=\"elementor-shortcode\">\n<div class=\"wpcf7 no-js\" id=\"wpcf7-f5597-o1\" lang=\"en-US\" dir=\"ltr\">\n<div class=\"screen-reader-response\"><p role=\"status\" aria-live=\"polite\" aria-atomic=\"true\"><\/p> <ul><\/ul><\/div>\n<form action=\"\/en\/wp-json\/wp\/v2\/pages\/31146#wpcf7-f5597-o1\" method=\"post\" class=\"wpcf7-form init\" aria-label=\"Contact form\" novalidate=\"novalidate\" data-status=\"init\">\n<div style=\"display: none;\">\n<input type=\"hidden\" name=\"_wpcf7\" value=\"5597\" \/>\n<input type=\"hidden\" name=\"_wpcf7_version\" value=\"5.8.3\" \/>\n<input type=\"hidden\" name=\"_wpcf7_locale\" value=\"en_US\" \/>\n<input type=\"hidden\" name=\"_wpcf7_unit_tag\" value=\"wpcf7-f5597-o1\" \/>\n<input type=\"hidden\" name=\"_wpcf7_container_post\" value=\"0\" \/>\n<input type=\"hidden\" name=\"_wpcf7_posted_data_hash\" value=\"\" \/>\n<\/div>\n<p><span class=\"wpcf7-form-control-wrap\" data-name=\"nombre\"><input size=\"40\" class=\"wpcf7-form-control wpcf7-text wpcf7-validates-as-required\" aria-required=\"true\" aria-invalid=\"false\" placeholder=\"Name\" value=\"\" type=\"text\" name=\"nombre\" \/><\/span><br \/>\n<span class=\"wpcf7-form-control-wrap\" data-name=\"correo\"><input size=\"40\" class=\"wpcf7-form-control wpcf7-email wpcf7-validates-as-required wpcf7-text wpcf7-validates-as-email\" aria-required=\"true\" aria-invalid=\"false\" placeholder=\"E-mail\" value=\"\" type=\"email\" name=\"correo\" \/><\/span><br \/>\n<span class=\"wpcf7-form-control-wrap\" data-name=\"msj\"><textarea cols=\"40\" rows=\"10\" class=\"wpcf7-form-control wpcf7-textarea\" aria-invalid=\"false\" placeholder=\"Message\" name=\"msj\"><\/textarea><\/span><br \/>\n<input class=\"wpcf7-form-control wpcf7-submit has-spinner\" id=\"submit\" type=\"submit\" value=\"Send\" \/>\n<\/p><div class=\"wpcf7-response-output\" aria-hidden=\"true\"><\/div>\n<\/form>\n<\/div>\n<\/div>\n\t\t\t\t<\/div>\n\t\t\t\t<\/div>\n\t\t\t\t\t\t<\/div>\n\t\t\t\t\t<\/div>\n\t\t<\/div>\n\t\t\t\t\t\t\t\t<\/div>\n\t\t\t\t\t<\/div>\n\t\t<\/section>\n\t\t\t\t\t\t\t\t\t<\/div>\n\t\t\t<\/div>\n\t\t\t\t\t<\/div>\n\t\t","protected":false},"excerpt":{"rendered":"<p>Reporte TRIBUTARIO N\u00b068 Transmisi\u00f3n de participaciones patrimoniales: exoneraci\u00f3n de IRAE e IRPF Est\u00e1n a disposici\u00f3n los instructivos para presentar &#8211;ante la Auditor\u00eda Interna de la Naci\u00f3n (AIN)&#8211; las declaraciones juradas&hellip;<\/p>\n","protected":false},"author":3,"featured_media":0,"parent":0,"menu_order":0,"comment_status":"closed","ping_status":"closed","template":"","meta":{"footnotes":""},"acf":[],"_links":{"self":[{"href":"https:\/\/bergsteinlaw.com\/en\/wp-json\/wp\/v2\/pages\/31146"}],"collection":[{"href":"https:\/\/bergsteinlaw.com\/en\/wp-json\/wp\/v2\/pages"}],"about":[{"href":"https:\/\/bergsteinlaw.com\/en\/wp-json\/wp\/v2\/types\/page"}],"author":[{"embeddable":true,"href":"https:\/\/bergsteinlaw.com\/en\/wp-json\/wp\/v2\/users\/3"}],"replies":[{"embeddable":true,"href":"https:\/\/bergsteinlaw.com\/en\/wp-json\/wp\/v2\/comments?post=31146"}],"version-history":[{"count":8,"href":"https:\/\/bergsteinlaw.com\/en\/wp-json\/wp\/v2\/pages\/31146\/revisions"}],"predecessor-version":[{"id":31154,"href":"https:\/\/bergsteinlaw.com\/en\/wp-json\/wp\/v2\/pages\/31146\/revisions\/31154"}],"wp:attachment":[{"href":"https:\/\/bergsteinlaw.com\/en\/wp-json\/wp\/v2\/media?parent=31146"}],"curies":[{"name":"wp","href":"https:\/\/api.w.org\/{rel}","templated":true}]}}