{"id":32019,"date":"2025-11-02T18:45:53","date_gmt":"2025-11-02T21:45:53","guid":{"rendered":"https:\/\/bergsteinlaw.com\/?page_id=32019"},"modified":"2025-11-03T19:35:06","modified_gmt":"2025-11-03T22:35:06","slug":"7-impuesto-minimo-complementario-domestico","status":"publish","type":"page","link":"https:\/\/bergsteinlaw.com\/en\/7-impuesto-minimo-complementario-domestico\/","title":{"rendered":"(Espa\u00f1ol) 7. Impuesto M\u00ednimo Complementario Dom\u00e9stico."},"content":{"rendered":"\t\t<div data-elementor-type=\"wp-page\" data-elementor-id=\"32019\" class=\"elementor elementor-32019\">\n\t\t\t\t\t\t<div class=\"elementor-inner\">\n\t\t\t\t<div class=\"elementor-section-wrap\">\n\t\t\t\t\t\t\t\t\t<section class=\"elementor-section elementor-top-section elementor-element elementor-element-7cc02b2 elementor-section-full_width elementor-section-content-middle elementor-section-stretched cyg--cabezal elementor-section-height-default elementor-section-height-default sc_fly_static\" data-id=\"7cc02b2\" data-element_type=\"section\" data-settings=\"{&quot;stretch_section&quot;:&quot;section-stretched&quot;,&quot;background_background&quot;:&quot;classic&quot;}\">\n\t\t\t\t\t\t<div class=\"elementor-container elementor-column-gap-extended\">\n\t\t\t\t\t\t\t<div class=\"elementor-row\">\n\t\t\t\t\t<div class=\"elementor-column elementor-col-100 elementor-top-column elementor-element elementor-element-e1deec3 sc_inner_width_none sc_content_align_inherit sc_layouts_column_icons_position_left sc_fly_static\" data-id=\"e1deec3\" data-element_type=\"column\">\n\t\t\t<div class=\"elementor-column-wrap elementor-element-populated\">\n\t\t\t\t\t\t\t<div class=\"elementor-widget-wrap\">\n\t\t\t\t\t\t<div class=\"elementor-element elementor-element-64e3452 sc_fly_static elementor-widget elementor-widget-text-editor\" data-id=\"64e3452\" data-element_type=\"widget\" data-widget_type=\"text-editor.default\">\n\t\t\t\t<div class=\"elementor-widget-container\">\n\t\t\t\t\t\t\t\t<div class=\"elementor-text-editor elementor-clearfix\">\n\t\t\t\t<h2>Reporte TRIBUTARIO N\u00b070<\/h2>\t\t\t\t\t<\/div>\n\t\t\t\t\t\t<\/div>\n\t\t\t\t<\/div>\n\t\t\t\t\t\t<\/div>\n\t\t\t\t\t<\/div>\n\t\t<\/div>\n\t\t\t\t\t\t\t\t<\/div>\n\t\t\t\t\t<\/div>\n\t\t<\/section>\n\t\t\t\t<section class=\"elementor-section elementor-top-section elementor-element elementor-element-03c93e1 elementor-section-boxed elementor-section-height-default elementor-section-height-default sc_fly_static\" data-id=\"03c93e1\" data-element_type=\"section\">\n\t\t\t\t\t\t<div class=\"elementor-container elementor-column-gap-extended\">\n\t\t\t\t\t\t\t<div class=\"elementor-row\">\n\t\t\t\t\t<div class=\"elementor-column elementor-col-66 elementor-top-column elementor-element elementor-element-f848534 cyg--cont-content sc_inner_width_none sc_content_align_inherit sc_layouts_column_icons_position_left sc_fly_static\" data-id=\"f848534\" data-element_type=\"column\">\n\t\t\t<div class=\"elementor-column-wrap elementor-element-populated\">\n\t\t\t\t\t\t\t<div class=\"elementor-widget-wrap\">\n\t\t\t\t\t\t<div class=\"elementor-element elementor-element-4ad6161 sc_fly_static elementor-widget elementor-widget-heading\" data-id=\"4ad6161\" data-element_type=\"widget\" data-widget_type=\"heading.default\">\n\t\t\t\t<div class=\"elementor-widget-container\">\n\t\t\t<h1 class=\"elementor-heading-title elementor-size-large\">7. Impuesto M\u00ednimo Complementario Dom\u00e9stico<\/h1>\t\t<\/div>\n\t\t\t\t<\/div>\n\t\t\t\t<div class=\"elementor-element elementor-element-826ca0a elementor-widget__width-initial sc_fly_static elementor-widget elementor-widget-text-editor\" data-id=\"826ca0a\" data-element_type=\"widget\" data-widget_type=\"text-editor.default\">\n\t\t\t\t<div class=\"elementor-widget-container\">\n\t\t\t\t\t\t\t\t<div class=\"elementor-text-editor elementor-clearfix\">\n\t\t\t\t\t\t\t\t\t<\/div>\n\t\t\t\t\t\t<\/div>\n\t\t\t\t<\/div>\n\t\t\t\t<div class=\"elementor-element elementor-element-81aef55 elementor-widget__width-initial sc_fly_static elementor-widget elementor-widget-text-editor\" data-id=\"81aef55\" data-element_type=\"widget\" data-widget_type=\"text-editor.default\">\n\t\t\t\t<div class=\"elementor-widget-container\">\n\t\t\t\t\t\t\t\t<div class=\"elementor-text-editor elementor-clearfix\">\n\t\t\t\t<p>El Proyecto crea el denominado Impuesto M\u00ednimo Complementario Dom\u00e9stico (\u201cel IMCD\u201d). Este impuesto se enmarca en la soluci\u00f3n del Pilar II, acordada en el seno de la Organizaci\u00f3n para la Cooperaci\u00f3n y el Desarrollo Econ\u00f3micos (\u201cOCDE\u201d) por m\u00e1s de 135 jurisdicciones, con la finalidad de reformar las normas de tributaci\u00f3n internacional a fin de garantizar que las empresas multinacionales paguen una parte justa de impuestos dondequiera que operen y generen beneficios.<\/p><p>El Pilar II est\u00e1 conformado por el Impuesto M\u00ednimo Global (IMG) y la Cl\u00e1usula de Sujeci\u00f3n a Imposici\u00f3n (\u201cSubject to Tax Rule\u201d \u2013 STTR), esta \u00faltima incorporada en los convenios para evitar la doble imposici\u00f3n.<\/p><p>El IMG est\u00e1 basado en las reglas globales contra la erosi\u00f3n de las bases imponibles (\u201cGlobal Anti-Base Erosion\u201d) (\u201cReglas GloBE\u201d), que una jurisdicci\u00f3n puede introducir para imponer, a las entidades que integren grupos multinacionales (\u201cGMs\u201d) que obtengan ingresos consolidados superiores a \u20ac750 millones, un impuesto m\u00ednimo del 15% sobre los beneficios que obtengan en cada una de las jurisdicciones en las que operen.<\/p><p>Esa tributaci\u00f3n m\u00ednima se logra mediante la imposici\u00f3n de un impuesto complementario (\u201cTop-up Tax\u201d) sobre las utilidades que hayan sido gravadas con una tasa efectiva (\u201cEffectiveTax Rate\u201d \u2013 ETR) inferior al 15%.<\/p><p>El impuesto complementario lo recauda la propia jurisdicci\u00f3n de baja imposici\u00f3n a trav\u00e9s del Impuesto M\u00ednimo Complementario Nacional Calificado (\u201cQualified Domestic Minimum Top-up Tax\u201d) u otra jurisdicci\u00f3n a trav\u00e9s de la Regla de Inclusi\u00f3n de Rentas (\u201cIncome Inclusion Rule\u201d &#8211; IIR) o la Regla de Rentas Insuficientemente Gravadas (\u201cUnder Taxed Profit Rule\u201d &#8211; UTPR).<\/p><p>Uruguay ha optado por establecer el IMCD, el cual se aplicar\u00e1 a las entidades o establecimientos permanentes que pertenezcan a GMs, cuando la tasa efectiva de impuestos abonados por estos en el pa\u00eds sea inferior al 15%.<\/p><p><strong>\u00bfC\u00f3mo se determina la tasa efectiva?<\/strong> La tasa efectiva es el resultado de dividir la suma de los impuestos cubiertos ajustados (b\u00e1sicamente, impuestos sobre ingresos o beneficios, impuestos sustitutivos del impuesto a las sociedades e impuestos que graven los beneficios no distribuidos) de todas las entidades constitutivas del GM localizadas en Uruguay entre el resultado neto admisible (esto es, el resultado neto contable, con ciertos ajustes) de todas las entidades constitutivas localizadas en el pa\u00eds. Si el resultado es inferior al 15%, la diferencia hasta completar ese porcentaje ser\u00e1 el porcentaje de impuesto complementario a aplicar (\u201cTasa complementaria\u201d).<\/p><p><strong>\u00bfC\u00f3mo se determina la base imponible sobre la cual se aplicar\u00e1 el impuesto complementario dom\u00e9stico?<\/strong><\/p><p>El monto imponible ser\u00e1 el resultado positivo, si lo hubiere, de la diferencia entre el resultado neto admisible y la exclusi\u00f3n de ingresos por sustancia (\u201cBeneficios excedentes\u201d).<\/p><p>La exclusi\u00f3n de ingresos por sustancia implica la posibilidad de deducir al resultado neto admisible los siguientes conceptos:<\/p><p>i) <strong><u>Exclusi\u00f3n de n\u00f3minas<\/u><\/strong>, esto es, el equivalente al 9,6% de los costos salariales admisibles (incluyendo contribuciones de seguridad social) de los empleados computables; y<\/p><p>ii) <strong><u>Exclusi\u00f3n de activos materiales<\/u>,<\/strong> esto es, el equivalente al 7,6% del valor contable de los activos sustanciales admisibles ubicados en el pa\u00eds, entendi\u00e9ndose por tales propiedad, planta y equipo, recursos naturales, el derecho del arrendatario a utilizar activos materiales localizados en el pa\u00eds, licencia o concesi\u00f3n del Gobierno para el uso de bienes inmuebles o explotaci\u00f3n de recursos naturales.<\/p><p><strong>\u00bfC\u00f3mo se determina el IMCD a pagar?<\/strong> El impuesto a pagar es el resultado de multiplicar la Tasa complementaria por el monto correspondiente a los Beneficios excedentes.<\/p><p><strong>Otras consideraciones<\/strong><\/p><p>El Proyecto establece que el Poder Ejecutivo deber\u00e1 suspender la aplicaci\u00f3n del impuesto siempre que a nivel del Marco Inclusivo de OCDE se resuelva la eliminaci\u00f3n o suspensi\u00f3n de la aplicaci\u00f3n de las Reglas GloBE.<\/p><p>Asimismo, el Poder Ejecutivo deber\u00e1 exonerar o excluir del IMCD a las entidades de un GM cuya matriz \u00faltima est\u00e9 en una jurisdicci\u00f3n que haya sido exonerada o excluida de la aplicaci\u00f3n de la IIR o la UTPR.<\/p>\t\t\t\t\t<\/div>\n\t\t\t\t\t\t<\/div>\n\t\t\t\t<\/div>\n\t\t\t\t\t\t<\/div>\n\t\t\t\t\t<\/div>\n\t\t<\/div>\n\t\t\t\t<div class=\"elementor-column elementor-col-33 elementor-top-column elementor-element elementor-element-46bd75e cyg--sidebar sc_inner_width_none sc_content_align_inherit sc_layouts_column_icons_position_left sc_fly_static\" data-id=\"46bd75e\" data-element_type=\"column\">\n\t\t\t<div class=\"elementor-column-wrap elementor-element-populated\">\n\t\t\t\t\t\t\t<div class=\"elementor-widget-wrap\">\n\t\t\t\t\t\t<div class=\"elementor-element elementor-element-b4ea192 sc_fly_static elementor-widget elementor-widget-text-editor\" data-id=\"b4ea192\" data-element_type=\"widget\" data-widget_type=\"text-editor.default\">\n\t\t\t\t<div class=\"elementor-widget-container\">\n\t\t\t\t\t\t\t\t<div class=\"elementor-text-editor elementor-clearfix\">\n\t\t\t\t<h5>Need more information?<\/h5><h6>CONTACT US<\/h6>\t\t\t\t\t<\/div>\n\t\t\t\t\t\t<\/div>\n\t\t\t\t<\/div>\n\t\t\t\t<div class=\"elementor-element elementor-element-d3bdebb sc_fly_static elementor-widget elementor-widget-shortcode\" data-id=\"d3bdebb\" data-element_type=\"widget\" data-widget_type=\"shortcode.default\">\n\t\t\t\t<div class=\"elementor-widget-container\">\n\t\t\t\t\t<div class=\"elementor-shortcode\">\n<div class=\"wpcf7 no-js\" id=\"wpcf7-f5597-o1\" lang=\"en-US\" dir=\"ltr\">\n<div class=\"screen-reader-response\"><p role=\"status\" aria-live=\"polite\" aria-atomic=\"true\"><\/p> <ul><\/ul><\/div>\n<form action=\"\/en\/wp-json\/wp\/v2\/pages\/32019#wpcf7-f5597-o1\" method=\"post\" class=\"wpcf7-form init\" aria-label=\"Contact form\" novalidate=\"novalidate\" data-status=\"init\">\n<div style=\"display: none;\">\n<input type=\"hidden\" name=\"_wpcf7\" value=\"5597\" \/>\n<input type=\"hidden\" name=\"_wpcf7_version\" value=\"5.8.3\" \/>\n<input type=\"hidden\" name=\"_wpcf7_locale\" value=\"en_US\" \/>\n<input type=\"hidden\" name=\"_wpcf7_unit_tag\" value=\"wpcf7-f5597-o1\" \/>\n<input type=\"hidden\" name=\"_wpcf7_container_post\" value=\"0\" \/>\n<input type=\"hidden\" name=\"_wpcf7_posted_data_hash\" value=\"\" \/>\n<\/div>\n<p><span class=\"wpcf7-form-control-wrap\" data-name=\"nombre\"><input size=\"40\" class=\"wpcf7-form-control wpcf7-text wpcf7-validates-as-required\" aria-required=\"true\" aria-invalid=\"false\" placeholder=\"Name\" value=\"\" type=\"text\" name=\"nombre\" \/><\/span><br \/>\n<span class=\"wpcf7-form-control-wrap\" data-name=\"correo\"><input size=\"40\" class=\"wpcf7-form-control wpcf7-email wpcf7-validates-as-required wpcf7-text wpcf7-validates-as-email\" aria-required=\"true\" aria-invalid=\"false\" placeholder=\"E-mail\" value=\"\" type=\"email\" name=\"correo\" \/><\/span><br \/>\n<span class=\"wpcf7-form-control-wrap\" data-name=\"msj\"><textarea cols=\"40\" rows=\"10\" class=\"wpcf7-form-control wpcf7-textarea\" aria-invalid=\"false\" placeholder=\"Message\" name=\"msj\"><\/textarea><\/span><br \/>\n<input class=\"wpcf7-form-control wpcf7-submit has-spinner\" id=\"submit\" type=\"submit\" value=\"Send\" \/>\n<\/p><div class=\"wpcf7-response-output\" aria-hidden=\"true\"><\/div>\n<\/form>\n<\/div>\n<\/div>\n\t\t\t\t<\/div>\n\t\t\t\t<\/div>\n\t\t\t\t\t\t<\/div>\n\t\t\t\t\t<\/div>\n\t\t<\/div>\n\t\t\t\t\t\t\t\t<\/div>\n\t\t\t\t\t<\/div>\n\t\t<\/section>\n\t\t\t\t\t\t\t\t\t<\/div>\n\t\t\t<\/div>\n\t\t\t\t\t<\/div>\n\t\t","protected":false},"excerpt":{"rendered":"<p>Reporte TRIBUTARIO N\u00b070 7. Impuesto M\u00ednimo Complementario Dom\u00e9stico El Proyecto crea el denominado Impuesto M\u00ednimo Complementario Dom\u00e9stico (\u201cel IMCD\u201d). Este impuesto se enmarca en la soluci\u00f3n del Pilar II, acordada&hellip;<\/p>\n","protected":false},"author":3,"featured_media":0,"parent":0,"menu_order":0,"comment_status":"closed","ping_status":"closed","template":"","meta":{"footnotes":""},"acf":[],"_links":{"self":[{"href":"https:\/\/bergsteinlaw.com\/en\/wp-json\/wp\/v2\/pages\/32019"}],"collection":[{"href":"https:\/\/bergsteinlaw.com\/en\/wp-json\/wp\/v2\/pages"}],"about":[{"href":"https:\/\/bergsteinlaw.com\/en\/wp-json\/wp\/v2\/types\/page"}],"author":[{"embeddable":true,"href":"https:\/\/bergsteinlaw.com\/en\/wp-json\/wp\/v2\/users\/3"}],"replies":[{"embeddable":true,"href":"https:\/\/bergsteinlaw.com\/en\/wp-json\/wp\/v2\/comments?post=32019"}],"version-history":[{"count":10,"href":"https:\/\/bergsteinlaw.com\/en\/wp-json\/wp\/v2\/pages\/32019\/revisions"}],"predecessor-version":[{"id":32068,"href":"https:\/\/bergsteinlaw.com\/en\/wp-json\/wp\/v2\/pages\/32019\/revisions\/32068"}],"wp:attachment":[{"href":"https:\/\/bergsteinlaw.com\/en\/wp-json\/wp\/v2\/media?parent=32019"}],"curies":[{"name":"wp","href":"https:\/\/api.w.org\/{rel}","templated":true}]}}