{"id":32237,"date":"2025-12-19T16:49:41","date_gmt":"2025-12-19T19:49:41","guid":{"rendered":"https:\/\/bergsteinlaw.com\/?page_id=32237"},"modified":"2025-12-19T16:51:15","modified_gmt":"2025-12-19T19:51:15","slug":"la-dgi-aclara-regimen-tributario-para-productores-rurales-que-cedan-terrenos-a-parques-solares-eolicos-e-instalaciones-de-hidrogeno-verde","status":"publish","type":"page","link":"https:\/\/bergsteinlaw.com\/en\/la-dgi-aclara-regimen-tributario-para-productores-rurales-que-cedan-terrenos-a-parques-solares-eolicos-e-instalaciones-de-hidrogeno-verde\/","title":{"rendered":"(Espa\u00f1ol) La DGI aclara r\u00e9gimen tributario para productores rurales que cedan terrenos a parques solares e\u00f3licos e instalaciones de hidr\u00f3geno verde"},"content":{"rendered":"\t\t<div data-elementor-type=\"wp-page\" data-elementor-id=\"32237\" class=\"elementor elementor-32237\">\n\t\t\t\t\t\t<div class=\"elementor-inner\">\n\t\t\t\t<div class=\"elementor-section-wrap\">\n\t\t\t\t\t\t\t\t\t<section class=\"elementor-section elementor-top-section elementor-element elementor-element-7cc02b2 elementor-section-full_width elementor-section-content-middle elementor-section-stretched cyg--cabezal elementor-section-height-default elementor-section-height-default sc_fly_static\" data-id=\"7cc02b2\" data-element_type=\"section\" data-settings=\"{&quot;stretch_section&quot;:&quot;section-stretched&quot;,&quot;background_background&quot;:&quot;classic&quot;}\">\n\t\t\t\t\t\t<div class=\"elementor-container elementor-column-gap-extended\">\n\t\t\t\t\t\t\t<div class=\"elementor-row\">\n\t\t\t\t\t<div class=\"elementor-column elementor-col-100 elementor-top-column elementor-element elementor-element-e1deec3 sc_inner_width_none sc_content_align_inherit sc_layouts_column_icons_position_left sc_fly_static\" data-id=\"e1deec3\" data-element_type=\"column\">\n\t\t\t<div class=\"elementor-column-wrap elementor-element-populated\">\n\t\t\t\t\t\t\t<div class=\"elementor-widget-wrap\">\n\t\t\t\t\t\t<div class=\"elementor-element elementor-element-64e3452 sc_fly_static elementor-widget elementor-widget-text-editor\" data-id=\"64e3452\" data-element_type=\"widget\" data-widget_type=\"text-editor.default\">\n\t\t\t\t<div class=\"elementor-widget-container\">\n\t\t\t\t\t\t\t\t<div class=\"elementor-text-editor elementor-clearfix\">\n\t\t\t\t<h2>Reporte TRIBUTARIO N\u00b071<\/h2>\t\t\t\t\t<\/div>\n\t\t\t\t\t\t<\/div>\n\t\t\t\t<\/div>\n\t\t\t\t\t\t<\/div>\n\t\t\t\t\t<\/div>\n\t\t<\/div>\n\t\t\t\t\t\t\t\t<\/div>\n\t\t\t\t\t<\/div>\n\t\t<\/section>\n\t\t\t\t<section class=\"elementor-section elementor-top-section elementor-element elementor-element-03c93e1 elementor-section-boxed elementor-section-height-default elementor-section-height-default sc_fly_static\" data-id=\"03c93e1\" data-element_type=\"section\">\n\t\t\t\t\t\t<div class=\"elementor-container elementor-column-gap-extended\">\n\t\t\t\t\t\t\t<div class=\"elementor-row\">\n\t\t\t\t\t<div class=\"elementor-column elementor-col-66 elementor-top-column elementor-element elementor-element-f848534 cyg--cont-content sc_inner_width_none sc_content_align_inherit sc_layouts_column_icons_position_left sc_fly_static\" data-id=\"f848534\" data-element_type=\"column\">\n\t\t\t<div class=\"elementor-column-wrap elementor-element-populated\">\n\t\t\t\t\t\t\t<div class=\"elementor-widget-wrap\">\n\t\t\t\t\t\t<div class=\"elementor-element elementor-element-4ad6161 sc_fly_static elementor-widget elementor-widget-heading\" data-id=\"4ad6161\" data-element_type=\"widget\" data-widget_type=\"heading.default\">\n\t\t\t\t<div class=\"elementor-widget-container\">\n\t\t\t<h1 class=\"elementor-heading-title elementor-size-large\">La DGI aclara r\u00e9gimen tributario para productores rurales que cedan terrenos a parques solares e\u00f3licos e instalaciones de hidr\u00f3geno verde<\/h1>\t\t<\/div>\n\t\t\t\t<\/div>\n\t\t\t\t<div class=\"elementor-element elementor-element-826ca0a elementor-widget__width-initial sc_fly_static elementor-widget elementor-widget-text-editor\" data-id=\"826ca0a\" data-element_type=\"widget\" data-widget_type=\"text-editor.default\">\n\t\t\t\t<div class=\"elementor-widget-container\">\n\t\t\t\t\t\t\t\t<div class=\"elementor-text-editor elementor-clearfix\">\n\t\t\t\t\t\t\t\t\t<\/div>\n\t\t\t\t\t\t<\/div>\n\t\t\t\t<\/div>\n\t\t\t\t<div class=\"elementor-element elementor-element-81aef55 elementor-widget__width-initial sc_fly_static elementor-widget elementor-widget-text-editor\" data-id=\"81aef55\" data-element_type=\"widget\" data-widget_type=\"text-editor.default\">\n\t\t\t\t<div class=\"elementor-widget-container\">\n\t\t\t\t\t\t\t\t<div class=\"elementor-text-editor elementor-clearfix\">\n\t\t\t\t<p>La Direcci\u00f3n General Impositiva (DGI) public\u00f3 un nuevo dictamen que fija determinados criterios tributarios para productores agropecuarios que acuerden la cesi\u00f3n de sus campos para la instalaci\u00f3n de paneles solares, aerogeneradores y dem\u00e1s infraestructura asociada a la producci\u00f3n de hidr\u00f3geno verde y sus derivados. La consulta, identificada con el N\u00ba 6.695, aclara aspectos relevantes sobre los impuestos aplicables y el momento en que se configura el hecho generador.<\/p><p>El caso planteado describe un contrato de 30 a\u00f1os dividido en tres (3) etapas: prospecci\u00f3n, construcci\u00f3n y operaci\u00f3n del parque energ\u00e9tico. Durante la prospecci\u00f3n se realizan estudios de viabilidad y se pactan pagos escalonados; la construcci\u00f3n depende del resultado de esos estudios; y la operaci\u00f3n prev\u00e9 un precio vinculado a hect\u00e1reas ocupadas y cantidad de aerogeneradores o paneles instalados. Debido a que al momento de la firma del contrato no se conoc\u00eda la configuraci\u00f3n final del proyecto, tampoco exist\u00eda un precio cierto.<\/p><p>La DGI reiter\u00f3 algunos criterios establecidos en consultas previas: el negocio jur\u00eddico no califica como un arrendamiento rural, sino que configura la constituci\u00f3n de un derecho real de superficie. Esta figura implica un desmembramiento del dominio y, por tanto, genera para el propietario una renta por incremento patrimonial, seg\u00fan lo dispuesto por el T\u00edtulo 7 del Texto Ordenado de la DGI.<\/p><p>En consecuencia, cuando el titular del inmueble sea una persona f\u00edsica, la renta derivada del derecho de superficie quedar\u00e1 en principio alcanzada por IRPF, aun cuando por su explotaci\u00f3n agropecuaria tribute IMEBA o IRAE. Para sociedades de hecho que tributan IMEBA por su actividad rural, la renta podr\u00e1 ser atribuida a los socios &#8211;quienes tributar\u00e1n IRPF&#8211; o, alternativamente, la sociedad podr\u00e1 optar por pagar IRAE. Si el titular es una sociedad an\u00f3nima o entidad comprendida en el art\u00edculo 12 del T\u00edtulo 4, ser\u00e1 contribuyente de IRAE.<\/p><p>Otro aspecto central del dictamen refiere al momento en que se configura el hecho generador. De acuerdo con el principio de lo devengado, la renta se imputa cuando se produce la transmisi\u00f3n patrimonial, es decir, cuando se constituye el derecho de superficie. Sin embargo, en este caso &#8211;al no existir un precio cierto al momento de la firma del contrato&#8211; la DGI entendi\u00f3 que el hecho generador debe declararse una vez que exista cuant\u00eda determinada. Para la primera etapa, en cambio, la renta debe computarse \u00edntegramente al suscribirse el contrato, en tanto el precio s\u00ed est\u00e1 fijado.<\/p><p>Para la etapa de construcci\u00f3n, que es eventual, la obligaci\u00f3n nacer\u00e1 cuando se confirme la viabilidad del proyecto. En la \u00faltima etapa, la obligaci\u00f3n surgir\u00e1 cuando queden definidas las hect\u00e1reas ocupadas y la cantidad de aerogeneradores o paneles instalados, elementos que permitir\u00e1n determinar el precio y, por ende, la renta gravada.<\/p>\t\t\t\t\t<\/div>\n\t\t\t\t\t\t<\/div>\n\t\t\t\t<\/div>\n\t\t\t\t\t\t<\/div>\n\t\t\t\t\t<\/div>\n\t\t<\/div>\n\t\t\t\t<div class=\"elementor-column elementor-col-33 elementor-top-column elementor-element elementor-element-46bd75e cyg--sidebar sc_inner_width_none sc_content_align_inherit sc_layouts_column_icons_position_left sc_fly_static\" data-id=\"46bd75e\" data-element_type=\"column\">\n\t\t\t<div class=\"elementor-column-wrap elementor-element-populated\">\n\t\t\t\t\t\t\t<div class=\"elementor-widget-wrap\">\n\t\t\t\t\t\t<div class=\"elementor-element elementor-element-b4ea192 sc_fly_static elementor-widget elementor-widget-text-editor\" data-id=\"b4ea192\" data-element_type=\"widget\" data-widget_type=\"text-editor.default\">\n\t\t\t\t<div class=\"elementor-widget-container\">\n\t\t\t\t\t\t\t\t<div class=\"elementor-text-editor elementor-clearfix\">\n\t\t\t\t<h5>Need more information?<\/h5><h6>CONTACT US<\/h6>\t\t\t\t\t<\/div>\n\t\t\t\t\t\t<\/div>\n\t\t\t\t<\/div>\n\t\t\t\t<div class=\"elementor-element elementor-element-d3bdebb sc_fly_static elementor-widget elementor-widget-shortcode\" data-id=\"d3bdebb\" data-element_type=\"widget\" data-widget_type=\"shortcode.default\">\n\t\t\t\t<div class=\"elementor-widget-container\">\n\t\t\t\t\t<div class=\"elementor-shortcode\">\n<div class=\"wpcf7 no-js\" id=\"wpcf7-f5597-o1\" lang=\"en-US\" dir=\"ltr\">\n<div class=\"screen-reader-response\"><p role=\"status\" aria-live=\"polite\" aria-atomic=\"true\"><\/p> <ul><\/ul><\/div>\n<form action=\"\/en\/wp-json\/wp\/v2\/pages\/32237#wpcf7-f5597-o1\" method=\"post\" class=\"wpcf7-form init\" aria-label=\"Contact form\" novalidate=\"novalidate\" data-status=\"init\">\n<div style=\"display: none;\">\n<input type=\"hidden\" name=\"_wpcf7\" value=\"5597\" \/>\n<input type=\"hidden\" name=\"_wpcf7_version\" value=\"5.8.3\" \/>\n<input type=\"hidden\" name=\"_wpcf7_locale\" value=\"en_US\" \/>\n<input type=\"hidden\" name=\"_wpcf7_unit_tag\" value=\"wpcf7-f5597-o1\" \/>\n<input type=\"hidden\" name=\"_wpcf7_container_post\" value=\"0\" \/>\n<input type=\"hidden\" name=\"_wpcf7_posted_data_hash\" value=\"\" \/>\n<\/div>\n<p><span class=\"wpcf7-form-control-wrap\" data-name=\"nombre\"><input size=\"40\" class=\"wpcf7-form-control wpcf7-text wpcf7-validates-as-required\" aria-required=\"true\" aria-invalid=\"false\" placeholder=\"Name\" value=\"\" type=\"text\" name=\"nombre\" \/><\/span><br \/>\n<span class=\"wpcf7-form-control-wrap\" data-name=\"correo\"><input size=\"40\" class=\"wpcf7-form-control wpcf7-email wpcf7-validates-as-required wpcf7-text wpcf7-validates-as-email\" aria-required=\"true\" aria-invalid=\"false\" placeholder=\"E-mail\" value=\"\" type=\"email\" name=\"correo\" \/><\/span><br \/>\n<span class=\"wpcf7-form-control-wrap\" data-name=\"msj\"><textarea cols=\"40\" rows=\"10\" class=\"wpcf7-form-control wpcf7-textarea\" aria-invalid=\"false\" placeholder=\"Message\" name=\"msj\"><\/textarea><\/span><br \/>\n<input class=\"wpcf7-form-control wpcf7-submit has-spinner\" id=\"submit\" type=\"submit\" value=\"Send\" \/>\n<\/p><div class=\"wpcf7-response-output\" aria-hidden=\"true\"><\/div>\n<\/form>\n<\/div>\n<\/div>\n\t\t\t\t<\/div>\n\t\t\t\t<\/div>\n\t\t\t\t\t\t<\/div>\n\t\t\t\t\t<\/div>\n\t\t<\/div>\n\t\t\t\t\t\t\t\t<\/div>\n\t\t\t\t\t<\/div>\n\t\t<\/section>\n\t\t\t\t\t\t\t\t\t<\/div>\n\t\t\t<\/div>\n\t\t\t\t\t<\/div>\n\t\t","protected":false},"excerpt":{"rendered":"<p>Reporte TRIBUTARIO N\u00b071 La DGI aclara r\u00e9gimen tributario para productores rurales que cedan terrenos a parques solares e\u00f3licos e instalaciones de hidr\u00f3geno verde La Direcci\u00f3n General Impositiva (DGI) public\u00f3 un&hellip;<\/p>\n","protected":false},"author":3,"featured_media":0,"parent":0,"menu_order":0,"comment_status":"closed","ping_status":"closed","template":"","meta":{"footnotes":""},"acf":[],"_links":{"self":[{"href":"https:\/\/bergsteinlaw.com\/en\/wp-json\/wp\/v2\/pages\/32237"}],"collection":[{"href":"https:\/\/bergsteinlaw.com\/en\/wp-json\/wp\/v2\/pages"}],"about":[{"href":"https:\/\/bergsteinlaw.com\/en\/wp-json\/wp\/v2\/types\/page"}],"author":[{"embeddable":true,"href":"https:\/\/bergsteinlaw.com\/en\/wp-json\/wp\/v2\/users\/3"}],"replies":[{"embeddable":true,"href":"https:\/\/bergsteinlaw.com\/en\/wp-json\/wp\/v2\/comments?post=32237"}],"version-history":[{"count":8,"href":"https:\/\/bergsteinlaw.com\/en\/wp-json\/wp\/v2\/pages\/32237\/revisions"}],"predecessor-version":[{"id":32245,"href":"https:\/\/bergsteinlaw.com\/en\/wp-json\/wp\/v2\/pages\/32237\/revisions\/32245"}],"wp:attachment":[{"href":"https:\/\/bergsteinlaw.com\/en\/wp-json\/wp\/v2\/media?parent=32237"}],"curies":[{"name":"wp","href":"https:\/\/api.w.org\/{rel}","templated":true}]}}