{"id":32318,"date":"2026-03-09T16:57:34","date_gmt":"2026-03-09T19:57:34","guid":{"rendered":"https:\/\/bergsteinlaw.com\/?page_id=32318"},"modified":"2026-03-26T12:44:00","modified_gmt":"2026-03-26T15:44:00","slug":"reporte-tributario-n72","status":"publish","type":"page","link":"https:\/\/bergsteinlaw.com\/en\/reporte-tributario-n72\/","title":{"rendered":"(Espa\u00f1ol) Reporte Tributario N\u00b072"},"content":{"rendered":"\t\t<div data-elementor-type=\"wp-page\" data-elementor-id=\"32318\" class=\"elementor elementor-32318\">\n\t\t\t\t\t\t<div class=\"elementor-inner\">\n\t\t\t\t<div class=\"elementor-section-wrap\">\n\t\t\t\t\t\t\t\t\t<section class=\"elementor-section elementor-top-section elementor-element elementor-element-7cc02b2 elementor-section-full_width elementor-section-content-middle elementor-section-stretched cyg--cabezal elementor-section-height-default elementor-section-height-default sc_fly_static\" data-id=\"7cc02b2\" data-element_type=\"section\" data-settings=\"{&quot;stretch_section&quot;:&quot;section-stretched&quot;,&quot;background_background&quot;:&quot;classic&quot;}\">\n\t\t\t\t\t\t<div class=\"elementor-container elementor-column-gap-extended\">\n\t\t\t\t\t\t\t<div class=\"elementor-row\">\n\t\t\t\t\t<div class=\"elementor-column elementor-col-100 elementor-top-column elementor-element elementor-element-e1deec3 sc_inner_width_none sc_content_align_inherit sc_layouts_column_icons_position_left sc_fly_static\" data-id=\"e1deec3\" data-element_type=\"column\">\n\t\t\t<div class=\"elementor-column-wrap elementor-element-populated\">\n\t\t\t\t\t\t\t<div class=\"elementor-widget-wrap\">\n\t\t\t\t\t\t<div class=\"elementor-element elementor-element-64e3452 sc_fly_static elementor-widget elementor-widget-text-editor\" data-id=\"64e3452\" data-element_type=\"widget\" data-widget_type=\"text-editor.default\">\n\t\t\t\t<div class=\"elementor-widget-container\">\n\t\t\t\t\t\t\t\t<div class=\"elementor-text-editor elementor-clearfix\">\n\t\t\t\t<h2>Reporte TRIBUTARIO N\u00b072<\/h2>\t\t\t\t\t<\/div>\n\t\t\t\t\t\t<\/div>\n\t\t\t\t<\/div>\n\t\t\t\t\t\t<\/div>\n\t\t\t\t\t<\/div>\n\t\t<\/div>\n\t\t\t\t\t\t\t\t<\/div>\n\t\t\t\t\t<\/div>\n\t\t<\/section>\n\t\t\t\t<section class=\"elementor-section elementor-top-section elementor-element elementor-element-03c93e1 elementor-section-boxed elementor-section-height-default elementor-section-height-default sc_fly_static\" data-id=\"03c93e1\" data-element_type=\"section\">\n\t\t\t\t\t\t<div class=\"elementor-container elementor-column-gap-extended\">\n\t\t\t\t\t\t\t<div class=\"elementor-row\">\n\t\t\t\t\t<div class=\"elementor-column elementor-col-66 elementor-top-column elementor-element elementor-element-f848534 cyg--cont-content sc_inner_width_none sc_content_align_inherit sc_layouts_column_icons_position_left sc_fly_static\" data-id=\"f848534\" data-element_type=\"column\">\n\t\t\t<div class=\"elementor-column-wrap elementor-element-populated\">\n\t\t\t\t\t\t\t<div class=\"elementor-widget-wrap\">\n\t\t\t\t\t\t<div class=\"elementor-element elementor-element-f227e36 elementor-widget__width-initial sc_fly_static elementor-widget elementor-widget-text-editor\" data-id=\"f227e36\" data-element_type=\"widget\" data-widget_type=\"text-editor.default\">\n\t\t\t\t<div class=\"elementor-widget-container\">\n\t\t\t\t\t\t\t\t<div class=\"elementor-text-editor elementor-clearfix\">\n\t\t\t\t\t\t\t\t\t<\/div>\n\t\t\t\t\t\t<\/div>\n\t\t\t\t<\/div>\n\t\t\t\t<div class=\"elementor-element elementor-element-81aef55 elementor-widget__width-initial sc_fly_static elementor-widget elementor-widget-text-editor\" data-id=\"81aef55\" data-element_type=\"widget\" data-widget_type=\"text-editor.default\">\n\t\t\t\t<div class=\"elementor-widget-container\">\n\t\t\t\t\t\t\t\t<div class=\"elementor-text-editor elementor-clearfix\">\n\t\t\t\t<div><p><u><span data-olk-copy-source=\"MessageBody\">Normativa Comentada<\/span><\/u><\/p><ul type=\"disc\"><li><a href=\"https:\/\/bergsteinlaw.com\/el-poder-ejecutivo-prorroga-pago-de-aportes-rurales-por-deficit-hidrico-en-ocho-departamentos\/\">El Poder Ejecutivo prorroga pago de aportes rurales por d\u00e9ficit h\u00eddrico en ocho departamentos<\/a><\/li><li><a href=\"https:\/\/bergsteinlaw.com\/el-irpf-y-las-rentas-del-exterior-la-dgi-suspende-retenciones-y-anticipos-sobre-rentas-devengadas\/\">El IRPF y las rentas del exterior &#8211; La DGI suspende retenciones y anticipos sobre rentas devengadas en enero de 2026<\/a><\/li><li><a href=\"https:\/\/bergsteinlaw.com\/no-hay-mejor-inversion-que-el-ladrillo-nuevo-decreto-busca-impulsar-la-inversion-en-la-construccion\/\">\u00bfNo hay mejor inversi\u00f3n que el ladrillo? Nuevo decreto busca impulsar la inversi\u00f3n en la construcci\u00f3n<\/a><\/li><li><a href=\"https:\/\/bergsteinlaw.com\/se-amplia-el-elenco-de-sujetos-obligados-a-constituir-domicilio-electronico-ante-la-direccion-general-impositiva\/\">Se ampl\u00eda el elenco de sujetos obligados a constituir domicilio electr\u00f3nico ante la Direcci\u00f3n General Impositiva<\/a><\/li><li><a href=\"https:\/\/bergsteinlaw.com\/pilar-ii-de-que-estamos-hablando\/\">Pilar II &#8211; \u00bfDe qu\u00e9 estamos hablando?<\/a><\/li><\/ul><p><u>Jurisprudencia Comentada<\/u><\/p><ul type=\"disc\"><li><a href=\"https:\/\/bergsteinlaw.com\/la-justicia-confirma-criterio-de-dgi-sobre-el-iva-compras-no-puede-imputarse-cinco-anos-despues-sin-reliquidar\/\">La Justicia confirma criterio de DGI sobre el IVA Compras: no puede imputarse cinco a\u00f1os despu\u00e9s sin reliquidar<\/a><\/li><\/ul><p><u>Consultas de DGI<\/u><\/p><ul type=\"disc\"><li><a href=\"https:\/\/bergsteinlaw.com\/ser-o-no-ser-cuando-el-uso-de-la-computadora-define-el-impuesto-a-pagar\/\">\u00bfSer o no ser? Cuando el uso de la computadora define el impuesto a pagar<\/a><\/li><li><a href=\"https:\/\/bergsteinlaw.com\/dgi-define-tratamiento-tributario-aplicable-a-la-actividad-de-remolque-portuario-exoneracion-de-irae-y-posible-asimilacion-a-exportacion-en-iva\/\">DGI define tratamiento tributario aplicable a la actividad de remolque portuario: exoneraci\u00f3n de IRAE y posible asimilaci\u00f3n a exportaci\u00f3n en IVA<\/a><\/li><li><a href=\"https:\/\/bergsteinlaw.com\/actividad-de-diseno-y-fabricacion-de-modelos-de-productos-industriales-o-de-consumo-prestacion-de-servicios-o-circulacion-de-bienes\/\">Actividad de dise\u00f1o y fabricaci\u00f3n de modelos de productos industriales o de consumo: \u00bfprestaci\u00f3n de servicios o circulaci\u00f3n de bienes?<\/a><\/li><li><a href=\"https:\/\/bergsteinlaw.com\/fusion-de-sociedades-el-requisito-de-mantener-los-giros-de-las-sociedades-fusionadas-para-no-computar-el-valor-llave\/\">Fusi\u00f3n de sociedades: el requisito de mantener los giros de las sociedades fusionadas para no computar el valor llave<\/a><\/li><li><a href=\"https:\/\/bergsteinlaw.com\/dgi-fija-criterio-sobre-ventas-internacionales-regalias-y-servicios-tecnicos\/\">DGI fija criterio sobre ventas internacionales, regal\u00edas y servicios t\u00e9cnicos<\/a><\/li><\/ul><p style=\"color: #242424; font-style: normal; font-weight: 400; letter-spacing: normal; font-size: 11pt; font-family: Calibri, sans-serif; margin: 0px;\"><span style=\"border: 0px; font-variant: inherit; font-stretch: inherit; font-size: inherit; font-family: Aptos, sans-serif; font-optical-sizing: inherit; font-size-adjust: inherit; font-kerning: inherit; font-feature-settings: inherit; font-variation-settings: inherit; margin: 0px; padding: 0px; vertical-align: baseline; color: inherit;\">\u00a0<\/span><\/p><\/div><p><a href=\"https:\/\/drive.google.com\/file\/d\/1qwSaM4gt8le0cZiICduv-2XBs71c823Z\/view?usp=sharing\"><span style=\"font-family: verdana, geneva, sans-serif; font-size: 10pt;\">Descargar Reporte Tributario n\u00b0 72<\/span><\/a><\/p>\t\t\t\t\t<\/div>\n\t\t\t\t\t\t<\/div>\n\t\t\t\t<\/div>\n\t\t\t\t\t\t<\/div>\n\t\t\t\t\t<\/div>\n\t\t<\/div>\n\t\t\t\t<div class=\"elementor-column elementor-col-33 elementor-top-column elementor-element elementor-element-46bd75e cyg--sidebar sc_inner_width_none sc_content_align_inherit sc_layouts_column_icons_position_left sc_fly_static\" data-id=\"46bd75e\" data-element_type=\"column\">\n\t\t\t<div class=\"elementor-column-wrap elementor-element-populated\">\n\t\t\t\t\t\t\t<div class=\"elementor-widget-wrap\">\n\t\t\t\t\t\t<div class=\"elementor-element elementor-element-b4ea192 sc_fly_static elementor-widget elementor-widget-text-editor\" data-id=\"b4ea192\" data-element_type=\"widget\" data-widget_type=\"text-editor.default\">\n\t\t\t\t<div class=\"elementor-widget-container\">\n\t\t\t\t\t\t\t\t<div class=\"elementor-text-editor elementor-clearfix\">\n\t\t\t\t<h5>Need more information?<\/h5><h6>CONTACT US<\/h6>\t\t\t\t\t<\/div>\n\t\t\t\t\t\t<\/div>\n\t\t\t\t<\/div>\n\t\t\t\t<div class=\"elementor-element elementor-element-d3bdebb sc_fly_static elementor-widget elementor-widget-shortcode\" data-id=\"d3bdebb\" data-element_type=\"widget\" data-widget_type=\"shortcode.default\">\n\t\t\t\t<div class=\"elementor-widget-container\">\n\t\t\t\t\t<div class=\"elementor-shortcode\">\n<div class=\"wpcf7 no-js\" id=\"wpcf7-f5597-o1\" lang=\"en-US\" dir=\"ltr\">\n<div class=\"screen-reader-response\"><p role=\"status\" aria-live=\"polite\" aria-atomic=\"true\"><\/p> <ul><\/ul><\/div>\n<form action=\"\/en\/wp-json\/wp\/v2\/pages\/32318#wpcf7-f5597-o1\" method=\"post\" class=\"wpcf7-form init\" aria-label=\"Contact form\" novalidate=\"novalidate\" data-status=\"init\">\n<div style=\"display: none;\">\n<input type=\"hidden\" name=\"_wpcf7\" value=\"5597\" \/>\n<input type=\"hidden\" name=\"_wpcf7_version\" value=\"5.8.3\" \/>\n<input type=\"hidden\" name=\"_wpcf7_locale\" value=\"en_US\" \/>\n<input type=\"hidden\" name=\"_wpcf7_unit_tag\" value=\"wpcf7-f5597-o1\" \/>\n<input type=\"hidden\" name=\"_wpcf7_container_post\" value=\"0\" \/>\n<input type=\"hidden\" name=\"_wpcf7_posted_data_hash\" value=\"\" \/>\n<\/div>\n<p><span class=\"wpcf7-form-control-wrap\" data-name=\"nombre\"><input size=\"40\" class=\"wpcf7-form-control wpcf7-text wpcf7-validates-as-required\" aria-required=\"true\" aria-invalid=\"false\" placeholder=\"Name\" value=\"\" type=\"text\" name=\"nombre\" \/><\/span><br \/>\n<span class=\"wpcf7-form-control-wrap\" data-name=\"correo\"><input size=\"40\" class=\"wpcf7-form-control wpcf7-email wpcf7-validates-as-required wpcf7-text wpcf7-validates-as-email\" aria-required=\"true\" aria-invalid=\"false\" placeholder=\"E-mail\" value=\"\" type=\"email\" name=\"correo\" \/><\/span><br \/>\n<span class=\"wpcf7-form-control-wrap\" data-name=\"msj\"><textarea cols=\"40\" rows=\"10\" class=\"wpcf7-form-control wpcf7-textarea\" aria-invalid=\"false\" placeholder=\"Message\" name=\"msj\"><\/textarea><\/span><br \/>\n<input class=\"wpcf7-form-control wpcf7-submit has-spinner\" id=\"submit\" type=\"submit\" value=\"Send\" \/>\n<\/p><div class=\"wpcf7-response-output\" aria-hidden=\"true\"><\/div>\n<\/form>\n<\/div>\n<\/div>\n\t\t\t\t<\/div>\n\t\t\t\t<\/div>\n\t\t\t\t\t\t<\/div>\n\t\t\t\t\t<\/div>\n\t\t<\/div>\n\t\t\t\t\t\t\t\t<\/div>\n\t\t\t\t\t<\/div>\n\t\t<\/section>\n\t\t\t\t<section class=\"elementor-section elementor-top-section elementor-element elementor-element-295d10b elementor-section-boxed elementor-section-height-default elementor-section-height-default sc_fly_static\" data-id=\"295d10b\" data-element_type=\"section\">\n\t\t\t\t\t\t<div class=\"elementor-container elementor-column-gap-extended\">\n\t\t\t\t\t\t\t<div class=\"elementor-row\">\n\t\t\t\t\t<div class=\"elementor-column elementor-col-100 elementor-top-column elementor-element elementor-element-f64135e sc_inner_width_none sc_content_align_inherit sc_layouts_column_icons_position_left sc_fly_static\" data-id=\"f64135e\" data-element_type=\"column\">\n\t\t\t<div class=\"elementor-column-wrap elementor-element-populated\">\n\t\t\t\t\t\t\t<div class=\"elementor-widget-wrap\">\n\t\t\t\t\t\t\t\t<\/div>\n\t\t\t\t\t<\/div>\n\t\t<\/div>\n\t\t\t\t\t\t\t\t<\/div>\n\t\t\t\t\t<\/div>\n\t\t<\/section>\n\t\t\t\t<section class=\"elementor-section elementor-top-section elementor-element elementor-element-4ac95f0 elementor-section-boxed elementor-section-height-default elementor-section-height-default sc_fly_static\" data-id=\"4ac95f0\" data-element_type=\"section\">\n\t\t\t\t\t\t<div class=\"elementor-container elementor-column-gap-extended\">\n\t\t\t\t\t\t\t<div class=\"elementor-row\">\n\t\t\t\t\t<div class=\"elementor-column elementor-col-100 elementor-top-column elementor-element elementor-element-b0132f4 sc_inner_width_none sc_content_align_inherit sc_layouts_column_icons_position_left sc_fly_static\" data-id=\"b0132f4\" data-element_type=\"column\">\n\t\t\t<div class=\"elementor-column-wrap elementor-element-populated\">\n\t\t\t\t\t\t\t<div class=\"elementor-widget-wrap\">\n\t\t\t\t\t\t\t\t<\/div>\n\t\t\t\t\t<\/div>\n\t\t<\/div>\n\t\t\t\t\t\t\t\t<\/div>\n\t\t\t\t\t<\/div>\n\t\t<\/section>\n\t\t\t\t\t\t\t\t\t<\/div>\n\t\t\t<\/div>\n\t\t\t\t\t<\/div>\n\t\t","protected":false},"excerpt":{"rendered":"<p>Reporte TRIBUTARIO N\u00b072 Normativa Comentada El Poder Ejecutivo prorroga pago de aportes rurales por d\u00e9ficit h\u00eddrico en ocho departamentos El IRPF y las rentas del exterior &#8211; La DGI suspende&hellip;<\/p>\n","protected":false},"author":3,"featured_media":0,"parent":0,"menu_order":0,"comment_status":"closed","ping_status":"closed","template":"","meta":{"footnotes":""},"acf":[],"_links":{"self":[{"href":"https:\/\/bergsteinlaw.com\/en\/wp-json\/wp\/v2\/pages\/32318"}],"collection":[{"href":"https:\/\/bergsteinlaw.com\/en\/wp-json\/wp\/v2\/pages"}],"about":[{"href":"https:\/\/bergsteinlaw.com\/en\/wp-json\/wp\/v2\/types\/page"}],"author":[{"embeddable":true,"href":"https:\/\/bergsteinlaw.com\/en\/wp-json\/wp\/v2\/users\/3"}],"replies":[{"embeddable":true,"href":"https:\/\/bergsteinlaw.com\/en\/wp-json\/wp\/v2\/comments?post=32318"}],"version-history":[{"count":45,"href":"https:\/\/bergsteinlaw.com\/en\/wp-json\/wp\/v2\/pages\/32318\/revisions"}],"predecessor-version":[{"id":32453,"href":"https:\/\/bergsteinlaw.com\/en\/wp-json\/wp\/v2\/pages\/32318\/revisions\/32453"}],"wp:attachment":[{"href":"https:\/\/bergsteinlaw.com\/en\/wp-json\/wp\/v2\/media?parent=32318"}],"curies":[{"name":"wp","href":"https:\/\/api.w.org\/{rel}","templated":true}]}}