{"id":32364,"date":"2026-03-25T13:34:50","date_gmt":"2026-03-25T16:34:50","guid":{"rendered":"https:\/\/bergsteinlaw.com\/?page_id=32364"},"modified":"2026-03-25T13:46:40","modified_gmt":"2026-03-25T16:46:40","slug":"se-amplia-el-elenco-de-sujetos-obligados-a-constituir-domicilio-electronico-ante-la-direccion-general-impositiva","status":"publish","type":"page","link":"https:\/\/bergsteinlaw.com\/en\/se-amplia-el-elenco-de-sujetos-obligados-a-constituir-domicilio-electronico-ante-la-direccion-general-impositiva\/","title":{"rendered":"(Espa\u00f1ol) Se ampl\u00eda el elenco de sujetos obligados a constituir domicilio electr\u00f3nico ante la Direcci\u00f3n General Impositiva"},"content":{"rendered":"\t\t<div data-elementor-type=\"wp-page\" data-elementor-id=\"32364\" class=\"elementor elementor-32364\">\n\t\t\t\t\t\t<div class=\"elementor-inner\">\n\t\t\t\t<div class=\"elementor-section-wrap\">\n\t\t\t\t\t\t\t\t\t<section class=\"elementor-section elementor-top-section elementor-element elementor-element-7cc02b2 elementor-section-full_width elementor-section-content-middle elementor-section-stretched cyg--cabezal elementor-section-height-default elementor-section-height-default sc_fly_static\" data-id=\"7cc02b2\" data-element_type=\"section\" data-settings=\"{&quot;stretch_section&quot;:&quot;section-stretched&quot;,&quot;background_background&quot;:&quot;classic&quot;}\">\n\t\t\t\t\t\t<div class=\"elementor-container elementor-column-gap-extended\">\n\t\t\t\t\t\t\t<div class=\"elementor-row\">\n\t\t\t\t\t<div class=\"elementor-column elementor-col-100 elementor-top-column elementor-element elementor-element-e1deec3 sc_inner_width_none sc_content_align_inherit sc_layouts_column_icons_position_left sc_fly_static\" data-id=\"e1deec3\" data-element_type=\"column\">\n\t\t\t<div class=\"elementor-column-wrap elementor-element-populated\">\n\t\t\t\t\t\t\t<div class=\"elementor-widget-wrap\">\n\t\t\t\t\t\t<div class=\"elementor-element elementor-element-64e3452 sc_fly_static elementor-widget elementor-widget-text-editor\" data-id=\"64e3452\" data-element_type=\"widget\" data-widget_type=\"text-editor.default\">\n\t\t\t\t<div class=\"elementor-widget-container\">\n\t\t\t\t\t\t\t\t<div class=\"elementor-text-editor elementor-clearfix\">\n\t\t\t\t<h2>Reporte TRIBUTARIO N\u00b072<\/h2>\t\t\t\t\t<\/div>\n\t\t\t\t\t\t<\/div>\n\t\t\t\t<\/div>\n\t\t\t\t\t\t<\/div>\n\t\t\t\t\t<\/div>\n\t\t<\/div>\n\t\t\t\t\t\t\t\t<\/div>\n\t\t\t\t\t<\/div>\n\t\t<\/section>\n\t\t\t\t<section class=\"elementor-section elementor-top-section elementor-element elementor-element-03c93e1 elementor-section-boxed elementor-section-height-default elementor-section-height-default sc_fly_static\" data-id=\"03c93e1\" data-element_type=\"section\">\n\t\t\t\t\t\t<div class=\"elementor-container elementor-column-gap-extended\">\n\t\t\t\t\t\t\t<div class=\"elementor-row\">\n\t\t\t\t\t<div class=\"elementor-column elementor-col-66 elementor-top-column elementor-element elementor-element-f848534 cyg--cont-content sc_inner_width_none sc_content_align_inherit sc_layouts_column_icons_position_left sc_fly_static\" data-id=\"f848534\" data-element_type=\"column\">\n\t\t\t<div class=\"elementor-column-wrap elementor-element-populated\">\n\t\t\t\t\t\t\t<div class=\"elementor-widget-wrap\">\n\t\t\t\t\t\t<div class=\"elementor-element elementor-element-4ad6161 sc_fly_static elementor-widget elementor-widget-heading\" data-id=\"4ad6161\" data-element_type=\"widget\" data-widget_type=\"heading.default\">\n\t\t\t\t<div class=\"elementor-widget-container\">\n\t\t\t<h1 class=\"elementor-heading-title elementor-size-large\">Se ampl\u00eda el elenco de sujetos obligados a constituir domicilio electr\u00f3nico ante la Direcci\u00f3n General Impositiva<\/h1>\t\t<\/div>\n\t\t\t\t<\/div>\n\t\t\t\t<div class=\"elementor-element elementor-element-826ca0a elementor-widget__width-initial sc_fly_static elementor-widget elementor-widget-text-editor\" data-id=\"826ca0a\" data-element_type=\"widget\" data-widget_type=\"text-editor.default\">\n\t\t\t\t<div class=\"elementor-widget-container\">\n\t\t\t\t\t\t\t\t<div class=\"elementor-text-editor elementor-clearfix\">\n\t\t\t\t\t\t\t\t\t<\/div>\n\t\t\t\t\t\t<\/div>\n\t\t\t\t<\/div>\n\t\t\t\t<div class=\"elementor-element elementor-element-81aef55 elementor-widget__width-initial sc_fly_static elementor-widget elementor-widget-text-editor\" data-id=\"81aef55\" data-element_type=\"widget\" data-widget_type=\"text-editor.default\">\n\t\t\t\t<div class=\"elementor-widget-container\">\n\t\t\t\t\t\t\t\t<div class=\"elementor-text-editor elementor-clearfix\">\n\t\t\t\t<p>Quienes habitualmente tienen alg\u00fan grado de interacci\u00f3n con la Direcci\u00f3n General Impositiva (DGI) en materia de tr\u00e1mites o presentaciones de escritos, no les resulta ajeno que desde el a\u00f1o 2019 se exige a las personas f\u00edsicas la constituci\u00f3n de un domicilio electr\u00f3nico ante DGI para recibir notificaciones electr\u00f3nicas de dicho organismo (Decreto N\u00b0 93\/018 y Resoluci\u00f3n DGI N\u00b0 887\/019).<\/p>\n<p>Recientemente, el Decreto N\u00b0 295\/025 \u2013vigente desde enero de 2026 (\u201cel Decreto\u201d)\u2014 ampli\u00f3 el elenco de sujetos obligados a constituir domicilio electr\u00f3nico ante la DGI. Ahora tambi\u00e9n las personas jur\u00eddicas y dem\u00e1s entidades, realicen o no actividad empresarial, que se vinculen con DGI en su calidad de tales como titulares, socios, directores, accionistas, representantes u otros de personas f\u00edsicas, personas jur\u00eddicas y dem\u00e1s entidades, estar\u00e1n obligadas a constituir domicilio electr\u00f3nico ante el referido organismo.<\/p>\n<p>El Decreto establece que estas mismas personas que formulen por s\u00ed o en representaci\u00f3n de otra persona f\u00edsica, jur\u00eddica o entidad, una petici\u00f3n, interpongan recursos, evac\u00faen vistas o realicen cualquier otro tr\u00e1mite, deber\u00e1n contar en dicha oportunidad con domicilio electr\u00f3nico constituido. En caso de no tenerlo, la Administraci\u00f3n le recibir\u00e1 igualmente el escrito, pero contar\u00e1n con un plazo de diez d\u00edas h\u00e1biles para salvar la omisi\u00f3n.<\/p>\n<p>Los obligados tributarios que se inscriban ante el Registro \u00danico Tributario de la DGI deber\u00e1n constituir domicilio electr\u00f3nico y suscribirlo como domicilio constituido ante la misma en el plazo de cinco d\u00edas h\u00e1biles a partir de la inscripci\u00f3n. En caso de incumplimiento y hasta que se cumpla con la constituci\u00f3n antedicha, no se dar\u00e1 curso a ning\u00fan tr\u00e1mite del obligado tributario.<\/p>\n<p>La Resoluci\u00f3n de la DGI N\u00b0 37\/026 complementa la reglamentaci\u00f3n del Decreto, estableciendo el siguiente cronograma para el cumplimiento de dicha obligaci\u00f3n:<\/p>\n<table class=\"w-fit min-w-(--thread-content-width)\" data-start=\"34\" data-end=\"295\">\n<thead data-start=\"34\" data-end=\"63\">\n<tr data-start=\"34\" data-end=\"63\">\n<th class=\"\" data-start=\"34\" data-end=\"50\" data-col-size=\"md\">Obligados<\/th>\n<th class=\"\" data-start=\"50\" data-end=\"63\" data-col-size=\"sm\">Plazo<\/th>\n<\/tr>\n<\/thead>\n<tbody data-start=\"92\" data-end=\"295\">\n<tr data-start=\"92\" data-end=\"187\">\n<td data-start=\"92\" data-end=\"160\" data-col-size=\"md\">Contribuyentes gestionados por la Divisi\u00f3n Grandes Contribuyentes<\/td>\n<td data-col-size=\"sm\" data-start=\"160\" data-end=\"187\">1\/04\/2026 al 30\/06\/2026<\/td>\n<\/tr>\n<tr data-start=\"188\" data-end=\"237\">\n<td data-start=\"188\" data-end=\"210\" data-col-size=\"md\">Contribuyentes CEDE<\/td>\n<td data-col-size=\"sm\" data-start=\"210\" data-end=\"237\">1\/07\/2026 al 31\/12\/2026<\/td>\n<\/tr>\n<tr data-start=\"238\" data-end=\"295\">\n<td data-start=\"238\" data-end=\"268\" data-col-size=\"md\">Restantes sujetos obligados<\/td>\n<td data-col-size=\"sm\" data-start=\"268\" data-end=\"295\">1\/01\/2027 al 30\/06\/2027<\/td>\n<\/tr>\n<\/tbody>\n<\/table>\n<p><br>En caso de que los sujetos obligados no cumplan la obligaci\u00f3n de constituir el domicilio electr\u00f3nico en los plazos indicados, la DGI quedar\u00e1 habilitada a realizar de oficio el alta<\/p>\n<p>del domicilio electr\u00f3nico, siempre que los sujetos obligados cuenten con domicilio electr\u00f3nico constituido ante la AGESIC.<\/p>\n<p>Por fin, la obligaci\u00f3n para las personas jur\u00eddicas u otras entidades de tener constituido el domicilio electr\u00f3nico al momento de iniciar un procedimiento administrativo mediante la presentaci\u00f3n de una petici\u00f3n, recursos administrativos, evacuar vistas o realizar otro tr\u00e1mite, ser\u00e1 exigible a partir del 1\u00b0 de octubre de 2026<\/p>\t\t\t\t\t<\/div>\n\t\t\t\t\t\t<\/div>\n\t\t\t\t<\/div>\n\t\t\t\t\t\t<\/div>\n\t\t\t\t\t<\/div>\n\t\t<\/div>\n\t\t\t\t<div class=\"elementor-column elementor-col-33 elementor-top-column elementor-element elementor-element-46bd75e cyg--sidebar sc_inner_width_none sc_content_align_inherit sc_layouts_column_icons_position_left sc_fly_static\" data-id=\"46bd75e\" data-element_type=\"column\">\n\t\t\t<div class=\"elementor-column-wrap elementor-element-populated\">\n\t\t\t\t\t\t\t<div class=\"elementor-widget-wrap\">\n\t\t\t\t\t\t<div class=\"elementor-element elementor-element-b4ea192 sc_fly_static elementor-widget elementor-widget-text-editor\" data-id=\"b4ea192\" data-element_type=\"widget\" data-widget_type=\"text-editor.default\">\n\t\t\t\t<div class=\"elementor-widget-container\">\n\t\t\t\t\t\t\t\t<div class=\"elementor-text-editor elementor-clearfix\">\n\t\t\t\t<h5>Need more information?<\/h5><h6>CONTACT US<\/h6>\t\t\t\t\t<\/div>\n\t\t\t\t\t\t<\/div>\n\t\t\t\t<\/div>\n\t\t\t\t<div class=\"elementor-element elementor-element-d3bdebb sc_fly_static elementor-widget elementor-widget-shortcode\" data-id=\"d3bdebb\" data-element_type=\"widget\" data-widget_type=\"shortcode.default\">\n\t\t\t\t<div class=\"elementor-widget-container\">\n\t\t\t\t\t<div class=\"elementor-shortcode\">\n<div class=\"wpcf7 no-js\" id=\"wpcf7-f5597-o1\" lang=\"en-US\" dir=\"ltr\">\n<div class=\"screen-reader-response\"><p role=\"status\" aria-live=\"polite\" aria-atomic=\"true\"><\/p> <ul><\/ul><\/div>\n<form action=\"\/en\/wp-json\/wp\/v2\/pages\/32364#wpcf7-f5597-o1\" method=\"post\" class=\"wpcf7-form init\" aria-label=\"Contact form\" novalidate=\"novalidate\" data-status=\"init\">\n<div style=\"display: none;\">\n<input type=\"hidden\" name=\"_wpcf7\" value=\"5597\" \/>\n<input type=\"hidden\" name=\"_wpcf7_version\" value=\"5.8.3\" \/>\n<input type=\"hidden\" name=\"_wpcf7_locale\" value=\"en_US\" \/>\n<input type=\"hidden\" name=\"_wpcf7_unit_tag\" value=\"wpcf7-f5597-o1\" \/>\n<input type=\"hidden\" name=\"_wpcf7_container_post\" value=\"0\" \/>\n<input type=\"hidden\" name=\"_wpcf7_posted_data_hash\" value=\"\" \/>\n<\/div>\n<p><span class=\"wpcf7-form-control-wrap\" data-name=\"nombre\"><input size=\"40\" class=\"wpcf7-form-control wpcf7-text wpcf7-validates-as-required\" aria-required=\"true\" aria-invalid=\"false\" placeholder=\"Name\" value=\"\" type=\"text\" name=\"nombre\" \/><\/span><br \/>\n<span class=\"wpcf7-form-control-wrap\" data-name=\"correo\"><input size=\"40\" class=\"wpcf7-form-control wpcf7-email wpcf7-validates-as-required wpcf7-text wpcf7-validates-as-email\" aria-required=\"true\" aria-invalid=\"false\" placeholder=\"E-mail\" value=\"\" type=\"email\" name=\"correo\" \/><\/span><br \/>\n<span class=\"wpcf7-form-control-wrap\" data-name=\"msj\"><textarea cols=\"40\" rows=\"10\" class=\"wpcf7-form-control wpcf7-textarea\" aria-invalid=\"false\" placeholder=\"Message\" name=\"msj\"><\/textarea><\/span><br \/>\n<input class=\"wpcf7-form-control wpcf7-submit has-spinner\" id=\"submit\" type=\"submit\" value=\"Send\" \/>\n<\/p><div class=\"wpcf7-response-output\" aria-hidden=\"true\"><\/div>\n<\/form>\n<\/div>\n<\/div>\n\t\t\t\t<\/div>\n\t\t\t\t<\/div>\n\t\t\t\t\t\t<\/div>\n\t\t\t\t\t<\/div>\n\t\t<\/div>\n\t\t\t\t\t\t\t\t<\/div>\n\t\t\t\t\t<\/div>\n\t\t<\/section>\n\t\t\t\t\t\t\t\t\t<\/div>\n\t\t\t<\/div>\n\t\t\t\t\t<\/div>\n\t\t","protected":false},"excerpt":{"rendered":"<p>Reporte TRIBUTARIO N\u00b072 Se ampl\u00eda el elenco de sujetos obligados a constituir domicilio electr\u00f3nico ante la Direcci\u00f3n General Impositiva Quienes habitualmente tienen alg\u00fan grado de interacci\u00f3n con la Direcci\u00f3n General&hellip;<\/p>\n","protected":false},"author":3,"featured_media":0,"parent":0,"menu_order":0,"comment_status":"closed","ping_status":"closed","template":"","meta":{"footnotes":""},"acf":[],"_links":{"self":[{"href":"https:\/\/bergsteinlaw.com\/en\/wp-json\/wp\/v2\/pages\/32364"}],"collection":[{"href":"https:\/\/bergsteinlaw.com\/en\/wp-json\/wp\/v2\/pages"}],"about":[{"href":"https:\/\/bergsteinlaw.com\/en\/wp-json\/wp\/v2\/types\/page"}],"author":[{"embeddable":true,"href":"https:\/\/bergsteinlaw.com\/en\/wp-json\/wp\/v2\/users\/3"}],"replies":[{"embeddable":true,"href":"https:\/\/bergsteinlaw.com\/en\/wp-json\/wp\/v2\/comments?post=32364"}],"version-history":[{"count":5,"href":"https:\/\/bergsteinlaw.com\/en\/wp-json\/wp\/v2\/pages\/32364\/revisions"}],"predecessor-version":[{"id":32370,"href":"https:\/\/bergsteinlaw.com\/en\/wp-json\/wp\/v2\/pages\/32364\/revisions\/32370"}],"wp:attachment":[{"href":"https:\/\/bergsteinlaw.com\/en\/wp-json\/wp\/v2\/media?parent=32364"}],"curies":[{"name":"wp","href":"https:\/\/api.w.org\/{rel}","templated":true}]}}