{"id":32397,"date":"2026-03-25T14:00:37","date_gmt":"2026-03-25T17:00:37","guid":{"rendered":"https:\/\/bergsteinlaw.com\/?page_id=32397"},"modified":"2026-03-25T14:02:32","modified_gmt":"2026-03-25T17:02:32","slug":"ser-o-no-ser-cuando-el-uso-de-la-computadora-define-el-impuesto-a-pagar","status":"publish","type":"page","link":"https:\/\/bergsteinlaw.com\/en\/ser-o-no-ser-cuando-el-uso-de-la-computadora-define-el-impuesto-a-pagar\/","title":{"rendered":"(Espa\u00f1ol) \u00bfSer o no ser? Cuando el uso de la computadora define el impuesto a pagar"},"content":{"rendered":"\t\t<div data-elementor-type=\"wp-page\" data-elementor-id=\"32397\" class=\"elementor elementor-32397\">\n\t\t\t\t\t\t<div class=\"elementor-inner\">\n\t\t\t\t<div class=\"elementor-section-wrap\">\n\t\t\t\t\t\t\t\t\t<section class=\"elementor-section elementor-top-section elementor-element elementor-element-7cc02b2 elementor-section-full_width elementor-section-content-middle elementor-section-stretched cyg--cabezal elementor-section-height-default elementor-section-height-default sc_fly_static\" data-id=\"7cc02b2\" data-element_type=\"section\" data-settings=\"{&quot;stretch_section&quot;:&quot;section-stretched&quot;,&quot;background_background&quot;:&quot;classic&quot;}\">\n\t\t\t\t\t\t<div class=\"elementor-container elementor-column-gap-extended\">\n\t\t\t\t\t\t\t<div class=\"elementor-row\">\n\t\t\t\t\t<div class=\"elementor-column elementor-col-100 elementor-top-column elementor-element elementor-element-e1deec3 sc_inner_width_none sc_content_align_inherit sc_layouts_column_icons_position_left sc_fly_static\" data-id=\"e1deec3\" data-element_type=\"column\">\n\t\t\t<div class=\"elementor-column-wrap elementor-element-populated\">\n\t\t\t\t\t\t\t<div class=\"elementor-widget-wrap\">\n\t\t\t\t\t\t<div class=\"elementor-element elementor-element-64e3452 sc_fly_static elementor-widget elementor-widget-text-editor\" data-id=\"64e3452\" data-element_type=\"widget\" data-widget_type=\"text-editor.default\">\n\t\t\t\t<div class=\"elementor-widget-container\">\n\t\t\t\t\t\t\t\t<div class=\"elementor-text-editor elementor-clearfix\">\n\t\t\t\t<h2>Reporte TRIBUTARIO N\u00b072<\/h2>\t\t\t\t\t<\/div>\n\t\t\t\t\t\t<\/div>\n\t\t\t\t<\/div>\n\t\t\t\t\t\t<\/div>\n\t\t\t\t\t<\/div>\n\t\t<\/div>\n\t\t\t\t\t\t\t\t<\/div>\n\t\t\t\t\t<\/div>\n\t\t<\/section>\n\t\t\t\t<section class=\"elementor-section elementor-top-section elementor-element elementor-element-03c93e1 elementor-section-boxed elementor-section-height-default elementor-section-height-default sc_fly_static\" data-id=\"03c93e1\" data-element_type=\"section\">\n\t\t\t\t\t\t<div class=\"elementor-container elementor-column-gap-extended\">\n\t\t\t\t\t\t\t<div class=\"elementor-row\">\n\t\t\t\t\t<div class=\"elementor-column elementor-col-66 elementor-top-column elementor-element elementor-element-f848534 cyg--cont-content sc_inner_width_none sc_content_align_inherit sc_layouts_column_icons_position_left sc_fly_static\" data-id=\"f848534\" data-element_type=\"column\">\n\t\t\t<div class=\"elementor-column-wrap elementor-element-populated\">\n\t\t\t\t\t\t\t<div class=\"elementor-widget-wrap\">\n\t\t\t\t\t\t<div class=\"elementor-element elementor-element-4ad6161 sc_fly_static elementor-widget elementor-widget-heading\" data-id=\"4ad6161\" data-element_type=\"widget\" data-widget_type=\"heading.default\">\n\t\t\t\t<div class=\"elementor-widget-container\">\n\t\t\t<h1 class=\"elementor-heading-title elementor-size-large\">Consulta N\u00b0 6.740\n\u00bfSer o no ser? Cuando el uso de la computadora define el impuesto a pagar<\/h1>\t\t<\/div>\n\t\t\t\t<\/div>\n\t\t\t\t<div class=\"elementor-element elementor-element-826ca0a elementor-widget__width-initial sc_fly_static elementor-widget elementor-widget-text-editor\" data-id=\"826ca0a\" data-element_type=\"widget\" data-widget_type=\"text-editor.default\">\n\t\t\t\t<div class=\"elementor-widget-container\">\n\t\t\t\t\t\t\t\t<div class=\"elementor-text-editor elementor-clearfix\">\n\t\t\t\t\t\t\t\t\t<\/div>\n\t\t\t\t\t\t<\/div>\n\t\t\t\t<\/div>\n\t\t\t\t<div class=\"elementor-element elementor-element-81aef55 elementor-widget__width-initial sc_fly_static elementor-widget elementor-widget-text-editor\" data-id=\"81aef55\" data-element_type=\"widget\" data-widget_type=\"text-editor.default\">\n\t\t\t\t<div class=\"elementor-widget-container\">\n\t\t\t\t\t\t\t\t<div class=\"elementor-text-editor elementor-clearfix\">\n\t\t\t\t<p>Desentra\u00f1ar cu\u00e1ndo el capital no est\u00e1 activamente dirigido a la obtenci\u00f3n de la renta, sino a facilitar la actividad personal del titular de los bienes \u2013expresi\u00f3n que se lee en el art\u00edculo 12 litral B) del T\u00edtulo 4 del Texto Ordenado 2023 para concluir que no se configura actividad empresarial gravada por IRAE&#8211; no deja de ser una actividad sumamente azarosa.<\/p><p>De un tiempo a esta parte, en diversas consultas la DGI ha entendido que para el desarrollo de programas inform\u00e1ticos, la utilizaci\u00f3n de equipos de computaci\u00f3n propios constituye un aspecto determinante para concluir que existe utilizaci\u00f3n de capital y trabajo en forma conjunta, para la obtenci\u00f3n de la renta (Consultas N\u00ba 6356, 6703, entre otras). Misma conclusi\u00f3n tuvo en el caso de una unipersonal que elaboraba art\u00edculos para blogs con fines de posicionamiento SEO en Google (Consulta N\u00ba 6739). En esos casos, se infiere que la utilizaci\u00f3n de capital (la computadora) est\u00e1 activamente dirigida a la obtenci\u00f3n de renta.<\/p><p>Sin embargo, en el caso de servicios de dise\u00f1o gr\u00e1fico \u2013para lo cual, en el estado actual, se utiliza tambi\u00e9n una computadora como herramienta&#8211;, la Administraci\u00f3n ha entendido que no se generan rentas de naturaleza empresarial, pues dicha actividad involucra un proceso de imaginaci\u00f3n y creaci\u00f3n intelectual, predominando el factor trabajo (Consulta N\u00ba 6550).<\/p><p>Esta introducci\u00f3n viene a cuento porque en la reciente Consulta N\u00ba 6740, la DGI tuvo que expedirse en un caso planteado por una empresa unipersonal que prestaba servicios de consultor\u00eda empresarial, los cuales en algunos casos pod\u00edan comprender la implementaci\u00f3n de soluciones inform\u00e1ticas. En concreto, las tareas pod\u00edan consistir en el an\u00e1lisis del estado de situaci\u00f3n actual del negocio, el relevamiento de procesos, recursos y herramientas existentes, y, en base a este diagn\u00f3stico, la elaboraci\u00f3n de un plan de acci\u00f3n. Este plan puede contemplar: dise\u00f1o de procesos, capacitaci\u00f3n de personal, reuniones con proveedores, implementaci\u00f3n de soluciones inform\u00e1ticas, formaci\u00f3n de mandos medios y an\u00e1lisis de datos, entre otros.<\/p><p>Para desarrollar las tareas indicadas, la unipersonal utiliza equipos inform\u00e1ticos propios y no contrata personal dependiente; eventualmente pueden tercerizar tareas espec\u00edficas con proveedores externos independientes.<\/p><p>En lo que interesa a los efectos de esta nota, la empresa unipersonal consult\u00f3 si la renta derivada de su actividad se encontraba gravada por el Impuesto a la Renta de las Personas F\u00edsicas (\u201cIRPF\u201d) o por el Impuesto a las Rentas de las Actividades Empresariales (\u201cIRAE\u201d).<\/p><p>La DGI entendi\u00f3 que para las tareas como la implementaci\u00f3n de soluciones inform\u00e1ticas el uso del equipo resulta determinante para obtener la renta. Por lo que, salvo que el equipo fuera aportado por el cliente de la unipersonal, la renta ser\u00eda de car\u00e1cter empresarial.<\/p><p>La misma soluci\u00f3n aplicar\u00e1 para las dem\u00e1s actividades desarrolladas por la unipersonal que requieren la contrataci\u00f3n de proveedores externos independientes, porque en esos casos, la unipersonal tambi\u00e9n se encuentra intermediando en la prestaci\u00f3n de servicios.<\/p><p>En los casos en que la unipersonal realiza \u00fanicamente an\u00e1lisis de la situaci\u00f3n del negocio, dise\u00f1o de un plan de acci\u00f3n y actividades de capacitaci\u00f3n y formaci\u00f3n, sin realizar implantaci\u00f3n de soluciones inform\u00e1ticas, la DGI entendi\u00f3 que el equipo inform\u00e1tico solamente facilita la actividad personal del titular. Por lo que en ese caso las rentas obtenidas se consideran puras de trabajo, alcanzadas por el IRPF.<\/p>\t\t\t\t\t<\/div>\n\t\t\t\t\t\t<\/div>\n\t\t\t\t<\/div>\n\t\t\t\t\t\t<\/div>\n\t\t\t\t\t<\/div>\n\t\t<\/div>\n\t\t\t\t<div class=\"elementor-column elementor-col-33 elementor-top-column elementor-element elementor-element-46bd75e cyg--sidebar sc_inner_width_none sc_content_align_inherit sc_layouts_column_icons_position_left sc_fly_static\" data-id=\"46bd75e\" data-element_type=\"column\">\n\t\t\t<div class=\"elementor-column-wrap elementor-element-populated\">\n\t\t\t\t\t\t\t<div class=\"elementor-widget-wrap\">\n\t\t\t\t\t\t<div class=\"elementor-element elementor-element-b4ea192 sc_fly_static elementor-widget elementor-widget-text-editor\" data-id=\"b4ea192\" data-element_type=\"widget\" data-widget_type=\"text-editor.default\">\n\t\t\t\t<div class=\"elementor-widget-container\">\n\t\t\t\t\t\t\t\t<div class=\"elementor-text-editor elementor-clearfix\">\n\t\t\t\t<h5>Need more information?<\/h5><h6>CONTACT US<\/h6>\t\t\t\t\t<\/div>\n\t\t\t\t\t\t<\/div>\n\t\t\t\t<\/div>\n\t\t\t\t<div class=\"elementor-element elementor-element-d3bdebb sc_fly_static elementor-widget elementor-widget-shortcode\" data-id=\"d3bdebb\" data-element_type=\"widget\" data-widget_type=\"shortcode.default\">\n\t\t\t\t<div class=\"elementor-widget-container\">\n\t\t\t\t\t<div class=\"elementor-shortcode\">\n<div class=\"wpcf7 no-js\" id=\"wpcf7-f5597-o1\" lang=\"en-US\" dir=\"ltr\">\n<div class=\"screen-reader-response\"><p role=\"status\" aria-live=\"polite\" aria-atomic=\"true\"><\/p> <ul><\/ul><\/div>\n<form action=\"\/en\/wp-json\/wp\/v2\/pages\/32397#wpcf7-f5597-o1\" method=\"post\" class=\"wpcf7-form init\" aria-label=\"Contact form\" novalidate=\"novalidate\" data-status=\"init\">\n<div style=\"display: none;\">\n<input type=\"hidden\" name=\"_wpcf7\" value=\"5597\" \/>\n<input type=\"hidden\" name=\"_wpcf7_version\" value=\"5.8.3\" \/>\n<input type=\"hidden\" name=\"_wpcf7_locale\" value=\"en_US\" \/>\n<input type=\"hidden\" name=\"_wpcf7_unit_tag\" value=\"wpcf7-f5597-o1\" \/>\n<input type=\"hidden\" name=\"_wpcf7_container_post\" value=\"0\" \/>\n<input type=\"hidden\" name=\"_wpcf7_posted_data_hash\" value=\"\" \/>\n<\/div>\n<p><span class=\"wpcf7-form-control-wrap\" data-name=\"nombre\"><input size=\"40\" class=\"wpcf7-form-control wpcf7-text wpcf7-validates-as-required\" aria-required=\"true\" aria-invalid=\"false\" placeholder=\"Name\" value=\"\" type=\"text\" name=\"nombre\" \/><\/span><br \/>\n<span class=\"wpcf7-form-control-wrap\" data-name=\"correo\"><input size=\"40\" class=\"wpcf7-form-control wpcf7-email wpcf7-validates-as-required wpcf7-text wpcf7-validates-as-email\" aria-required=\"true\" aria-invalid=\"false\" placeholder=\"E-mail\" value=\"\" type=\"email\" name=\"correo\" \/><\/span><br \/>\n<span class=\"wpcf7-form-control-wrap\" data-name=\"msj\"><textarea cols=\"40\" rows=\"10\" class=\"wpcf7-form-control wpcf7-textarea\" aria-invalid=\"false\" placeholder=\"Message\" name=\"msj\"><\/textarea><\/span><br \/>\n<input class=\"wpcf7-form-control wpcf7-submit has-spinner\" id=\"submit\" type=\"submit\" value=\"Send\" \/>\n<\/p><div class=\"wpcf7-response-output\" aria-hidden=\"true\"><\/div>\n<\/form>\n<\/div>\n<\/div>\n\t\t\t\t<\/div>\n\t\t\t\t<\/div>\n\t\t\t\t\t\t<\/div>\n\t\t\t\t\t<\/div>\n\t\t<\/div>\n\t\t\t\t\t\t\t\t<\/div>\n\t\t\t\t\t<\/div>\n\t\t<\/section>\n\t\t\t\t\t\t\t\t\t<\/div>\n\t\t\t<\/div>\n\t\t\t\t\t<\/div>\n\t\t","protected":false},"excerpt":{"rendered":"<p>Reporte TRIBUTARIO N\u00b072 Consulta N\u00b0 6.740 \u00bfSer o no ser? Cuando el uso de la computadora define el impuesto a pagar Desentra\u00f1ar cu\u00e1ndo el capital no est\u00e1 activamente dirigido a&hellip;<\/p>\n","protected":false},"author":3,"featured_media":0,"parent":0,"menu_order":0,"comment_status":"closed","ping_status":"closed","template":"","meta":{"footnotes":""},"acf":[],"_links":{"self":[{"href":"https:\/\/bergsteinlaw.com\/en\/wp-json\/wp\/v2\/pages\/32397"}],"collection":[{"href":"https:\/\/bergsteinlaw.com\/en\/wp-json\/wp\/v2\/pages"}],"about":[{"href":"https:\/\/bergsteinlaw.com\/en\/wp-json\/wp\/v2\/types\/page"}],"author":[{"embeddable":true,"href":"https:\/\/bergsteinlaw.com\/en\/wp-json\/wp\/v2\/users\/3"}],"replies":[{"embeddable":true,"href":"https:\/\/bergsteinlaw.com\/en\/wp-json\/wp\/v2\/comments?post=32397"}],"version-history":[{"count":5,"href":"https:\/\/bergsteinlaw.com\/en\/wp-json\/wp\/v2\/pages\/32397\/revisions"}],"predecessor-version":[{"id":32402,"href":"https:\/\/bergsteinlaw.com\/en\/wp-json\/wp\/v2\/pages\/32397\/revisions\/32402"}],"wp:attachment":[{"href":"https:\/\/bergsteinlaw.com\/en\/wp-json\/wp\/v2\/media?parent=32397"}],"curies":[{"name":"wp","href":"https:\/\/api.w.org\/{rel}","templated":true}]}}