{"id":32406,"date":"2026-03-25T14:08:50","date_gmt":"2026-03-25T17:08:50","guid":{"rendered":"https:\/\/bergsteinlaw.com\/?page_id=32406"},"modified":"2026-03-25T14:11:37","modified_gmt":"2026-03-25T17:11:37","slug":"dgi-define-tratamiento-tributario-aplicable-a-la-actividad-de-remolque-portuario-exoneracion-de-irae-y-posible-asimilacion-a-exportacion-en-iva","status":"publish","type":"page","link":"https:\/\/bergsteinlaw.com\/en\/dgi-define-tratamiento-tributario-aplicable-a-la-actividad-de-remolque-portuario-exoneracion-de-irae-y-posible-asimilacion-a-exportacion-en-iva\/","title":{"rendered":"(Espa\u00f1ol) DGI define tratamiento tributario aplicable a la actividad de remolque portuario: exoneraci\u00f3n de IRAE y posible asimilaci\u00f3n a exportaci\u00f3n en IVA"},"content":{"rendered":"\t\t<div data-elementor-type=\"wp-page\" data-elementor-id=\"32406\" class=\"elementor elementor-32406\">\n\t\t\t\t\t\t<div class=\"elementor-inner\">\n\t\t\t\t<div class=\"elementor-section-wrap\">\n\t\t\t\t\t\t\t\t\t<section class=\"elementor-section elementor-top-section elementor-element elementor-element-7cc02b2 elementor-section-full_width elementor-section-content-middle elementor-section-stretched cyg--cabezal elementor-section-height-default elementor-section-height-default sc_fly_static\" data-id=\"7cc02b2\" data-element_type=\"section\" data-settings=\"{&quot;stretch_section&quot;:&quot;section-stretched&quot;,&quot;background_background&quot;:&quot;classic&quot;}\">\n\t\t\t\t\t\t<div class=\"elementor-container elementor-column-gap-extended\">\n\t\t\t\t\t\t\t<div class=\"elementor-row\">\n\t\t\t\t\t<div class=\"elementor-column elementor-col-100 elementor-top-column elementor-element elementor-element-e1deec3 sc_inner_width_none sc_content_align_inherit sc_layouts_column_icons_position_left sc_fly_static\" data-id=\"e1deec3\" data-element_type=\"column\">\n\t\t\t<div class=\"elementor-column-wrap elementor-element-populated\">\n\t\t\t\t\t\t\t<div class=\"elementor-widget-wrap\">\n\t\t\t\t\t\t<div class=\"elementor-element elementor-element-64e3452 sc_fly_static elementor-widget elementor-widget-text-editor\" data-id=\"64e3452\" data-element_type=\"widget\" data-widget_type=\"text-editor.default\">\n\t\t\t\t<div class=\"elementor-widget-container\">\n\t\t\t\t\t\t\t\t<div class=\"elementor-text-editor elementor-clearfix\">\n\t\t\t\t<h2>Reporte TRIBUTARIO N\u00b072<\/h2>\t\t\t\t\t<\/div>\n\t\t\t\t\t\t<\/div>\n\t\t\t\t<\/div>\n\t\t\t\t\t\t<\/div>\n\t\t\t\t\t<\/div>\n\t\t<\/div>\n\t\t\t\t\t\t\t\t<\/div>\n\t\t\t\t\t<\/div>\n\t\t<\/section>\n\t\t\t\t<section class=\"elementor-section elementor-top-section elementor-element elementor-element-03c93e1 elementor-section-boxed elementor-section-height-default elementor-section-height-default sc_fly_static\" data-id=\"03c93e1\" data-element_type=\"section\">\n\t\t\t\t\t\t<div class=\"elementor-container elementor-column-gap-extended\">\n\t\t\t\t\t\t\t<div class=\"elementor-row\">\n\t\t\t\t\t<div class=\"elementor-column elementor-col-66 elementor-top-column elementor-element elementor-element-f848534 cyg--cont-content sc_inner_width_none sc_content_align_inherit sc_layouts_column_icons_position_left sc_fly_static\" data-id=\"f848534\" data-element_type=\"column\">\n\t\t\t<div class=\"elementor-column-wrap elementor-element-populated\">\n\t\t\t\t\t\t\t<div class=\"elementor-widget-wrap\">\n\t\t\t\t\t\t<div class=\"elementor-element elementor-element-4ad6161 sc_fly_static elementor-widget elementor-widget-heading\" data-id=\"4ad6161\" data-element_type=\"widget\" data-widget_type=\"heading.default\">\n\t\t\t\t<div class=\"elementor-widget-container\">\n\t\t\t<h1 class=\"elementor-heading-title elementor-size-large\">Consulta N\u00b0 6.630\nDGI define tratamiento tributario aplicable a la actividad de remolque portuario:\nexoneraci\u00f3n de IRAE y posible asimilaci\u00f3n a exportaci\u00f3n en IVA<\/h1>\t\t<\/div>\n\t\t\t\t<\/div>\n\t\t\t\t<div class=\"elementor-element elementor-element-826ca0a elementor-widget__width-initial sc_fly_static elementor-widget elementor-widget-text-editor\" data-id=\"826ca0a\" data-element_type=\"widget\" data-widget_type=\"text-editor.default\">\n\t\t\t\t<div class=\"elementor-widget-container\">\n\t\t\t\t\t\t\t\t<div class=\"elementor-text-editor elementor-clearfix\">\n\t\t\t\t\t\t\t\t\t<\/div>\n\t\t\t\t\t\t<\/div>\n\t\t\t\t<\/div>\n\t\t\t\t<div class=\"elementor-element elementor-element-81aef55 elementor-widget__width-initial sc_fly_static elementor-widget elementor-widget-text-editor\" data-id=\"81aef55\" data-element_type=\"widget\" data-widget_type=\"text-editor.default\">\n\t\t\t\t<div class=\"elementor-widget-container\">\n\t\t\t\t\t\t\t\t<div class=\"elementor-text-editor elementor-clearfix\">\n\t\t\t\t<p>El dictamen emitido por la DGI en respuesta a la Consulta N\u00ba 6630 analiz\u00f3 el tratamiento tributario aplicable a los servicios de remolque prestados dentro del Puerto de Montevideo por una sociedad an\u00f3nima inscripta como agente de transporte mar\u00edtimo.<\/p><p>El dictamen analiza dos aspectos centrales: la gravabilidad a los efectos del Impuesto a las Rentas de las Actividades Econ\u00f3micas (IRAE) y la eventual consideraci\u00f3n de estos servicios como exportaciones a efectos del Impuesto al Valor Agregado (IVA).<\/p><p><strong>\u00bfAgente mar\u00edtimo o compa\u00f1\u00eda de navegaci\u00f3n?<\/strong><\/p><p>La empresa consultante proyecta adquirir un buque remolcador para asistir a terceros en maniobras de atraque, desatraque, reviro y asistencia ante condiciones adversas dentro del puerto.<\/p><p>En primer t\u00e9rmino, la DGI recuerda la definici\u00f3n de agente mar\u00edtimo, contenida en el art\u00edculo 32 del C\u00f3digo Aduanero, que circunscribe esa figura a gestiones vinculadas con la entrada, permanencia y salida de medios de transporte y operaciones de carga y descarga.<\/p><p>La Administraci\u00f3n concluye que los servicios de remolque no encuadran dentro de esa definici\u00f3n. Por tanto, corresponde analizar si la actividad configura una empresa de navegaci\u00f3n mar\u00edtima.<\/p><p><strong>Remolque como actividad de navegaci\u00f3n<\/strong><\/p><p>El dictamen repasa algunos antecedentes administrativos (Consultas N\u00ba 3657, 3853, 4700 y 5264) en los que la DGI adopt\u00f3 un determinado criterio para caracterizar a las compa\u00f1\u00edas de navegaci\u00f3n mar\u00edtima, enfatizando que la exoneraci\u00f3n alcanza las rentas derivadas de actividades t\u00edpicas de esa categor\u00eda de empresas.<\/p><p>La navegaci\u00f3n mar\u00edtima es definida, en t\u00e9rminos generales, como el traslado de personas o bienes de un punto a otro. Sobre esa base, la DGI entiende que el remolque &#8211;esto es, llevar una embarcaci\u00f3n tirando de ella mediante cabo o cuerda&#8211; implica una forma de conducci\u00f3n y traslado en el \u00e1mbito acu\u00e1tico.<\/p><p>En consecuencia, las rentas derivadas de las actividades de remolque propiamente dichas configuran rentas de una compa\u00f1\u00eda de navegaci\u00f3n mar\u00edtima.<\/p><p><strong>Exoneraci\u00f3n de IRAE<\/strong><\/p><p>Con esa calificaci\u00f3n, la Administraci\u00f3n concluye que las rentas estar\u00edan exoneradas del IRAE en aplicaci\u00f3n del art\u00edculo 66 del T\u00edtulo 4 del Texto Ordenado de la DGI, que establece la exenci\u00f3n para compa\u00f1\u00edas de navegaci\u00f3n mar\u00edtima y\/o a\u00e9rea.<\/p><p>La norma dispone que estar\u00e1n exentas las rentas correspondientes a dichas compa\u00f1\u00edas, bajo condici\u00f3n de reciprocidad cuando se trate de compa\u00f1\u00edas extranjeras.<\/p><p>En el caso consultado &#8211;empresa uruguaya operando en el Puerto de Montevideo&#8211; la exoneraci\u00f3n resulta plenamente aplicable respecto de las rentas generadas por el servicio de remolque.<\/p><p><strong>Tratamiento en materia de IVA: \u00bfexportaci\u00f3n de servicio?<\/strong><\/p><p>En cuanto al IVA, el an\u00e1lisis se centra en el numeral 7 del art\u00edculo 34 del Decreto N\u00ba 220\/998, que considera exportaciones determinados servicios prestados exclusivamente en:<\/p><p>\u00b7 recintos aduaneros,<\/p><p>\u00b7 recintos aduaneros portuarios,<\/p><p>\u00b7 zonas francas.<\/p><p>La condici\u00f3n esencial es que el servicio deba prestarse necesaria y exclusivamente dentro de dichas \u00e1reas.<\/p><p>Por tanto, si los servicios de remolque cumplen con ese requisito espacial &#8211;es decir, se desarrollan exclusivamente dentro del recinto aduanero portuario&#8211; podr\u00e1n considerarse exportaciones a efectos del IVA, accediendo al r\u00e9gimen correspondiente (tasa cero y derecho a cr\u00e9dito fiscal).<\/p><p><strong>Impacto pr\u00e1ctico<\/strong><\/p><p>El dictamen reviste particular relevancia para operadores portuarios y empresas vinculadas a servicios auxiliares de la navegaci\u00f3n.<\/p><p>Por un lado, confirma que la actividad de remolque puede encuadrar dentro del concepto de navegaci\u00f3n mar\u00edtima, accediendo a la exoneraci\u00f3n de IRAE. Por otro, abre la posibilidad de su tratamiento como exportaci\u00f3n a los efectos del IVA, siempre que se cumpla estrictamente con el requisito territorial<\/p>\t\t\t\t\t<\/div>\n\t\t\t\t\t\t<\/div>\n\t\t\t\t<\/div>\n\t\t\t\t\t\t<\/div>\n\t\t\t\t\t<\/div>\n\t\t<\/div>\n\t\t\t\t<div class=\"elementor-column elementor-col-33 elementor-top-column elementor-element elementor-element-46bd75e cyg--sidebar sc_inner_width_none sc_content_align_inherit sc_layouts_column_icons_position_left sc_fly_static\" data-id=\"46bd75e\" data-element_type=\"column\">\n\t\t\t<div class=\"elementor-column-wrap elementor-element-populated\">\n\t\t\t\t\t\t\t<div class=\"elementor-widget-wrap\">\n\t\t\t\t\t\t<div class=\"elementor-element elementor-element-b4ea192 sc_fly_static elementor-widget elementor-widget-text-editor\" data-id=\"b4ea192\" data-element_type=\"widget\" data-widget_type=\"text-editor.default\">\n\t\t\t\t<div class=\"elementor-widget-container\">\n\t\t\t\t\t\t\t\t<div class=\"elementor-text-editor elementor-clearfix\">\n\t\t\t\t<h5>Need more information?<\/h5><h6>CONTACT US<\/h6>\t\t\t\t\t<\/div>\n\t\t\t\t\t\t<\/div>\n\t\t\t\t<\/div>\n\t\t\t\t<div class=\"elementor-element elementor-element-d3bdebb sc_fly_static elementor-widget elementor-widget-shortcode\" data-id=\"d3bdebb\" data-element_type=\"widget\" data-widget_type=\"shortcode.default\">\n\t\t\t\t<div class=\"elementor-widget-container\">\n\t\t\t\t\t<div class=\"elementor-shortcode\">\n<div class=\"wpcf7 no-js\" id=\"wpcf7-f5597-o1\" lang=\"en-US\" dir=\"ltr\">\n<div class=\"screen-reader-response\"><p role=\"status\" aria-live=\"polite\" aria-atomic=\"true\"><\/p> <ul><\/ul><\/div>\n<form action=\"\/en\/wp-json\/wp\/v2\/pages\/32406#wpcf7-f5597-o1\" method=\"post\" class=\"wpcf7-form init\" aria-label=\"Contact form\" novalidate=\"novalidate\" data-status=\"init\">\n<div style=\"display: none;\">\n<input type=\"hidden\" name=\"_wpcf7\" value=\"5597\" \/>\n<input type=\"hidden\" name=\"_wpcf7_version\" value=\"5.8.3\" \/>\n<input type=\"hidden\" name=\"_wpcf7_locale\" value=\"en_US\" \/>\n<input type=\"hidden\" name=\"_wpcf7_unit_tag\" value=\"wpcf7-f5597-o1\" \/>\n<input type=\"hidden\" name=\"_wpcf7_container_post\" value=\"0\" \/>\n<input type=\"hidden\" name=\"_wpcf7_posted_data_hash\" value=\"\" \/>\n<\/div>\n<p><span class=\"wpcf7-form-control-wrap\" data-name=\"nombre\"><input size=\"40\" class=\"wpcf7-form-control wpcf7-text wpcf7-validates-as-required\" aria-required=\"true\" aria-invalid=\"false\" placeholder=\"Name\" value=\"\" type=\"text\" name=\"nombre\" \/><\/span><br \/>\n<span class=\"wpcf7-form-control-wrap\" data-name=\"correo\"><input size=\"40\" class=\"wpcf7-form-control wpcf7-email wpcf7-validates-as-required wpcf7-text wpcf7-validates-as-email\" aria-required=\"true\" aria-invalid=\"false\" placeholder=\"E-mail\" value=\"\" type=\"email\" name=\"correo\" \/><\/span><br \/>\n<span class=\"wpcf7-form-control-wrap\" data-name=\"msj\"><textarea cols=\"40\" rows=\"10\" class=\"wpcf7-form-control wpcf7-textarea\" aria-invalid=\"false\" placeholder=\"Message\" name=\"msj\"><\/textarea><\/span><br \/>\n<input class=\"wpcf7-form-control wpcf7-submit has-spinner\" id=\"submit\" type=\"submit\" value=\"Send\" \/>\n<\/p><div class=\"wpcf7-response-output\" aria-hidden=\"true\"><\/div>\n<\/form>\n<\/div>\n<\/div>\n\t\t\t\t<\/div>\n\t\t\t\t<\/div>\n\t\t\t\t\t\t<\/div>\n\t\t\t\t\t<\/div>\n\t\t<\/div>\n\t\t\t\t\t\t\t\t<\/div>\n\t\t\t\t\t<\/div>\n\t\t<\/section>\n\t\t\t\t\t\t\t\t\t<\/div>\n\t\t\t<\/div>\n\t\t\t\t\t<\/div>\n\t\t","protected":false},"excerpt":{"rendered":"<p>Reporte TRIBUTARIO N\u00b072 Consulta N\u00b0 6.630 DGI define tratamiento tributario aplicable a la actividad de remolque portuario: exoneraci\u00f3n de IRAE y posible asimilaci\u00f3n a exportaci\u00f3n en IVA El dictamen emitido&hellip;<\/p>\n","protected":false},"author":3,"featured_media":0,"parent":0,"menu_order":0,"comment_status":"closed","ping_status":"closed","template":"","meta":{"footnotes":""},"acf":[],"_links":{"self":[{"href":"https:\/\/bergsteinlaw.com\/en\/wp-json\/wp\/v2\/pages\/32406"}],"collection":[{"href":"https:\/\/bergsteinlaw.com\/en\/wp-json\/wp\/v2\/pages"}],"about":[{"href":"https:\/\/bergsteinlaw.com\/en\/wp-json\/wp\/v2\/types\/page"}],"author":[{"embeddable":true,"href":"https:\/\/bergsteinlaw.com\/en\/wp-json\/wp\/v2\/users\/3"}],"replies":[{"embeddable":true,"href":"https:\/\/bergsteinlaw.com\/en\/wp-json\/wp\/v2\/comments?post=32406"}],"version-history":[{"count":8,"href":"https:\/\/bergsteinlaw.com\/en\/wp-json\/wp\/v2\/pages\/32406\/revisions"}],"predecessor-version":[{"id":32414,"href":"https:\/\/bergsteinlaw.com\/en\/wp-json\/wp\/v2\/pages\/32406\/revisions\/32414"}],"wp:attachment":[{"href":"https:\/\/bergsteinlaw.com\/en\/wp-json\/wp\/v2\/media?parent=32406"}],"curies":[{"name":"wp","href":"https:\/\/api.w.org\/{rel}","templated":true}]}}